{"id":71630,"date":"2023-05-24T17:56:20","date_gmt":"2023-05-24T17:56:20","guid":{"rendered":"https:\/\/skinstudio.ee\/?post_type=product&#038;p=71630"},"modified":"2026-04-03T09:35:21","modified_gmt":"2026-04-03T09:35:21","slug":"multi-functional-cream","status":"publish","type":"product","link":"https:\/\/skinstudio.ee\/lv\/catalog\/genosys-lv\/multi-functional-cream\/","title":{"rendered":"Multi Functional Cream"},"content":{"rendered":"<p data-start=\"120\" data-end=\"389\"><strong data-start=\"120\" data-end=\"157\">Multi Functional Cream no Genosys<\/strong> ir daudzfunkcion\u0101ls pretnoveco\u0161an\u0101s kr\u0113ms, kas paredz\u0113ts visaptvero\u0161ai \u0101das kvalit\u0101tes uzlabo\u0161anai. Kr\u0113ms pal\u012bdz izl\u012bdzin\u0101t grumbas, vien\u0101dot \u0101das toni un atbalsta atjauno\u0161an\u0101s procesus, padarot \u0101du tvirt\u0101ku, elast\u012bg\u0101ku un kopt\u0101ku.<\/p>\n<p data-start=\"391\" data-end=\"607\">Formula veicina \u0101tr\u0101ku audu re\u0123ener\u0101ciju, stiprina \u0101das strukt\u016bru un pal\u012bdz atjaunot elast\u012bbu. T\u0101s izgaismojo\u0161\u0101 iedarb\u012bba pal\u012bdz ieg\u016bt vienm\u0113r\u012bg\u0101ku un svaig\u0101ku sejas toni, samazinot pigment\u0101cijas un noguruma paz\u012bmes.<\/p>\n<p data-start=\"609\" data-end=\"638\">Galven\u0101s akt\u012bv\u0101s sast\u0101vda\u013cas:<\/p>\n<ul data-start=\"639\" data-end=\"1029\">\n<li data-start=\"639\" data-end=\"711\">\n<p data-start=\"641\" data-end=\"711\"><strong data-start=\"641\" data-end=\"662\">Pept\u012bdu komplekss<\/strong> \u2013 stimul\u0113 \u0101das atjauno\u0161anos un uztur tvirtumu.<\/p>\n<\/li>\n<li data-start=\"712\" data-end=\"796\">\n<p data-start=\"714\" data-end=\"796\"><strong data-start=\"714\" data-end=\"742\">Izgaismojo\u0161ie komponenti<\/strong> \u2013 pal\u012bdz vien\u0101dot \u0101das toni un uzlabot sejas kr\u0101su.<\/p>\n<\/li>\n<li data-start=\"797\" data-end=\"879\">\n<p data-start=\"799\" data-end=\"879\"><strong data-start=\"799\" data-end=\"825\">Re\u0123ener\u0113jo\u0161s komplekss<\/strong> \u2013 pa\u0101trina \u0101das atjauno\u0161anos un stiprina strukt\u016bru.<\/p>\n<\/li>\n<li data-start=\"880\" data-end=\"942\">\n<p data-start=\"882\" data-end=\"942\"><strong data-start=\"882\" data-end=\"907\">Mitrino\u0161ie komponenti<\/strong> \u2013 uztur optim\u0101lu mitruma l\u012bmeni.<\/p>\n<\/li>\n<li data-start=\"943\" data-end=\"1029\">\n<p data-start=\"945\" data-end=\"1029\"><strong data-start=\"945\" data-end=\"979\">Pretnoveco\u0161an\u0101s akt\u012bv\u0101s vielas<\/strong> \u2013 pal\u012bdz samazin\u0101t grumbu un noveco\u0161an\u0101s paz\u012bmes.<\/p>\n<\/li>\n<\/ul>\n<p data-start=\"1031\" data-end=\"1148\">Piem\u0113rots visiem \u0101das tipiem, tostarp \u0101dai ar redzam\u0101m noveco\u0161an\u0101s paz\u012bm\u0113m, nevienm\u0113r\u012bgu toni un samazin\u0101tu elast\u012bbu.<\/p>\n<p data-start=\"1150\" data-end=\"1168\"><strong data-start=\"1150\" data-end=\"1162\">Tilpums:<\/strong> 50 ml<\/p>\n<p>&nbsp;<\/p>\n","protected":false},"excerpt":{"rendered":"<p data-start=\"1318\" data-end=\"1350\">Intens\u012bvs daudzfunkcion\u0101ls kr\u0113ms<\/p>\n<h2 data-start=\"1352\" data-end=\"1397\"><strong data-start=\"1352\" data-end=\"1397\">\u012apa\u0161\u012bbas GENOSYS &#8211; Multi Functional Cream<\/strong><\/h2>\n<p data-start=\"1399\" data-end=\"1600\">\u2714\ufe0f Izl\u012bdzina grumbas un uzlabo tekst\u016bru<br data-start=\"1438\" data-end=\"1441\" \/>\u2714\ufe0f Vien\u0101do un izgaismo \u0101das toni<br data-start=\"1473\" data-end=\"1476\" \/>\u2714\ufe0f Stimul\u0113 \u0101das re\u0123ener\u0101ciju un atjauno\u0161anos<br data-start=\"1520\" data-end=\"1523\" \/>\u2714\ufe0f Palielina \u0101das tvirtumu un elast\u012bbu<br data-start=\"1561\" data-end=\"1564\" \/>\u2714\ufe0f Uztur optim\u0101lu \u0101das mitrin\u0101\u0161anu<\/p>\n","protected":false},"featured_media":61592,"template":"","meta":[],"pwb-brand":[1241],"product_brand":[],"product_cat":[745,737,749,739],"product_tag":[],"giftcard-category":[],"class_list":{"0":"post-71630","1":"product","2":"type-product","3":"status-publish","4":"has-post-thumbnail","6":"pwb-brand-genosys-lv","7":"product_cat-jutigai-adai","8":"product_cat-mitrinasana","9":"product_cat-novecojosa-ada","10":"product_cat-sausai-adai","12":"first","13":"instock","14":"taxable","15":"shipping-taxable","16":"purchasable","17":"product-type-simple"},"acf":[],"brands":[{"id":1241,"name":"Genosys","slug":"genosys-lv"}],"_links":{"self":[{"href":"https:\/\/skinstudio.ee\/lv\/wp-json\/wp\/v2\/product\/71630","targetHints":{"allow":["GET"]}}],"collection":[{"href":"https:\/\/skinstudio.ee\/lv\/wp-json\/wp\/v2\/product"}],"about":[{"href":"https:\/\/skinstudio.ee\/lv\/wp-json\/wp\/v2\/types\/product"}],"version-history":[{"count":1,"href":"https:\/\/skinstudio.ee\/lv\/wp-json\/wp\/v2\/product\/71630\/revisions"}],"predecessor-version":[{"id":71631,"href":"https:\/\/skinstudio.ee\/lv\/wp-json\/wp\/v2\/product\/71630\/revisions\/71631"}],"wp:featuredmedia":[{"embeddable":true,"href":"https:\/\/skinstudio.ee\/lv\/wp-json\/wp\/v2\/media\/61592"}],"wp:attachment":[{"href":"https:\/\/skinstudio.ee\/lv\/wp-json\/wp\/v2\/media?parent=71630"}],"wp:term":[{"taxonomy":"pwb-brand","embeddable":true,"href":"https:\/\/skinstudio.ee\/lv\/wp-json\/wp\/v2\/pwb-brand?post=71630"},{"taxonomy":"product_brand","embeddable":true,"href":"https:\/\/skinstudio.ee\/lv\/wp-json\/wp\/v2\/product_brand?post=71630"},{"taxonomy":"product_cat","embeddable":true,"href":"https:\/\/skinstudio.ee\/lv\/wp-json\/wp\/v2\/product_cat?post=71630"},{"taxonomy":"product_tag","embeddable":true,"href":"https:\/\/skinstudio.ee\/lv\/wp-json\/wp\/v2\/product_tag?post=71630"},{"taxonomy":"giftcard-category","embeddable":true,"href":"https:\/\/skinstudio.ee\/lv\/wp-json\/wp\/v2\/giftcard-category?post=71630"}],"curies":[{"name":"wp","href":"https:\/\/api.w.org\/{rel}","templated":true}]}}