{"id":71638,"date":"2023-05-24T17:56:20","date_gmt":"2023-05-24T17:56:20","guid":{"rendered":"https:\/\/skinstudio.ee\/?post_type=product&#038;p=71638"},"modified":"2026-04-03T09:35:21","modified_gmt":"2026-04-03T09:35:21","slug":"skin-defender-lip-eye-makeup-remover","status":"publish","type":"product","link":"https:\/\/skinstudio.ee\/lv\/catalog\/genosys-lv\/skin-defender-lip-eye-makeup-remover\/","title":{"rendered":"Skin Defender Lip &#038; Eye Makeup Remover"},"content":{"rendered":"<p data-start=\"266\" data-end=\"584\"><strong data-start=\"266\" data-end=\"319\">Skin Defender Lip &amp; Eye Makeup Remover no Genosys<\/strong> ir divf\u0101\u017eu kosm\u0113tikas no\u0146em\u0161anas l\u012bdzeklis, kas paredz\u0113ts maigai, bet efekt\u012bvai l\u016bpu un acu zonas att\u012br\u012b\u0161anai. Pirms lieto\u0161anas sakratot, e\u013c\u013cas un esences f\u0101zes sajaucas maig\u0101 emulsij\u0101, kas r\u016bp\u012bgi no\u0146em kosm\u0113tiku, neradot kairin\u0101jumu un neatst\u0101jot taukainu saj\u016btu.<\/p>\n<p data-start=\"586\" data-end=\"836\">Esences f\u0101ze ir bag\u0101tin\u0101ta ar vitam\u012bniem un stiprino\u0161iem pept\u012bdiem, kas pal\u012bdz padar\u012bt \u0101du gai\u0161\u0101ku un samazin\u0101t t\u016bsku. E\u013c\u013cas f\u0101ze ar barojo\u0161\u0101m e\u013c\u013c\u0101m, tokoferilacet\u0101tu un beta-karot\u012bnu efekt\u012bvi \u0161\u0137\u012bdina kosm\u0113tiku un nodro\u0161ina antioksidantu aizsardz\u012bbu.<\/p>\n<p data-start=\"838\" data-end=\"942\">L\u012bdzeklis no\u0146em pat notur\u012bgu kosm\u0113tiku, neiz\u017e\u0101v\u0113jot \u0101du un saglab\u0101jot komfortablu, atsvaidzin\u0101tu saj\u016btu.<\/p>\n<p data-start=\"944\" data-end=\"977\"><strong data-start=\"944\" data-end=\"977\">Galven\u0101s akt\u012bv\u0101s sast\u0101vda\u013cas:<\/strong><\/p>\n<ul data-start=\"978\" data-end=\"1288\">\n<li data-start=\"978\" data-end=\"1035\">\n<p data-start=\"980\" data-end=\"1035\"><strong data-start=\"980\" data-end=\"991\">Pept\u012bdi<\/strong> \u2013 pal\u012bdz stiprin\u0101t \u0101du un samazin\u0101t t\u016bsku<\/p>\n<\/li>\n<li data-start=\"1036\" data-end=\"1103\">\n<p data-start=\"1038\" data-end=\"1103\"><strong data-start=\"1038\" data-end=\"1060\">Vitam\u012bnu komplekss<\/strong> \u2013 atbalsta tonusu un izgaismojo\u0161u efektu<\/p>\n<\/li>\n<li data-start=\"1104\" data-end=\"1155\">\n<p data-start=\"1106\" data-end=\"1155\"><strong data-start=\"1106\" data-end=\"1124\">E\u013c\u013cu komplekss<\/strong> \u2013 efekt\u012bvi \u0161\u0137\u012bdina kosm\u0113tiku<\/p>\n<\/li>\n<li data-start=\"1156\" data-end=\"1215\">\n<p data-start=\"1158\" data-end=\"1215\"><strong data-start=\"1158\" data-end=\"1175\">Beta-karot\u012bns<\/strong> \u2013 nodro\u0161ina antioksidantu aizsardz\u012bbu<\/p>\n<\/li>\n<li data-start=\"1216\" data-end=\"1288\">\n<p data-start=\"1218\" data-end=\"1288\"><strong data-start=\"1218\" data-end=\"1252\">Tokoferols un tokoferilacet\u0101ts<\/strong> \u2013 aizsarg\u0101 pret oksidat\u012bvo stresu<\/p>\n<\/li>\n<\/ul>\n<p data-start=\"1290\" data-end=\"1399\">Piem\u0113rots jut\u012bgai l\u016bpu un acu zonas \u0101dai, k\u0101 ar\u012b ikdienas maigai kosm\u0113tikas no\u0146em\u0161anai bez taukaina atlikuma.<\/p>\n<p data-start=\"1401\" data-end=\"1420\"><strong data-start=\"1401\" data-end=\"1413\">Tilpums:<\/strong> 200 ml<\/p>\n","protected":false},"excerpt":{"rendered":"<p data-start=\"3044\" data-end=\"3071\">L\u012bdzeklis kosm\u0113tikas no\u0146em\u0161anai<\/p>\n<h2 data-start=\"1626\" data-end=\"1687\"><strong data-start=\"1626\" data-end=\"1687\">\u012apa\u0161\u012bbas Genosys &#8211; Skin Defender Lip &amp; Eye Makeup Remover<\/strong><\/h2>\n<p data-start=\"1689\" data-end=\"1894\">\u2714\ufe0f Efekt\u012bvi no\u0146em kosm\u0113tiku un net\u012brumus<br data-start=\"1729\" data-end=\"1732\" \/>\u2714\ufe0f Nodro\u0161ina antioksidantu aizsarg\u0101jo\u0161u iedarb\u012bbu<br data-start=\"1781\" data-end=\"1784\" \/>\u2714\ufe0f Pal\u012bdz mazin\u0101t t\u016bsku un nogurumu<br data-start=\"1819\" data-end=\"1822\" \/>\u2714\ufe0f Saglab\u0101 \u0101das komfortu un mitrin\u0101\u0161anu<br data-start=\"1861\" data-end=\"1864\" \/>\u2714\ufe0f Atst\u0101j \u0101du t\u012bru un svaigu<\/p>\n","protected":false},"featured_media":61551,"template":"","meta":[],"pwb-brand":[1241],"product_brand":[],"product_cat":[715,745,739],"product_tag":[],"giftcard-category":[],"class_list":{"0":"post-71638","1":"product","2":"type-product","3":"status-publish","4":"has-post-thumbnail","6":"pwb-brand-genosys-lv","7":"product_cat-attirisana","8":"product_cat-jutigai-adai","9":"product_cat-sausai-adai","11":"first","12":"instock","13":"taxable","14":"shipping-taxable","15":"purchasable","16":"product-type-simple"},"acf":[],"brands":[{"id":1241,"name":"Genosys","slug":"genosys-lv"}],"_links":{"self":[{"href":"https:\/\/skinstudio.ee\/lv\/wp-json\/wp\/v2\/product\/71638","targetHints":{"allow":["GET"]}}],"collection":[{"href":"https:\/\/skinstudio.ee\/lv\/wp-json\/wp\/v2\/product"}],"about":[{"href":"https:\/\/skinstudio.ee\/lv\/wp-json\/wp\/v2\/types\/product"}],"version-history":[{"count":2,"href":"https:\/\/skinstudio.ee\/lv\/wp-json\/wp\/v2\/product\/71638\/revisions"}],"predecessor-version":[{"id":71641,"href":"https:\/\/skinstudio.ee\/lv\/wp-json\/wp\/v2\/product\/71638\/revisions\/71641"}],"wp:featuredmedia":[{"embeddable":true,"href":"https:\/\/skinstudio.ee\/lv\/wp-json\/wp\/v2\/media\/61551"}],"wp:attachment":[{"href":"https:\/\/skinstudio.ee\/lv\/wp-json\/wp\/v2\/media?parent=71638"}],"wp:term":[{"taxonomy":"pwb-brand","embeddable":true,"href":"https:\/\/skinstudio.ee\/lv\/wp-json\/wp\/v2\/pwb-brand?post=71638"},{"taxonomy":"product_brand","embeddable":true,"href":"https:\/\/skinstudio.ee\/lv\/wp-json\/wp\/v2\/product_brand?post=71638"},{"taxonomy":"product_cat","embeddable":true,"href":"https:\/\/skinstudio.ee\/lv\/wp-json\/wp\/v2\/product_cat?post=71638"},{"taxonomy":"product_tag","embeddable":true,"href":"https:\/\/skinstudio.ee\/lv\/wp-json\/wp\/v2\/product_tag?post=71638"},{"taxonomy":"giftcard-category","embeddable":true,"href":"https:\/\/skinstudio.ee\/lv\/wp-json\/wp\/v2\/giftcard-category?post=71638"}],"curies":[{"name":"wp","href":"https:\/\/api.w.org\/{rel}","templated":true}]}}