{"id":71649,"date":"2023-05-24T17:56:20","date_gmt":"2023-05-24T17:56:20","guid":{"rendered":"https:\/\/skinstudio.ee\/?post_type=product&#038;p=71649"},"modified":"2026-04-03T09:35:21","modified_gmt":"2026-04-03T09:35:21","slug":"intensive-blemish-balm-cream-spf30","status":"publish","type":"product","link":"https:\/\/skinstudio.ee\/lv\/catalog\/genosys-lv\/intensive-blemish-balm-cream-spf30\/","title":{"rendered":"Intensive Blemish Balm Cream SPF30"},"content":{"rendered":"<p data-start=\"94\" data-end=\"451\"><strong data-start=\"94\" data-end=\"143\">Intensive Blemish Balm Cream SPF30 no Genosys<\/strong> ir intens\u012bvs saules aizsarg\u0101jo\u0161s BB kr\u0113ms ar mat\u0113jo\u0161u un \u0101das toni kori\u0123\u0113jo\u0161u efektu, kas izstr\u0101d\u0101ts \u0101das aizsardz\u012bbai un vizu\u0101lai atjauno\u0161anai p\u0113c dermatolo\u0123isk\u0101m un est\u0113tisk\u0101m proced\u016br\u0101m. Kr\u0113ms pal\u012bdz mask\u0113t aps\u0101rtumu un nepiln\u012bbas, izl\u012bdzina \u0101das toni un pie\u0161\u0137ir dabisku, koptu izskatu bez maskas efekta.<\/p>\n<p data-start=\"453\" data-end=\"830\">Formula apvieno fiziskos un \u0137\u012bmiskos UV filtrus, nodro\u0161inot uzticamu aizsardz\u012bbu pret UVA un UVB starojumu (SPF 30) bez baltiem nos\u0113dumiem. Akt\u012bv\u0101s sast\u0101vda\u013cas nodro\u0161ina antioksidantu aizsardz\u012bbu, atbalsta \u0101das tonusu un pal\u012bdz pal\u0113nin\u0101t fotonoveco\u0161an\u0101s procesus. Viegl\u0101 tekst\u016bra komfortabli kl\u0101jas uz \u0101das, piel\u0101gojas dabiskajam \u0101das tonim un ir piem\u0113rota ikdienas lieto\u0161anai.<\/p>\n<p data-start=\"832\" data-end=\"865\"><strong data-start=\"832\" data-end=\"865\">Galven\u0101s akt\u012bv\u0101s sast\u0101vda\u013cas:<\/strong><\/p>\n<ul data-start=\"866\" data-end=\"1148\">\n<li data-start=\"866\" data-end=\"939\">\n<p data-start=\"868\" data-end=\"939\"><strong data-start=\"868\" data-end=\"900\">Tit\u0101na dioks\u012bds un UV filtri<\/strong> \u2013 aizsarg\u0101 pret UVA un UVB starojumu<\/p>\n<\/li>\n<li data-start=\"940\" data-end=\"986\">\n<p data-start=\"942\" data-end=\"986\"><strong data-start=\"942\" data-end=\"954\">Arbut\u012bns<\/strong> \u2013 pal\u012bdz izl\u012bdzin\u0101t \u0101das toni<\/p>\n<\/li>\n<li data-start=\"987\" data-end=\"1039\">\n<p data-start=\"989\" data-end=\"1039\"><strong data-start=\"989\" data-end=\"1002\">Adenoz\u012bns<\/strong> \u2013 atbalsta pretnoveco\u0161an\u0101s kop\u0161anu<\/p>\n<\/li>\n<li data-start=\"1040\" data-end=\"1096\">\n<p data-start=\"1042\" data-end=\"1096\"><strong data-start=\"1042\" data-end=\"1056\">Allanto\u012bns<\/strong> \u2013 nomierina \u0101du un mazina diskomfortu<\/p>\n<\/li>\n<li data-start=\"1097\" data-end=\"1148\">\n<p data-start=\"1099\" data-end=\"1148\"><strong data-start=\"1099\" data-end=\"1117\">Augu ekstrakti<\/strong> \u2013 atbalsta \u0101das atjauno\u0161anos<\/p>\n<\/li>\n<\/ul>\n<p data-start=\"1150\" data-end=\"1269\">Piem\u0113rots visiem \u0101das tipiem, \u012bpa\u0161i p\u0113c proced\u016br\u0101m, k\u0101 ar\u012b ikdienas saules aizsardz\u012bbai ar \u0101das toni kori\u0123\u0113jo\u0161u efektu.<\/p>\n<p data-start=\"1271\" data-end=\"1289\"><strong data-start=\"1271\" data-end=\"1283\">Tilpums:<\/strong> 50 ml<\/p>\n","protected":false},"excerpt":{"rendered":"<p data-start=\"1486\" data-end=\"1529\">Saules aizsarg\u0101jo\u0161s mat\u0113jo\u0161s BB kr\u0113ms sejai<\/p>\n<h2 data-start=\"1531\" data-end=\"1588\"><strong data-start=\"1531\" data-end=\"1588\">\u012apa\u0161\u012bbas <\/strong><strong data-start=\"1531\" data-end=\"1588\">GENOSYS &#8211; Intensive Blemish Balm Cream SPF30<\/strong><\/h2>\n<p data-start=\"1590\" data-end=\"1802\">\u2714\ufe0f Nodro\u0161ina uzticamu aizsardz\u012bbu pret sauli<br data-start=\"1634\" data-end=\"1637\" \/>\u2714\ufe0f Izl\u012bdzina \u0101das toni un mask\u0113 aps\u0101rtumu<br data-start=\"1678\" data-end=\"1681\" \/>\u2714\ufe0f Nodro\u0161ina antioksidantu aizsardz\u012bbu<br data-start=\"1719\" data-end=\"1722\" \/>\u2714\ufe0f Atbalsta \u0101das atjauno\u0161anos p\u0113c proced\u016br\u0101m<br data-start=\"1766\" data-end=\"1769\" \/>\u2714\ufe0f Mat\u0113 \u0101du bez smaguma saj\u016btas<\/p>\n","protected":false},"featured_media":61561,"template":"","meta":[],"pwb-brand":[1241],"product_brand":[],"product_cat":[770,731],"product_tag":[],"giftcard-category":[],"class_list":{"0":"post-71649","1":"product","2":"type-product","3":"status-publish","4":"has-post-thumbnail","6":"pwb-brand-genosys-lv","7":"product_cat-grims","8":"product_cat-spf-aizsardziba","10":"first","11":"instock","12":"taxable","13":"shipping-taxable","14":"purchasable","15":"product-type-simple"},"acf":[],"brands":[{"id":1241,"name":"Genosys","slug":"genosys-lv"}],"_links":{"self":[{"href":"https:\/\/skinstudio.ee\/lv\/wp-json\/wp\/v2\/product\/71649","targetHints":{"allow":["GET"]}}],"collection":[{"href":"https:\/\/skinstudio.ee\/lv\/wp-json\/wp\/v2\/product"}],"about":[{"href":"https:\/\/skinstudio.ee\/lv\/wp-json\/wp\/v2\/types\/product"}],"version-history":[{"count":1,"href":"https:\/\/skinstudio.ee\/lv\/wp-json\/wp\/v2\/product\/71649\/revisions"}],"predecessor-version":[{"id":71650,"href":"https:\/\/skinstudio.ee\/lv\/wp-json\/wp\/v2\/product\/71649\/revisions\/71650"}],"wp:featuredmedia":[{"embeddable":true,"href":"https:\/\/skinstudio.ee\/lv\/wp-json\/wp\/v2\/media\/61561"}],"wp:attachment":[{"href":"https:\/\/skinstudio.ee\/lv\/wp-json\/wp\/v2\/media?parent=71649"}],"wp:term":[{"taxonomy":"pwb-brand","embeddable":true,"href":"https:\/\/skinstudio.ee\/lv\/wp-json\/wp\/v2\/pwb-brand?post=71649"},{"taxonomy":"product_brand","embeddable":true,"href":"https:\/\/skinstudio.ee\/lv\/wp-json\/wp\/v2\/product_brand?post=71649"},{"taxonomy":"product_cat","embeddable":true,"href":"https:\/\/skinstudio.ee\/lv\/wp-json\/wp\/v2\/product_cat?post=71649"},{"taxonomy":"product_tag","embeddable":true,"href":"https:\/\/skinstudio.ee\/lv\/wp-json\/wp\/v2\/product_tag?post=71649"},{"taxonomy":"giftcard-category","embeddable":true,"href":"https:\/\/skinstudio.ee\/lv\/wp-json\/wp\/v2\/giftcard-category?post=71649"}],"curies":[{"name":"wp","href":"https:\/\/api.w.org\/{rel}","templated":true}]}}