{"id":71657,"date":"2023-05-24T17:56:20","date_gmt":"2023-05-24T17:56:20","guid":{"rendered":"https:\/\/skinstudio.ee\/?post_type=product&#038;p=71657"},"modified":"2026-04-03T09:35:21","modified_gmt":"2026-04-03T09:35:21","slug":"snow-o2-cleanser","status":"publish","type":"product","link":"https:\/\/skinstudio.ee\/lv\/catalog\/genosys-lv\/snow-o2-cleanser\/","title":{"rendered":"Snow O2 Cleanser"},"content":{"rendered":"<p data-start=\"108\" data-end=\"367\"><strong data-start=\"108\" data-end=\"139\">Snow O2 Cleanser no Genosys<\/strong> ir sk\u0101bekli aktiviz\u0113jo\u0161s att\u012bro\u0161s gels dzi\u013cai sejas \u0101das att\u012br\u012b\u0161anai un detoksik\u0101cijai. Uzkl\u0101jot gels p\u0101rv\u0113r\u0161as akt\u012bv\u0101 sk\u0101bek\u013ca put\u0101, kas iek\u013c\u016bst por\u0101s un efekt\u012bvi no\u0146em net\u012brumus, lieko sebuma daudzumu un vielmai\u0146as atlikumus.<\/p>\n<p data-start=\"369\" data-end=\"668\">Sk\u0101bek\u013ca att\u012br\u012b\u0161ana pal\u012bdz izvad\u012bt toks\u012bnus, uzlabo mikrocirkul\u0101ciju un pie\u0161\u0137ir \u0101dai svaig\u0101ku, dz\u012bv\u012bg\u0101ku izskatu. Formula ar augu ekstraktiem nomierina \u0101du, mazina kairin\u0101jumu un saglab\u0101 komforta saj\u016btu ar\u012b ikdienas lieto\u0161anas laik\u0101. L\u012bdzeklis netraum\u0113 \u0101du un pal\u012bdz regul\u0113t tauku dziedzeru darb\u012bbu.<\/p>\n<p data-start=\"670\" data-end=\"703\"><strong data-start=\"670\" data-end=\"703\">Galven\u0101s akt\u012bv\u0101s sast\u0101vda\u013cas:<\/strong><\/p>\n<ul data-start=\"704\" data-end=\"1032\">\n<li data-start=\"704\" data-end=\"776\">\n<p data-start=\"706\" data-end=\"776\"><strong data-start=\"706\" data-end=\"728\">Akt\u012bvais sk\u0101beklis<\/strong> \u2013 nodro\u0161ina dzi\u013cu att\u012br\u012b\u0161anu un detoksik\u0101ciju<\/p>\n<\/li>\n<li data-start=\"777\" data-end=\"837\">\n<p data-start=\"779\" data-end=\"837\"><strong data-start=\"779\" data-end=\"797\">Augu ekstrakti<\/strong> \u2013 nomierina \u0101du un mazina kairin\u0101jumu<\/p>\n<\/li>\n<li data-start=\"838\" data-end=\"900\">\n<p data-start=\"840\" data-end=\"900\"><strong data-start=\"840\" data-end=\"862\">Att\u012bro\u0161s komplekss<\/strong> \u2013 pal\u012bdz izvad\u012bt net\u012brumus no por\u0101m<\/p>\n<\/li>\n<li data-start=\"901\" data-end=\"967\">\n<p data-start=\"903\" data-end=\"967\"><strong data-start=\"903\" data-end=\"935\">Sebuma regul\u0113jo\u0161i komponenti<\/strong> \u2013 normaliz\u0113 tauku izdal\u012b\u0161anos<\/p>\n<\/li>\n<li data-start=\"968\" data-end=\"1032\">\n<p data-start=\"970\" data-end=\"1032\"><strong data-start=\"970\" data-end=\"999\">Revitaliz\u0113jo\u0161i komponenti<\/strong> \u2013 atbalsta svaigu \u0101das izskatu<\/p>\n<\/li>\n<\/ul>\n<p data-start=\"1034\" data-end=\"1141\">Piem\u0113rots taukainai, kombin\u0113tai un problem\u0101tiskai \u0101dai, k\u0101 ar\u012b \u0101dai, kas pak\u013cauta apk\u0101rt\u0113j\u0101s vides stresam.<\/p>\n<p data-start=\"1143\" data-end=\"1162\"><strong data-start=\"1143\" data-end=\"1155\">Tilpums:<\/strong> 180 ml<\/p>\n","protected":false},"excerpt":{"rendered":"<p data-start=\"1486\" data-end=\"1523\">Sk\u0101bek\u013ca l\u012bdzeklis dzi\u013cai att\u012br\u012b\u0161anai<\/p>\n<h2 data-start=\"1525\" data-end=\"1564\"><strong data-start=\"1525\" data-end=\"1564\">\u012apa\u0161\u012bbas <\/strong><strong data-start=\"1525\" data-end=\"1564\">GENOSYS &#8211; Snow O2 Cleanser<\/strong><\/h2>\n<p data-start=\"1566\" data-end=\"1767\">\u2714\ufe0f Dzi\u013ci att\u012bra un detoksific\u0113 \u0101du<br data-start=\"1600\" data-end=\"1603\" \/>\u2714\ufe0f Veicina poru att\u012br\u012b\u0161anu un atv\u0113r\u0161anu<br data-start=\"1642\" data-end=\"1645\" \/>\u2714\ufe0f Izvada net\u012brumus no dzi\u013c\u0101kiem sl\u0101\u0146iem<br data-start=\"1685\" data-end=\"1688\" \/>\u2714\ufe0f Atsvaidzina un atdz\u012bvina noguru\u0161u \u0101du<br data-start=\"1728\" data-end=\"1731\" \/>\u2714\ufe0f Regul\u0113 lieko sebuma izdal\u012b\u0161anos<\/p>\n","protected":false},"featured_media":61607,"template":"","meta":[],"pwb-brand":[1241],"product_brand":[],"product_cat":[715,741,745,743,739,747],"product_tag":[],"giftcard-category":[],"class_list":{"0":"post-71657","1":"product","2":"type-product","3":"status-publish","4":"has-post-thumbnail","6":"pwb-brand-genosys-lv","7":"product_cat-attirisana","8":"product_cat-izsitumi","9":"product_cat-jutigai-adai","10":"product_cat-paplasinatas-poras","11":"product_cat-sausai-adai","12":"product_cat-taukainai-adai","14":"first","15":"instock","16":"taxable","17":"shipping-taxable","18":"purchasable","19":"product-type-simple"},"acf":[],"brands":[{"id":1241,"name":"Genosys","slug":"genosys-lv"}],"_links":{"self":[{"href":"https:\/\/skinstudio.ee\/lv\/wp-json\/wp\/v2\/product\/71657","targetHints":{"allow":["GET"]}}],"collection":[{"href":"https:\/\/skinstudio.ee\/lv\/wp-json\/wp\/v2\/product"}],"about":[{"href":"https:\/\/skinstudio.ee\/lv\/wp-json\/wp\/v2\/types\/product"}],"version-history":[{"count":1,"href":"https:\/\/skinstudio.ee\/lv\/wp-json\/wp\/v2\/product\/71657\/revisions"}],"predecessor-version":[{"id":71658,"href":"https:\/\/skinstudio.ee\/lv\/wp-json\/wp\/v2\/product\/71657\/revisions\/71658"}],"wp:featuredmedia":[{"embeddable":true,"href":"https:\/\/skinstudio.ee\/lv\/wp-json\/wp\/v2\/media\/61607"}],"wp:attachment":[{"href":"https:\/\/skinstudio.ee\/lv\/wp-json\/wp\/v2\/media?parent=71657"}],"wp:term":[{"taxonomy":"pwb-brand","embeddable":true,"href":"https:\/\/skinstudio.ee\/lv\/wp-json\/wp\/v2\/pwb-brand?post=71657"},{"taxonomy":"product_brand","embeddable":true,"href":"https:\/\/skinstudio.ee\/lv\/wp-json\/wp\/v2\/product_brand?post=71657"},{"taxonomy":"product_cat","embeddable":true,"href":"https:\/\/skinstudio.ee\/lv\/wp-json\/wp\/v2\/product_cat?post=71657"},{"taxonomy":"product_tag","embeddable":true,"href":"https:\/\/skinstudio.ee\/lv\/wp-json\/wp\/v2\/product_tag?post=71657"},{"taxonomy":"giftcard-category","embeddable":true,"href":"https:\/\/skinstudio.ee\/lv\/wp-json\/wp\/v2\/giftcard-category?post=71657"}],"curies":[{"name":"wp","href":"https:\/\/api.w.org\/{rel}","templated":true}]}}