{"id":71699,"date":"2025-01-27T10:21:58","date_gmt":"2025-01-27T10:21:58","guid":{"rendered":"https:\/\/skinstudio.ee\/?post_type=product&#038;p=71699"},"modified":"2026-04-03T09:35:21","modified_gmt":"2026-04-03T09:35:21","slug":"rose-glow-bronzing-mousse","status":"publish","type":"product","link":"https:\/\/skinstudio.ee\/lv\/catalog\/james-read-lv\/rose-glow-bronzing-mousse\/","title":{"rendered":"Rose Glow Bronzing Mousse"},"content":{"rendered":"<p data-start=\"170\" data-end=\"567\"><strong data-start=\"170\" data-end=\"247\">Rose Glow Bronzing Mousse no <span class=\"hover:entity-accent entity-underline inline cursor-pointer align-baseline\"><span class=\"whitespace-normal\">James Read<\/span><\/span> z\u012bmola<\/strong> ir vieglas tekst\u016bras pa\u0161iedeguma putas, kas pie\u0161\u0137ir \u0101dai siltu, starojo\u0161u toni un koptu izskatu bez saules iedarb\u012bbas. Gais\u012bg\u0101 formula vienm\u0113r\u012bgi kl\u0101jas uz \u0101das, \u0101tri no\u017e\u016bst un veido gludu iedegumu bez sv\u012btr\u0101m un plankumiem. Maigais ro\u017eu arom\u0101ts saglab\u0101jas uz \u0101das ar\u012b p\u0113c no\u017e\u016b\u0161anas, padarot lieto\u0161anu \u012bpa\u0161i pat\u012bkamu.<\/p>\n<p data-start=\"569\" data-end=\"885\">Formulas intensit\u0101ti iesp\u0113jams piel\u0101got, uzkl\u0101jot produktu sl\u0101\u0146os: viens sl\u0101nis nodro\u0161ina dabisku zeltainu mirdzumu, bet atk\u0101rtota uzkl\u0101\u0161ana pastiprina kr\u0101sas dzi\u013cumu. Iedegums att\u012bst\u0101s pak\u0101peniski 8 stundu laik\u0101, saglab\u0101jas vair\u0101kas dienas un nodro\u0161ina vienm\u0113r\u012bgu, paredzamu rezult\u0101tu regul\u0101ras lieto\u0161anas gad\u012bjum\u0101.<\/p>\n<p data-start=\"887\" data-end=\"1296\"><strong data-start=\"887\" data-end=\"920\">Galven\u0101s akt\u012bv\u0101s sast\u0101vda\u013cas:<\/strong><br data-start=\"920\" data-end=\"923\" \/>\u2013 <strong data-start=\"925\" data-end=\"935\">Alveja<\/strong>: mitrina \u0101du un pal\u012bdz saglab\u0101t komforta saj\u016btu iedeguma att\u012bst\u012bbas laik\u0101<br data-start=\"1009\" data-end=\"1012\" \/>\u2013 <strong data-start=\"1014\" data-end=\"1044\">Provitam\u012bns B5 (pantenols)<\/strong>: m\u012bkstina \u0101du un veicina koptu izskatu<br data-start=\"1083\" data-end=\"1086\" \/>\u2013 <strong data-start=\"1088\" data-end=\"1099\">Gvar\u0101na<\/strong>: toniz\u0113 \u0101du un pie\u0161\u0137ir tai svaig\u0101ku izskatu<br data-start=\"1143\" data-end=\"1146\" \/>\u2013 <strong data-start=\"1148\" data-end=\"1159\">Kofe\u012bns<\/strong>: pal\u012bdz vizu\u0101li uzlabot \u0101das tekst\u016bru un gludumu<br data-start=\"1208\" data-end=\"1211\" \/>\u2013 <strong data-start=\"1213\" data-end=\"1229\">Ro\u017eu arom\u0101ts<\/strong>: neitraliz\u0113 pa\u0161iedegumam rakstur\u012bgo smar\u017eu un rada greznu saj\u016btu<\/p>\n<p data-start=\"1298\" data-end=\"1544\">Piem\u0113rots visiem \u0101das tipiem, tostarp sausai, norm\u0101lai un kombin\u0113tai \u0101dai. Mitrino\u0161\u0101 formula nodro\u0161ina komfortu sausai \u0101dai, savuk\u0101rt viegl\u0101 tekst\u016bra nep\u0101rslogo \u0101du ar pastiprin\u0101tu sebuma izdal\u012b\u0161anos. Piem\u0113rots lieto\u0161anai gan sejai, gan \u0137ermenim.<\/p>\n<p data-start=\"1546\" data-end=\"1569\"><strong data-start=\"1546\" data-end=\"1557\">Tilpums<\/strong>: <strong data-start=\"1559\" data-end=\"1569\">200 ml<\/strong><\/p>\n","protected":false},"excerpt":{"rendered":"<p data-start=\"2234\" data-end=\"2261\">Vieglas pa\u0161iedeguma putas<\/p>\n<h2 data-start=\"2263\" data-end=\"2314\"><strong data-start=\"2263\" data-end=\"2314\">\u012apa\u0161\u012bbas James Read &#8211; Rose Glow Bronzing Mousse<\/strong><\/h2>\n<p data-start=\"2316\" data-end=\"2509\">\u2714\ufe0f Pie\u0161\u0137ir \u0101dai dabisku starojo\u0161u iedegumu<br data-start=\"2358\" data-end=\"2361\" \/>\u2714\ufe0f Nodro\u0161ina vienm\u0113r\u012bgu kr\u0101sas att\u012bst\u012bbu<br data-start=\"2401\" data-end=\"2404\" \/>\u2714\ufe0f \u013bauj regul\u0113t iedeguma intensit\u0101ti<br data-start=\"2440\" data-end=\"2443\" \/>\u2714\ufe0f Saglab\u0101 \u0101das mitrin\u0101tu izskatu<br data-start=\"2476\" data-end=\"2479\" \/>\u2714\ufe0f Padara \u0101du gludu un koptu<\/p>\n","protected":false},"featured_media":65716,"template":"","meta":[],"pwb-brand":[1243],"product_brand":[],"product_cat":[772],"product_tag":[],"giftcard-category":[],"class_list":{"0":"post-71699","1":"product","2":"type-product","3":"status-publish","4":"has-post-thumbnail","6":"pwb-brand-james-read-lv","7":"product_cat-iedeguma-lidzekli","9":"first","10":"instock","11":"taxable","12":"shipping-taxable","13":"purchasable","14":"product-type-simple"},"acf":[],"brands":[{"id":1243,"name":"James Read","slug":"james-read-lv"}],"_links":{"self":[{"href":"https:\/\/skinstudio.ee\/lv\/wp-json\/wp\/v2\/product\/71699","targetHints":{"allow":["GET"]}}],"collection":[{"href":"https:\/\/skinstudio.ee\/lv\/wp-json\/wp\/v2\/product"}],"about":[{"href":"https:\/\/skinstudio.ee\/lv\/wp-json\/wp\/v2\/types\/product"}],"version-history":[{"count":1,"href":"https:\/\/skinstudio.ee\/lv\/wp-json\/wp\/v2\/product\/71699\/revisions"}],"predecessor-version":[{"id":71700,"href":"https:\/\/skinstudio.ee\/lv\/wp-json\/wp\/v2\/product\/71699\/revisions\/71700"}],"wp:featuredmedia":[{"embeddable":true,"href":"https:\/\/skinstudio.ee\/lv\/wp-json\/wp\/v2\/media\/65716"}],"wp:attachment":[{"href":"https:\/\/skinstudio.ee\/lv\/wp-json\/wp\/v2\/media?parent=71699"}],"wp:term":[{"taxonomy":"pwb-brand","embeddable":true,"href":"https:\/\/skinstudio.ee\/lv\/wp-json\/wp\/v2\/pwb-brand?post=71699"},{"taxonomy":"product_brand","embeddable":true,"href":"https:\/\/skinstudio.ee\/lv\/wp-json\/wp\/v2\/product_brand?post=71699"},{"taxonomy":"product_cat","embeddable":true,"href":"https:\/\/skinstudio.ee\/lv\/wp-json\/wp\/v2\/product_cat?post=71699"},{"taxonomy":"product_tag","embeddable":true,"href":"https:\/\/skinstudio.ee\/lv\/wp-json\/wp\/v2\/product_tag?post=71699"},{"taxonomy":"giftcard-category","embeddable":true,"href":"https:\/\/skinstudio.ee\/lv\/wp-json\/wp\/v2\/giftcard-category?post=71699"}],"curies":[{"name":"wp","href":"https:\/\/api.w.org\/{rel}","templated":true}]}}