{"id":71739,"date":"2023-05-24T17:56:19","date_gmt":"2023-05-24T17:56:19","guid":{"rendered":"https:\/\/skinstudio.ee\/?post_type=product&#038;p=71739"},"modified":"2026-04-03T09:35:21","modified_gmt":"2026-04-03T09:35:21","slug":"sleep-mask-face-with-retinol","status":"publish","type":"product","link":"https:\/\/skinstudio.ee\/lv\/catalog\/james-read-lv\/sleep-mask-face-with-retinol\/","title":{"rendered":"Sleep Mask Face with Retinol"},"content":{"rendered":"<p data-start=\"256\" data-end=\"655\"><strong data-start=\"256\" data-end=\"333\">Sleep Mask Tan Face with Retinol no <span class=\"hover:entity-accent entity-underline inline cursor-pointer align-baseline\"><span class=\"whitespace-normal\">James Read<\/span><\/span><\/strong> ir nakts sejas maska, kas apvieno retinola kopjo\u0161o iedarb\u012bbu ar dabisku pa\u0161iedeguma efektu. Nakts laik\u0101 maska pal\u012bdz \u0101dai izskat\u012bties glud\u0101kai, vienm\u0113r\u012bg\u0101kai un viegli iedegu\u0161ai, pie\u0161\u0137irot sejai svaigu un starojo\u0161u izskatu jau no r\u012bta. Formula izstr\u0101d\u0101ta t\u0101, lai nodro\u0161in\u0101tu redzamu rezult\u0101tu jau p\u0113c pirm\u0101s lieto\u0161anas.<\/p>\n<p data-start=\"657\" data-end=\"941\">Maska darbojas maigi visas nakts garum\u0101: kapsul\u0113tais retinols veicina \u0101das atjauno\u0161an\u0101s procesus, savuk\u0101rt pa\u0161iedeguma komplekss pak\u0101peniski att\u012bst\u0101s 8 stundu laik\u0101. Viegl\u0101 tekst\u016bra vienm\u0113r\u012bgi kl\u0101jas uz \u0101das, nerada lip\u012bguma saj\u016btu un ir komfortabla lieto\u0161anai vakara kop\u0161anas rut\u012bn\u0101.<\/p>\n<p data-start=\"943\" data-end=\"1367\"><strong data-start=\"943\" data-end=\"976\">Galven\u0101s akt\u012bv\u0101s sast\u0101vda\u013cas:<\/strong><br data-start=\"976\" data-end=\"979\" \/>\u2013 <strong data-start=\"981\" data-end=\"1003\">Kapsul\u0113ts retinols<\/strong>: veicina \u0101das atjauno\u0161anos un uzlabo t\u0101s tekst\u016bras izskatu<br data-start=\"1062\" data-end=\"1065\" \/>\u2013 <strong data-start=\"1067\" data-end=\"1092\">Pa\u0161iedeguma komplekss<\/strong>: nodro\u0161ina dabisku un vienm\u0113r\u012bgu iedeguma toni<br data-start=\"1139\" data-end=\"1142\" \/>\u2013 <strong data-start=\"1144\" data-end=\"1170\">Mitrino\u0161as sast\u0101vda\u013cas<\/strong>: pal\u012bdz saglab\u0101t \u0101das komfortu nakts laik\u0101<br data-start=\"1213\" data-end=\"1216\" \/>\u2013 <strong data-start=\"1218\" data-end=\"1243\">M\u012bkstino\u0161i komponenti<\/strong>: veicina glud\u0101ku un kopt\u0101ku \u0101das izskatu<br data-start=\"1284\" data-end=\"1287\" \/>\u2013 <strong data-start=\"1289\" data-end=\"1316\">Antioksidantu komplekss<\/strong>: atbalsta \u0101das st\u0101vokli nakts atjauno\u0161an\u0101s laik\u0101<\/p>\n<p data-start=\"1369\" data-end=\"1631\">Piem\u0113rota visiem \u0101das tipiem, tostarp norm\u0101lai, kombin\u0113tai un problem\u0101tiskai \u0101dai. Var lietot ar\u012b uz problem\u0101tisk\u0101m zon\u0101m, k\u0101 ar\u012b piesardz\u012bgi ap acu zonu. Ide\u0101li piem\u0113rota tiem, kas v\u0113las apvienot retinola kop\u0161anu ar vieglu iedeguma efektu bez saules iedarb\u012bbas.<\/p>\n<p data-start=\"1633\" data-end=\"1655\"><strong data-start=\"1633\" data-end=\"1644\">Tilpums<\/strong>: <strong data-start=\"1646\" data-end=\"1655\">50 ml<\/strong><\/p>\n<p>&nbsp;<\/p>\n","protected":false},"excerpt":{"rendered":"<p data-start=\"2012\" data-end=\"2062\">Nakts sejas maska ar retinolu un iedeguma efektu<\/p>\n<h2 data-start=\"2064\" data-end=\"2118\"><strong data-start=\"2064\" data-end=\"2118\">\u012apa\u0161\u012bbas James Read &#8211; Sleep Mask Face with Retinol<\/strong><\/h2>\n<p data-start=\"2120\" data-end=\"2311\">\u2714\ufe0f Veicina \u0101das atjauno\u0161anos nakts laik\u0101<br data-start=\"2160\" data-end=\"2163\" \/>\u2714\ufe0f Pal\u012bdz izl\u012bdzin\u0101t \u0101das tekst\u016bru<br data-start=\"2197\" data-end=\"2200\" \/>\u2714\ufe0f Vizu\u0101li samazina smalk\u0101s krunci\u0146as<br data-start=\"2237\" data-end=\"2240\" \/>\u2714\ufe0f Uzlabo \u0101das toni un elast\u012bbu<br data-start=\"2271\" data-end=\"2274\" \/>\u2714\ufe0f Pie\u0161\u0137ir \u0101dai jaunekl\u012bgu mirdzumu<\/p>\n<p><span style=\"text-decoration: underline; color: #0000ff;\"><a style=\"color: #0000ff;\" href=\"https:\/\/skinstudio.ee\/lv\/catalog\/james-read-lv\/sleep-mask-face-with-retinol-travel-size-25ml\/\"><span>Pieejams Tan Sleep Mask Retinol Travel-size 25ml<\/span><\/a><\/span><\/p>\n","protected":false},"featured_media":65786,"template":"","meta":[],"pwb-brand":[1243],"product_brand":[],"product_cat":[727,772],"product_tag":[],"giftcard-category":[],"class_list":{"0":"post-71739","1":"product","2":"type-product","3":"status-publish","4":"has-post-thumbnail","6":"pwb-brand-james-read-lv","7":"product_cat-a-vitamins-retinols","8":"product_cat-iedeguma-lidzekli","9":"pa_suurus-25ml-lv","10":"pa_suurus-50ml-lv","12":"first","13":"instock","14":"sale","15":"taxable","16":"shipping-taxable","17":"purchasable","18":"product-type-simple"},"acf":[],"brands":[{"id":1243,"name":"James Read","slug":"james-read-lv"}],"_links":{"self":[{"href":"https:\/\/skinstudio.ee\/lv\/wp-json\/wp\/v2\/product\/71739","targetHints":{"allow":["GET"]}}],"collection":[{"href":"https:\/\/skinstudio.ee\/lv\/wp-json\/wp\/v2\/product"}],"about":[{"href":"https:\/\/skinstudio.ee\/lv\/wp-json\/wp\/v2\/types\/product"}],"version-history":[{"count":1,"href":"https:\/\/skinstudio.ee\/lv\/wp-json\/wp\/v2\/product\/71739\/revisions"}],"predecessor-version":[{"id":71740,"href":"https:\/\/skinstudio.ee\/lv\/wp-json\/wp\/v2\/product\/71739\/revisions\/71740"}],"wp:featuredmedia":[{"embeddable":true,"href":"https:\/\/skinstudio.ee\/lv\/wp-json\/wp\/v2\/media\/65786"}],"wp:attachment":[{"href":"https:\/\/skinstudio.ee\/lv\/wp-json\/wp\/v2\/media?parent=71739"}],"wp:term":[{"taxonomy":"pwb-brand","embeddable":true,"href":"https:\/\/skinstudio.ee\/lv\/wp-json\/wp\/v2\/pwb-brand?post=71739"},{"taxonomy":"product_brand","embeddable":true,"href":"https:\/\/skinstudio.ee\/lv\/wp-json\/wp\/v2\/product_brand?post=71739"},{"taxonomy":"product_cat","embeddable":true,"href":"https:\/\/skinstudio.ee\/lv\/wp-json\/wp\/v2\/product_cat?post=71739"},{"taxonomy":"product_tag","embeddable":true,"href":"https:\/\/skinstudio.ee\/lv\/wp-json\/wp\/v2\/product_tag?post=71739"},{"taxonomy":"giftcard-category","embeddable":true,"href":"https:\/\/skinstudio.ee\/lv\/wp-json\/wp\/v2\/giftcard-category?post=71739"}],"curies":[{"name":"wp","href":"https:\/\/api.w.org\/{rel}","templated":true}]}}