{"id":71826,"date":"2023-05-24T17:56:19","date_gmt":"2023-05-24T17:56:19","guid":{"rendered":"https:\/\/skinstudio.ee\/?post_type=product&#038;p=71826"},"modified":"2026-04-03T09:35:21","modified_gmt":"2026-04-03T09:35:21","slug":"sleep-mask-tan-face","status":"publish","type":"product","link":"https:\/\/skinstudio.ee\/lv\/catalog\/james-read\/sleep-mask-tan-face\/","title":{"rendered":"Sleep Mask Tan Face"},"content":{"rendered":"<p data-start=\"120\" data-end=\"475\"><strong data-start=\"120\" data-end=\"157\">Sleep Mask Tan Face no James Read<\/strong> ir nakts sejas maska un viens no z\u012bmola popul\u0101r\u0101kajiem hitiem. Nakts laik\u0101 caursp\u012bd\u012bg\u0101 g\u0113la formula pak\u0101peniski pie\u0161\u0137ir \u0101dai bag\u0101t\u012bgu un vienm\u0113r\u012bgu iedeguma toni, padarot sejas kr\u0101su no r\u012bta svaig\u0101ku un starojo\u0161\u0101ku. Viegl\u0101 tekst\u016bra viegli kl\u0101jas uz \u0101das, ir komfortabla lieto\u0161an\u0101 un nekr\u0101so gultas ve\u013cu vai ap\u0123\u0113rbu.<\/p>\n<p data-start=\"477\" data-end=\"764\">Iedeguma tonis veidojas 6\u20138 stundu laik\u0101 un saglab\u0101jas l\u012bdz pat piec\u0101m dien\u0101m, nodro\u0161inot notur\u012bgu un dabisku rezult\u0101tu bez sv\u012btr\u0101m un plankumiem. Papildus iedeguma efektam maska darbojas k\u0101 pilnv\u0113rt\u012bgs nakts kop\u0161anas l\u012bdzeklis, pal\u012bdzot \u0101dai k\u013c\u016bt maig\u0101kai, glud\u0101kai un lab\u0101k mitrin\u0101tai.<\/p>\n<p data-start=\"766\" data-end=\"1187\"><strong data-start=\"766\" data-end=\"799\">Galven\u0101s akt\u012bv\u0101s sast\u0101vda\u013cas:<\/strong><br data-start=\"799\" data-end=\"802\" \/>\u2013 <strong data-start=\"804\" data-end=\"814\">Alveja<\/strong>: mitrina \u0101du un pal\u012bdz saglab\u0101t komfortu nakts laik\u0101<br data-start=\"867\" data-end=\"870\" \/>\u2013 <strong data-start=\"872\" data-end=\"898\">Sarkano a\u013c\u0123u ekstrakts<\/strong>: veicina \u0101das m\u012bkstin\u0101\u0161anu un uzlabo t\u0101s izskatu<br data-start=\"947\" data-end=\"950\" \/>\u2013 <strong data-start=\"952\" data-end=\"964\">Ro\u017e\u016bdens<\/strong>: atsvaidzina \u0101du un pal\u012bdz izl\u012bdzin\u0101t t\u0101s toni<br data-start=\"1011\" data-end=\"1014\" \/>\u2013 <strong data-start=\"1016\" data-end=\"1032\">Koenz\u012bms Q10<\/strong>: atbalsta pret noveco\u0161anos v\u0113rstu kop\u0161anu un \u0101das jaunekl\u012bgu izskatu<br data-start=\"1101\" data-end=\"1104\" \/>\u2013 <strong data-start=\"1106\" data-end=\"1129\">Tantone tehnolo\u0123ija<\/strong>: nodro\u0161ina dabisku iedeguma toni atbilsto\u0161i \u0101das kr\u0101sai<\/p>\n<p data-start=\"1189\" data-end=\"1346\">Piem\u0113rota visiem \u0101das tipiem. Ide\u0101li piem\u0113rota tiem, kas v\u0113las ieg\u016bt intens\u012bv\u0101ku iedegumu bez saules iedarb\u012bbas un vienlaikus nodro\u0161in\u0101t nakts sejas kop\u0161anu.<\/p>\n<p data-start=\"1348\" data-end=\"1370\"><strong data-start=\"1348\" data-end=\"1359\">Tilpums<\/strong>: 50 ml<\/p>\n","protected":false},"excerpt":{"rendered":"<p data-start=\"1712\" data-end=\"1753\">Nakts sejas maska \u2013 kop\u0161ana un iedegums<\/p>\n<h2 data-start=\"1755\" data-end=\"1800\"><strong data-start=\"1755\" data-end=\"1800\">\u012apa\u0161\u012bbas James Read &#8211; Sleep Mask Tan Face<\/strong><\/h2>\n<p data-start=\"1802\" data-end=\"1999\">\u2714\ufe0f Pie\u0161\u0137ir \u0101dai intens\u012bvu iedeguma toni<br data-start=\"1841\" data-end=\"1844\" \/>\u2714\ufe0f Nodro\u0161ina vienm\u0113r\u012bgu un dabisku jume<br data-start=\"1883\" data-end=\"1886\" \/>\u2714\ufe0f Mitrina un m\u012bkstina \u0101du nakts laik\u0101<br data-start=\"1924\" data-end=\"1927\" \/>\u2714\ufe0f Vizu\u0101li izl\u012bdzina \u0101das tekst\u016bru<br data-start=\"1961\" data-end=\"1964\" \/>\u2714\ufe0f Saglab\u0101 iedegumu l\u012bdz 5 dien\u0101m<\/p>\n","protected":false},"featured_media":71827,"template":"","meta":[],"pwb-brand":[1243],"product_brand":[],"product_cat":[772,753],"product_tag":[],"giftcard-category":[],"class_list":{"0":"post-71826","1":"product","2":"type-product","3":"status-publish","4":"has-post-thumbnail","6":"pwb-brand-james-read","7":"product_cat-iedeguma-lidzekli","8":"product_cat-travel-size-lv","10":"first","11":"instock","12":"sale","13":"taxable","14":"shipping-taxable","15":"purchasable","16":"product-type-simple"},"acf":[],"brands":[{"id":1243,"name":"James Read","slug":"james-read"}],"_links":{"self":[{"href":"https:\/\/skinstudio.ee\/lv\/wp-json\/wp\/v2\/product\/71826","targetHints":{"allow":["GET"]}}],"collection":[{"href":"https:\/\/skinstudio.ee\/lv\/wp-json\/wp\/v2\/product"}],"about":[{"href":"https:\/\/skinstudio.ee\/lv\/wp-json\/wp\/v2\/types\/product"}],"version-history":[{"count":3,"href":"https:\/\/skinstudio.ee\/lv\/wp-json\/wp\/v2\/product\/71826\/revisions"}],"predecessor-version":[{"id":83710,"href":"https:\/\/skinstudio.ee\/lv\/wp-json\/wp\/v2\/product\/71826\/revisions\/83710"}],"wp:featuredmedia":[{"embeddable":true,"href":"https:\/\/skinstudio.ee\/lv\/wp-json\/wp\/v2\/media\/71827"}],"wp:attachment":[{"href":"https:\/\/skinstudio.ee\/lv\/wp-json\/wp\/v2\/media?parent=71826"}],"wp:term":[{"taxonomy":"pwb-brand","embeddable":true,"href":"https:\/\/skinstudio.ee\/lv\/wp-json\/wp\/v2\/pwb-brand?post=71826"},{"taxonomy":"product_brand","embeddable":true,"href":"https:\/\/skinstudio.ee\/lv\/wp-json\/wp\/v2\/product_brand?post=71826"},{"taxonomy":"product_cat","embeddable":true,"href":"https:\/\/skinstudio.ee\/lv\/wp-json\/wp\/v2\/product_cat?post=71826"},{"taxonomy":"product_tag","embeddable":true,"href":"https:\/\/skinstudio.ee\/lv\/wp-json\/wp\/v2\/product_tag?post=71826"},{"taxonomy":"giftcard-category","embeddable":true,"href":"https:\/\/skinstudio.ee\/lv\/wp-json\/wp\/v2\/giftcard-category?post=71826"}],"curies":[{"name":"wp","href":"https:\/\/api.w.org\/{rel}","templated":true}]}}