{"id":71849,"date":"2023-05-24T17:57:38","date_gmt":"2023-05-24T17:57:38","guid":{"rendered":"https:\/\/skinstudio.ee\/?post_type=product&#038;p=71849"},"modified":"2026-04-03T09:35:21","modified_gmt":"2026-04-03T09:35:21","slug":"rose-glow-water-mist","status":"publish","type":"product","link":"https:\/\/skinstudio.ee\/lv\/catalog\/james-read-lv\/rose-glow-water-mist\/","title":{"rendered":"Rose Glow Water Mist"},"content":{"rendered":"<p data-start=\"189\" data-end=\"566\"><strong data-start=\"189\" data-end=\"227\">Rose Glow Water Mist no James Read<\/strong> ir sejas sprejs uz organisk\u0101 ro\u017e\u016bdens b\u0101zes, kas jau p\u0113c pirm\u0101s lieto\u0161anas pie\u0161\u0137ir \u0101dai paman\u0101mu zeltainu mirdzumu. Toni iesp\u0113jams pak\u0101peniski pastiprin\u0101t, atk\u0101rtoti lietojot l\u012bdzekli, t\u0101d\u0113j\u0101di ieg\u016bstot dabisku un vienm\u0113r\u012bgu rezult\u0101tu. \u012apa\u0161i viegl\u0101, \u016bdens tekst\u016bra acumirkl\u012b atsvaidzina \u0101du un ir pat\u012bkama lieto\u0161an\u0101 visas dienas garum\u0101.<\/p>\n<p data-start=\"568\" data-end=\"828\">Formula apvieno pa\u0161iedeguma efektu un \u0101das kop\u0161anu: pal\u012bdz saglab\u0101t \u0101das mitruma l\u012bdzsvaru, uzlabo sejas kop\u0113jo izskatu un pie\u0161\u0137ir \u0101dai svaigu, atp\u016btu\u0161os izskatu. Piem\u0113rots visiem \u0101das tipiem un to\u0146iem, lietojams gan patst\u0101v\u012bgi, gan eso\u0161\u0101 iedeguma uztur\u0113\u0161anai.<\/p>\n<p data-start=\"830\" data-end=\"1216\"><strong data-start=\"830\" data-end=\"863\">Galven\u0101s akt\u012bv\u0101s sast\u0101vda\u013cas:<\/strong><br data-start=\"863\" data-end=\"866\" \/>\u2013 <strong data-start=\"868\" data-end=\"892\">Organiskais ro\u017e\u016bdens<\/strong>: atsvaidzina \u0101du un pastiprina t\u0101s dabisko mirdzumu<br data-start=\"944\" data-end=\"947\" \/>\u2013 <strong data-start=\"949\" data-end=\"966\">Hialuronsk\u0101be<\/strong>: pal\u012bdz uztur\u0113t optim\u0101lu \u0101das mitruma l\u012bmeni<br data-start=\"1011\" data-end=\"1014\" \/>\u2013 <strong data-start=\"1016\" data-end=\"1029\">Aloe vera<\/strong>: nomierina \u0101du un uzlabo komforta saj\u016btu<br data-start=\"1070\" data-end=\"1073\" \/>\u2013 <strong data-start=\"1075\" data-end=\"1097\">Kumel\u012b\u0161u ekstrakts<\/strong>: nomierina \u0101du un veicina vienm\u0113r\u012bg\u0101ku izskatu<br data-start=\"1144\" data-end=\"1147\" \/>\u2013 <strong data-start=\"1149\" data-end=\"1174\">Pa\u0161iedeguma komplekss<\/strong>: veido vieglu, vienm\u0113r\u012bgu zeltainu toni<\/p>\n<p data-start=\"1218\" data-end=\"1351\">Piem\u0113rots visiem \u0101das tipiem un jebkuram \u0101das tonim. Ide\u0101ls tiem, kas v\u0113las pak\u0101peniski veidojamu mirdzumu ar svaigu, dabisku fini\u0161u.<\/p>\n<p data-start=\"1353\" data-end=\"1376\"><strong data-start=\"1353\" data-end=\"1364\">Tilpums<\/strong>: 30 ml \/ 100 ml<\/p>\n","protected":false},"excerpt":{"rendered":"<div class=\"editor m-b-30 m-b-20-sm\">\n<p data-start=\"1606\" data-end=\"1641\">Sejas sprejs \u2013 intens\u012bvs mirdzums<\/p>\n<h2 data-start=\"1643\" data-end=\"1689\"><strong data-start=\"1643\" data-end=\"1689\">\u012apa\u0161\u012bbas James Read &#8211; Rose Glow Water Mist<\/strong><\/h2>\n<p data-start=\"1691\" data-end=\"1886\">\u2714\ufe0f Pie\u0161\u0137ir \u0101dai dabisku zeltainu mirdzumu<br data-start=\"1732\" data-end=\"1735\" \/>\u2714\ufe0f Veido vieglu un vienm\u0113r\u012bgu toni<br data-start=\"1769\" data-end=\"1772\" \/>\u2714\ufe0f Pal\u012bdz uztur\u0113t \u0101das mitruma l\u012bmeni<br data-start=\"1809\" data-end=\"1812\" \/>\u2714\ufe0f Atsvaidzina un uzlabo \u0101das izskatu<br data-start=\"1849\" data-end=\"1852\" \/>\u2714\ufe0f Piem\u0113rots jebkuram \u0101das tonim<\/p>\n<\/div>\n","protected":false},"featured_media":65741,"template":"","meta":[],"pwb-brand":[1243],"product_brand":[],"product_cat":[772,753],"product_tag":[],"giftcard-category":[],"class_list":{"0":"post-71849","1":"product","2":"type-product","3":"status-publish","4":"has-post-thumbnail","6":"pwb-brand-james-read-lv","7":"product_cat-iedeguma-lidzekli","8":"product_cat-travel-size-lv","9":"pa_suurus-100ml-lv","10":"pa_suurus-30ml-lv","12":"first","13":"instock","14":"sale","15":"taxable","16":"shipping-taxable","17":"purchasable","18":"product-type-variable"},"acf":[],"brands":[{"id":1243,"name":"James Read","slug":"james-read-lv"}],"_links":{"self":[{"href":"https:\/\/skinstudio.ee\/lv\/wp-json\/wp\/v2\/product\/71849","targetHints":{"allow":["GET"]}}],"collection":[{"href":"https:\/\/skinstudio.ee\/lv\/wp-json\/wp\/v2\/product"}],"about":[{"href":"https:\/\/skinstudio.ee\/lv\/wp-json\/wp\/v2\/types\/product"}],"version-history":[{"count":2,"href":"https:\/\/skinstudio.ee\/lv\/wp-json\/wp\/v2\/product\/71849\/revisions"}],"predecessor-version":[{"id":83633,"href":"https:\/\/skinstudio.ee\/lv\/wp-json\/wp\/v2\/product\/71849\/revisions\/83633"}],"wp:featuredmedia":[{"embeddable":true,"href":"https:\/\/skinstudio.ee\/lv\/wp-json\/wp\/v2\/media\/65741"}],"wp:attachment":[{"href":"https:\/\/skinstudio.ee\/lv\/wp-json\/wp\/v2\/media?parent=71849"}],"wp:term":[{"taxonomy":"pwb-brand","embeddable":true,"href":"https:\/\/skinstudio.ee\/lv\/wp-json\/wp\/v2\/pwb-brand?post=71849"},{"taxonomy":"product_brand","embeddable":true,"href":"https:\/\/skinstudio.ee\/lv\/wp-json\/wp\/v2\/product_brand?post=71849"},{"taxonomy":"product_cat","embeddable":true,"href":"https:\/\/skinstudio.ee\/lv\/wp-json\/wp\/v2\/product_cat?post=71849"},{"taxonomy":"product_tag","embeddable":true,"href":"https:\/\/skinstudio.ee\/lv\/wp-json\/wp\/v2\/product_tag?post=71849"},{"taxonomy":"giftcard-category","embeddable":true,"href":"https:\/\/skinstudio.ee\/lv\/wp-json\/wp\/v2\/giftcard-category?post=71849"}],"curies":[{"name":"wp","href":"https:\/\/api.w.org\/{rel}","templated":true}]}}