{"id":71867,"date":"2023-05-24T17:57:00","date_gmt":"2023-05-24T17:57:00","guid":{"rendered":"https:\/\/skinstudio.ee\/?post_type=product&#038;p=71867"},"modified":"2026-04-03T09:35:22","modified_gmt":"2026-04-03T09:35:22","slug":"click-glow-body","status":"publish","type":"product","link":"https:\/\/skinstudio.ee\/lv\/catalog\/james-read-lv\/click-glow-body\/","title":{"rendered":"Click &#038; Glow Body"},"content":{"rendered":"<p data-start=\"121\" data-end=\"504\"><strong data-start=\"121\" data-end=\"183\">Click &amp; Glow Body no <span class=\"hover:entity-accent entity-underline inline cursor-pointer align-baseline\"><span class=\"whitespace-normal\">James Read<\/span><\/span><\/strong> ir koncentr\u0113ti multivitam\u012bnu pa\u0161iedeguma pilieni, kas paredz\u0113ti sajauk\u0161anai ar ierasto \u0137erme\u0146a losjonu, lai ieg\u016btu patiesi individu\u0101lu iedeguma toni. Tikai da\u017ei pilieni p\u0101rv\u0113r\u0161 ikdienas mitrin\u0101t\u0101ju pak\u0101peniskas darb\u012bbas pa\u0161iedegum\u0101, \u013caujot piel\u0101got kr\u0101sas intensit\u0101ti no viegla mirdzuma l\u012bdz bag\u0101t\u012bgam zeltainam tonim.<\/p>\n<p data-start=\"506\" data-end=\"792\">Viegl\u0101 g\u0113lveida tekst\u016bra viegli sajaucas ar \u0137erme\u0146a kr\u0113miem un losjoniem, vienm\u0113r\u012bgi kl\u0101jas uz \u0101das un nodro\u0161ina gludu, bezsv\u012btru rezult\u0101tu. Pilieni ir piem\u0113roti regul\u0101rai lieto\u0161anai un lieliski iek\u013caujas ikdienas \u0137erme\u0146a kop\u0161anas rut\u012bn\u0101, vienlaikus sniedzot iedeguma un kopjo\u0161u efektu.<\/p>\n<p data-start=\"794\" data-end=\"1207\"><strong data-start=\"794\" data-end=\"827\">Galven\u0101s akt\u012bv\u0101s sast\u0101vda\u013cas:<\/strong><br data-start=\"827\" data-end=\"830\" \/>\u2013 <strong data-start=\"832\" data-end=\"842\">Alveja<\/strong>: dzi\u013ci mitrina \u0101du un pal\u012bdz saglab\u0101t komfortu<br data-start=\"889\" data-end=\"892\" \/>\u2013 <strong data-start=\"894\" data-end=\"908\">Vitam\u012bns E<\/strong>: nodro\u0161ina antioksidantu aizsardz\u012bbu un uzlabo \u0101das izskatu<br data-start=\"968\" data-end=\"971\" \/>\u2013 <strong data-start=\"973\" data-end=\"987\">God\u017ei ogas<\/strong>: pal\u012bdz stiprin\u0101t \u0101das aizsargbarjeru un izl\u012bdzin\u0101t toni<br data-start=\"1044\" data-end=\"1047\" data-is-only-node=\"\" \/>\u2013 <strong data-start=\"1049\" data-end=\"1056\">DHA<\/strong>: veido dabisku iedeguma efektu un pie\u0161\u0137ir \u0101dai mirdzumu<br data-start=\"1112\" data-end=\"1115\" \/>\u2013 <strong data-start=\"1117\" data-end=\"1150\">Augu izcelsmes dab\u012bgie cukuri<\/strong>: nodro\u0161ina pak\u0101penisku un vienm\u0113r\u012bgu kr\u0101sas veido\u0161anos<\/p>\n<p data-start=\"1209\" data-end=\"1383\">Piem\u0113rots visiem \u0101das tipiem un jebkuram \u0101das tonim. Ide\u0101li piem\u0113rots tiem, kas v\u0113las piln\u012bgu kontroli p\u0101r iedeguma intensit\u0101ti, nemainot ierastos \u0137erme\u0146a kop\u0161anas l\u012bdzek\u013cus.<\/p>\n<p data-start=\"1385\" data-end=\"1407\"><strong data-start=\"1385\" data-end=\"1396\">Tilpums<\/strong>: <strong data-start=\"1398\" data-end=\"1407\">30 ml<\/strong><\/p>\n","protected":false},"excerpt":{"rendered":"<p data-start=\"2102\" data-end=\"2144\">Koncentr\u0113ti pa\u0161iedeguma pilieni \u0137ermenim<\/p>\n<h2 data-start=\"2146\" data-end=\"2189\"><strong data-start=\"2146\" data-end=\"2189\">\u012apa\u0161\u012bbas James Read &#8211; Click &amp; Glow Body<\/strong><\/h2>\n<p data-start=\"2191\" data-end=\"2394\">\u2714\ufe0f \u013bauj piel\u0101got iedeguma intensit\u0101ti<br data-start=\"2228\" data-end=\"2231\" \/>\u2714\ufe0f Pie\u0161\u0137ir \u0101dai dabisku zeltainu mirdzumu<br data-start=\"2272\" data-end=\"2275\" \/>\u2714\ufe0f Viegli sajaucas ar \u0137erme\u0146a losjonu<br data-start=\"2312\" data-end=\"2315\" \/>\u2714\ufe0f Nodro\u0161ina pak\u0101penisku un vienm\u0113r\u012bgu rezult\u0101tu<br data-start=\"2363\" data-end=\"2366\" \/>\u2714\ufe0f Kopj \u0101du iedeguma laik\u0101<\/p>\n","protected":false},"featured_media":65746,"template":"","meta":[],"pwb-brand":[1243],"product_brand":[],"product_cat":[772,757],"product_tag":[],"giftcard-category":[],"class_list":{"0":"post-71867","1":"product","2":"type-product","3":"status-publish","4":"has-post-thumbnail","6":"pwb-brand-james-read-lv","7":"product_cat-iedeguma-lidzekli","8":"product_cat-kermena-kopsana","10":"first","11":"instock","12":"sale","13":"taxable","14":"shipping-taxable","15":"purchasable","16":"product-type-simple"},"acf":[],"brands":[{"id":1243,"name":"James Read","slug":"james-read-lv"}],"_links":{"self":[{"href":"https:\/\/skinstudio.ee\/lv\/wp-json\/wp\/v2\/product\/71867","targetHints":{"allow":["GET"]}}],"collection":[{"href":"https:\/\/skinstudio.ee\/lv\/wp-json\/wp\/v2\/product"}],"about":[{"href":"https:\/\/skinstudio.ee\/lv\/wp-json\/wp\/v2\/types\/product"}],"version-history":[{"count":1,"href":"https:\/\/skinstudio.ee\/lv\/wp-json\/wp\/v2\/product\/71867\/revisions"}],"predecessor-version":[{"id":71868,"href":"https:\/\/skinstudio.ee\/lv\/wp-json\/wp\/v2\/product\/71867\/revisions\/71868"}],"wp:featuredmedia":[{"embeddable":true,"href":"https:\/\/skinstudio.ee\/lv\/wp-json\/wp\/v2\/media\/65746"}],"wp:attachment":[{"href":"https:\/\/skinstudio.ee\/lv\/wp-json\/wp\/v2\/media?parent=71867"}],"wp:term":[{"taxonomy":"pwb-brand","embeddable":true,"href":"https:\/\/skinstudio.ee\/lv\/wp-json\/wp\/v2\/pwb-brand?post=71867"},{"taxonomy":"product_brand","embeddable":true,"href":"https:\/\/skinstudio.ee\/lv\/wp-json\/wp\/v2\/product_brand?post=71867"},{"taxonomy":"product_cat","embeddable":true,"href":"https:\/\/skinstudio.ee\/lv\/wp-json\/wp\/v2\/product_cat?post=71867"},{"taxonomy":"product_tag","embeddable":true,"href":"https:\/\/skinstudio.ee\/lv\/wp-json\/wp\/v2\/product_tag?post=71867"},{"taxonomy":"giftcard-category","embeddable":true,"href":"https:\/\/skinstudio.ee\/lv\/wp-json\/wp\/v2\/giftcard-category?post=71867"}],"curies":[{"name":"wp","href":"https:\/\/api.w.org\/{rel}","templated":true}]}}