{"id":71900,"date":"2023-05-24T17:56:19","date_gmt":"2023-05-24T17:56:19","guid":{"rendered":"https:\/\/skinstudio.ee\/?post_type=product&#038;p=71900"},"modified":"2026-04-03T09:35:22","modified_gmt":"2026-04-03T09:35:22","slug":"h2o-tan-mist-face","status":"publish","type":"product","link":"https:\/\/skinstudio.ee\/lv\/catalog\/james-read\/h2o-tan-mist-face\/","title":{"rendered":"H2O Tan Mist Face"},"content":{"rendered":"<p data-start=\"205\" data-end=\"505\"><strong data-start=\"205\" data-end=\"240\">H2O Tan Mist Face no James Read<\/strong> ir viegls sejas sprejs, kas nodro\u0161ina pak\u0101penisku un dabisku iedegumu bez saules iedarb\u012bbas. Ar katru lieto\u0161anas reizi tonis k\u013c\u016bst nedaudz dzi\u013c\u0101ks, \u013caujot sasniegt v\u0113lamo nokr\u0101su sav\u0101 temp\u0101. Smalka migla \u0101tri no\u017e\u016bst, kl\u0101jas vienm\u0113r\u012bgi un neatst\u0101j redzamas p\u0113das.<\/p>\n<p data-start=\"507\" data-end=\"718\">Caursp\u012bd\u012bg\u0101 un viegl\u0101 formula padara spreju \u012bpa\u0161i \u0113rtu lieto\u0161an\u0101 \u2014 to var uzkl\u0101t gan uz t\u012bras \u0101das, gan virs grima dienas laik\u0101. Produkts atsvaidzina \u0101du, pal\u012bdz saglab\u0101t komfortu un uztur koptu, svaigu izskatu.<\/p>\n<p data-start=\"720\" data-end=\"1168\"><strong data-start=\"720\" data-end=\"753\">Galven\u0101s akt\u012bv\u0101s sast\u0101vda\u013cas:<\/strong><br data-start=\"753\" data-end=\"756\" \/>\u2013 <strong data-start=\"758\" data-end=\"803\">Hamamelis Virginiana (raganu lazda) \u016bdens<\/strong>: atsvaidzina \u0101du un pal\u012bdz saglab\u0101t l\u012bdzsvarotu izskatu<br data-start=\"859\" data-end=\"862\" \/>\u2013 <strong data-start=\"864\" data-end=\"885\">DHA un eritruloze<\/strong>: veido pak\u0101penisku un vienm\u0113r\u012bgu iedeguma toni<br data-start=\"932\" data-end=\"935\" \/>\u2013 <strong data-start=\"937\" data-end=\"950\">Glicer\u012bns<\/strong>: pal\u012bdz notur\u0113t mitrumu un uzlabo \u0101das komfortu<br data-start=\"998\" data-end=\"1001\" \/>\u2013 <strong data-start=\"1003\" data-end=\"1033\">Aloe Barbadensis lapu sula<\/strong>: nomierina \u0101du un pal\u012bdz nov\u0113rst sausumu<br data-start=\"1074\" data-end=\"1077\" \/>\u2013 <strong data-start=\"1079\" data-end=\"1108\">Rosa Damascena ziedu e\u013c\u013ca<\/strong>: pie\u0161\u0137ir izsmalcin\u0101tu arom\u0101tu un uzlabo kop\u0161anas pieredzi<\/p>\n<p data-start=\"1170\" data-end=\"1348\">Piem\u0113rots visiem \u0101das tipiem un jebkuram \u0101das tonim. Ide\u0101li piem\u0113rots tiem, kas v\u0113las uztur\u0113t svaigu, viegli iedegu\u0161u sejas izskatu bez smag\u0101m tekst\u016br\u0101m un sare\u017e\u0123\u012btas uzkl\u0101\u0161anas.<\/p>\n<p data-start=\"1350\" data-end=\"1372\"><strong data-start=\"1350\" data-end=\"1361\">Tilpums<\/strong>: 30 ml \/ 100 ml<\/p>\n","protected":false},"excerpt":{"rendered":"<p data-start=\"1717\" data-end=\"1740\">Sejas iedeguma sprejs<\/p>\n<h2 data-start=\"1742\" data-end=\"1785\"><strong data-start=\"1742\" data-end=\"1785\">\u012apa\u0161\u012bbas James Read &#8211; H2O Tan Mist Face<\/strong><\/h2>\n<p data-start=\"1787\" data-end=\"1970\">\u2714\ufe0f Pak\u0101peniski veido dabisku iedegumu<br data-start=\"1824\" data-end=\"1827\" \/>\u2714\ufe0f Atsvaidzina un mitrina sejas \u0101du<br data-start=\"1862\" data-end=\"1865\" \/>\u2714\ufe0f Viegli uzkl\u0101jams bez spogu\u013ca<br data-start=\"1896\" data-end=\"1899\" \/>\u2714\ufe0f Piem\u0113rots lieto\u0161anai virs grima<br data-start=\"1933\" data-end=\"1936\" \/>\u2714\ufe0f Piem\u0113rots jebkuram \u0101das tonim<\/p>\n","protected":false},"featured_media":65802,"template":"","meta":[],"pwb-brand":[1243],"product_brand":[],"product_cat":[772,753],"product_tag":[],"giftcard-category":[],"class_list":{"0":"post-71900","1":"product","2":"type-product","3":"status-publish","4":"has-post-thumbnail","6":"pwb-brand-james-read","7":"product_cat-iedeguma-lidzekli","8":"product_cat-travel-size-lv","9":"pa_suurus-100ml-lv","10":"pa_suurus-30ml-lv","12":"first","13":"instock","14":"taxable","15":"shipping-taxable","16":"purchasable","17":"product-type-variable"},"acf":[],"brands":[{"id":1243,"name":"James Read","slug":"james-read"}],"_links":{"self":[{"href":"https:\/\/skinstudio.ee\/lv\/wp-json\/wp\/v2\/product\/71900","targetHints":{"allow":["GET"]}}],"collection":[{"href":"https:\/\/skinstudio.ee\/lv\/wp-json\/wp\/v2\/product"}],"about":[{"href":"https:\/\/skinstudio.ee\/lv\/wp-json\/wp\/v2\/types\/product"}],"version-history":[{"count":2,"href":"https:\/\/skinstudio.ee\/lv\/wp-json\/wp\/v2\/product\/71900\/revisions"}],"predecessor-version":[{"id":83613,"href":"https:\/\/skinstudio.ee\/lv\/wp-json\/wp\/v2\/product\/71900\/revisions\/83613"}],"wp:featuredmedia":[{"embeddable":true,"href":"https:\/\/skinstudio.ee\/lv\/wp-json\/wp\/v2\/media\/65802"}],"wp:attachment":[{"href":"https:\/\/skinstudio.ee\/lv\/wp-json\/wp\/v2\/media?parent=71900"}],"wp:term":[{"taxonomy":"pwb-brand","embeddable":true,"href":"https:\/\/skinstudio.ee\/lv\/wp-json\/wp\/v2\/pwb-brand?post=71900"},{"taxonomy":"product_brand","embeddable":true,"href":"https:\/\/skinstudio.ee\/lv\/wp-json\/wp\/v2\/product_brand?post=71900"},{"taxonomy":"product_cat","embeddable":true,"href":"https:\/\/skinstudio.ee\/lv\/wp-json\/wp\/v2\/product_cat?post=71900"},{"taxonomy":"product_tag","embeddable":true,"href":"https:\/\/skinstudio.ee\/lv\/wp-json\/wp\/v2\/product_tag?post=71900"},{"taxonomy":"giftcard-category","embeddable":true,"href":"https:\/\/skinstudio.ee\/lv\/wp-json\/wp\/v2\/giftcard-category?post=71900"}],"curies":[{"name":"wp","href":"https:\/\/api.w.org\/{rel}","templated":true}]}}