{"id":71918,"date":"2023-05-24T17:56:19","date_gmt":"2023-05-24T17:56:19","guid":{"rendered":"https:\/\/skinstudio.ee\/?post_type=product&#038;p=71918"},"modified":"2026-04-03T09:35:22","modified_gmt":"2026-04-03T09:35:22","slug":"h2o-tan-drops-face","status":"publish","type":"product","link":"https:\/\/skinstudio.ee\/lv\/catalog\/james-read-lv\/h2o-tan-drops-face\/","title":{"rendered":"H2O Tan Drops Face"},"content":{"rendered":"<p data-start=\"175\" data-end=\"536\"><strong data-start=\"175\" data-end=\"238\">H2O Tan Drops Face no <span class=\"hover:entity-accent entity-underline inline cursor-pointer align-baseline\"><span class=\"whitespace-normal\">James Read<\/span><\/span><\/strong> ir koncentr\u0113ti sejas pa\u0161iedeguma pilieni ar atjaunin\u0101tu \u201catsvaidzino\u0161a mirdzuma\u201d formulu, kas \u013cauj piln\u012bb\u0101 kontrol\u0113t iedeguma intensit\u0101ti. Vienk\u0101r\u0161i sajauciet pilienus ar savu ikdienas mitrino\u0161o kr\u0113mu vai losjonu, p\u0101rv\u0113r\u0161ot ierasto kop\u0161anu pak\u0101peniskas darb\u012bbas pa\u0161iedegum\u0101 ar dabisku rezult\u0101tu.<\/p>\n<p data-start=\"538\" data-end=\"807\">Pilieni ir piem\u0113roti ar\u012b lieto\u0161anai atsevi\u0161\u0137i k\u0101 serums, ja v\u0113laties izteikt\u0101ku toni. Iedegums att\u012bst\u0101s pak\u0101peniski, ar katru lieto\u0161anas reizi k\u013c\u016bst intens\u012bv\u0101ks un saglab\u0101jas l\u012bdz pat 5 dien\u0101m. Viegl\u0101, \u016bdens b\u0101zes tekst\u016bra \u0113rti iek\u013caujas ikdienas sejas kop\u0161anas rut\u012bn\u0101.<\/p>\n<p data-start=\"809\" data-end=\"1184\"><strong data-start=\"809\" data-end=\"842\">Galven\u0101s akt\u012bv\u0101s sast\u0101vda\u013cas:<\/strong><br data-start=\"842\" data-end=\"845\" \/>\u2013 <strong data-start=\"847\" data-end=\"859\">Ro\u017e\u016bdens<\/strong>: atsvaidzina \u0101du un uzlabo t\u0101s koptu izskatu<br data-start=\"904\" data-end=\"907\" \/>\u2013 <strong data-start=\"909\" data-end=\"926\">Hialuronsk\u0101be<\/strong>: pal\u012bdz uztur\u0113t optim\u0101lu \u0101das mitruma l\u012bmeni<br data-start=\"971\" data-end=\"974\" \/>\u2013 <strong data-start=\"976\" data-end=\"999\">Aloe vera ekstrakts<\/strong>: m\u012bkstina \u0101du un pal\u012bdz nov\u0113rst sausumu<br data-start=\"1039\" data-end=\"1042\" \/>\u2013 <strong data-start=\"1044\" data-end=\"1069\">Pa\u0161iedeguma komplekss<\/strong>: veido pak\u0101penisku un vienm\u0113r\u012bgu iedegumu<br data-start=\"1111\" data-end=\"1114\" \/>\u2013 <strong data-start=\"1116\" data-end=\"1141\">Mitrino\u0161ie komponenti<\/strong>: atbalsta \u0101das komfortu lieto\u0161anas laik\u0101<\/p>\n<p data-start=\"1186\" data-end=\"1346\">Piem\u0113rots visiem \u0101das tipiem un jebkuram \u0101das tonim. Ide\u0101li piem\u0113rots tiem, kas v\u0113las piel\u0101got iedeguma intensit\u0101ti, nemainot ierastos sejas kop\u0161anas l\u012bdzek\u013cus.<\/p>\n<p data-start=\"1348\" data-end=\"1370\"><strong data-start=\"1348\" data-end=\"1359\">Tilpums<\/strong>: 15 ml \/ 30 ml<\/p>\n","protected":false},"excerpt":{"rendered":"<p data-start=\"1611\" data-end=\"1650\">Koncentr\u0113ti sejas pa\u0161iedeguma pilieni<\/p>\n<h2 data-start=\"1652\" data-end=\"1696\"><strong data-start=\"1652\" data-end=\"1696\">\u012apa\u0161\u012bbas James Read &#8211; H2O Tan Drops Face<\/strong><\/h2>\n<p data-start=\"1698\" data-end=\"1881\">\u2714\ufe0f Viegli iek\u013caujas ikdienas kop\u0161an\u0101<br data-start=\"1734\" data-end=\"1737\" \/>\u2714\ufe0f Pal\u012bdz nov\u0113rst \u0101das sausumu<br data-start=\"1767\" data-end=\"1770\" \/>\u2714\ufe0f Pak\u0101peniski veido vienm\u0113r\u012bgu iedegumu<br data-start=\"1810\" data-end=\"1813\" \/>\u2714\ufe0f Pie\u0161\u0137ir \u0101dai svaigu mirdzumu<br data-start=\"1844\" data-end=\"1847\" \/>\u2714\ufe0f Piem\u0113rots jebkuram \u0101das tonim<\/p>\n","protected":false},"featured_media":65807,"template":"","meta":[],"pwb-brand":[1243],"product_brand":[],"product_cat":[772,753],"product_tag":[],"giftcard-category":[],"class_list":{"0":"post-71918","1":"product","2":"type-product","3":"status-publish","4":"has-post-thumbnail","6":"pwb-brand-james-read-lv","7":"product_cat-iedeguma-lidzekli","8":"product_cat-travel-size-lv","9":"pa_suurus-15ml-lv","10":"pa_suurus-30ml-lv","12":"first","13":"instock","14":"taxable","15":"shipping-taxable","16":"purchasable","17":"product-type-variable"},"acf":[],"brands":[{"id":1243,"name":"James Read","slug":"james-read-lv"}],"_links":{"self":[{"href":"https:\/\/skinstudio.ee\/lv\/wp-json\/wp\/v2\/product\/71918","targetHints":{"allow":["GET"]}}],"collection":[{"href":"https:\/\/skinstudio.ee\/lv\/wp-json\/wp\/v2\/product"}],"about":[{"href":"https:\/\/skinstudio.ee\/lv\/wp-json\/wp\/v2\/types\/product"}],"version-history":[{"count":2,"href":"https:\/\/skinstudio.ee\/lv\/wp-json\/wp\/v2\/product\/71918\/revisions"}],"predecessor-version":[{"id":83653,"href":"https:\/\/skinstudio.ee\/lv\/wp-json\/wp\/v2\/product\/71918\/revisions\/83653"}],"wp:featuredmedia":[{"embeddable":true,"href":"https:\/\/skinstudio.ee\/lv\/wp-json\/wp\/v2\/media\/65807"}],"wp:attachment":[{"href":"https:\/\/skinstudio.ee\/lv\/wp-json\/wp\/v2\/media?parent=71918"}],"wp:term":[{"taxonomy":"pwb-brand","embeddable":true,"href":"https:\/\/skinstudio.ee\/lv\/wp-json\/wp\/v2\/pwb-brand?post=71918"},{"taxonomy":"product_brand","embeddable":true,"href":"https:\/\/skinstudio.ee\/lv\/wp-json\/wp\/v2\/product_brand?post=71918"},{"taxonomy":"product_cat","embeddable":true,"href":"https:\/\/skinstudio.ee\/lv\/wp-json\/wp\/v2\/product_cat?post=71918"},{"taxonomy":"product_tag","embeddable":true,"href":"https:\/\/skinstudio.ee\/lv\/wp-json\/wp\/v2\/product_tag?post=71918"},{"taxonomy":"giftcard-category","embeddable":true,"href":"https:\/\/skinstudio.ee\/lv\/wp-json\/wp\/v2\/giftcard-category?post=71918"}],"curies":[{"name":"wp","href":"https:\/\/api.w.org\/{rel}","templated":true}]}}