{"id":71933,"date":"2023-05-24T17:56:48","date_gmt":"2023-05-24T17:56:48","guid":{"rendered":"https:\/\/skinstudio.ee\/?post_type=product&#038;p=71933"},"modified":"2026-04-03T09:35:22","modified_gmt":"2026-04-03T09:35:22","slug":"coconut-dry-oil-tan-body","status":"publish","type":"product","link":"https:\/\/skinstudio.ee\/lv\/catalog\/james-read-lv\/coconut-dry-oil-tan-body\/","title":{"rendered":"Coconut Dry Oil Tan Body"},"content":{"rendered":"<p data-start=\"406\" data-end=\"670\"><strong data-start=\"406\" data-end=\"448\">Coconut Dry Oil Tan Body no James Read<\/strong> ir viegla, caursp\u012bd\u012bga \u0137erme\u0146a emulsija, kas uzkl\u0101\u0161anas laik\u0101 p\u0101rv\u0113r\u0161as saus\u0101 e\u013c\u013c\u0101 un pie\u0161\u0137ir \u0101dai greznu zeltainu iedeguma toni l\u012bdz pat 5 dien\u0101m. E\u013c\u013ca moment\u0101ni no\u017e\u016bst, neatst\u0101j lip\u012bgumu un netraipa rokas vai ap\u0123\u0113rbu.<\/p>\n<p data-start=\"672\" data-end=\"927\">Formula apvieno pa\u0161iedeguma efektu un intens\u012bvu kop\u0161anu: saus\u0101 kokosriekstu e\u013c\u013ca viegli kl\u0101jas uz \u0101das, dzi\u013ci mitrina epidermu un pal\u012bdz nodro\u0161in\u0101t vienm\u0113r\u012bgu, notur\u012bgu iedegumu bez sv\u012btr\u0101m un plankumiem. Iedegums att\u012bst\u0101s pak\u0101peniski un izskat\u0101s dabiski.<\/p>\n<p data-start=\"929\" data-end=\"1338\"><strong data-start=\"929\" data-end=\"962\">Galven\u0101s akt\u012bv\u0101s sast\u0101vda\u013cas:<\/strong><br data-start=\"962\" data-end=\"965\" \/>\u2013 <strong data-start=\"967\" data-end=\"988\">Kokosriekstu e\u013c\u013ca<\/strong>: baro \u0101du un pal\u012bdz saglab\u0101t t\u0101s maigumu<br data-start=\"1029\" data-end=\"1032\" \/>\u2013 <strong data-start=\"1034\" data-end=\"1048\">Vitam\u012bns E<\/strong>: nodro\u0161ina antioksidantu aizsardz\u012bbu un uzlabo \u0101das izskatu<br data-start=\"1108\" data-end=\"1111\" \/>\u2013 <strong data-start=\"1113\" data-end=\"1140\">Antioksidantu komplekss<\/strong>: pal\u012bdz aizsarg\u0101t \u0101du no apk\u0101rt\u0113j\u0101s vides ietekmes<br data-start=\"1191\" data-end=\"1194\" \/>\u2013 <strong data-start=\"1196\" data-end=\"1221\">Pa\u0161iedeguma komplekss<\/strong>: veido vienm\u0113r\u012bgu un notur\u012bgu iedeguma toni<br data-start=\"1265\" data-end=\"1268\" \/>\u2013 <strong data-start=\"1270\" data-end=\"1297\">M\u012bkstino\u0161as sast\u0101vda\u013cas<\/strong>: uzlabo \u0101das komfortu lieto\u0161anas laik\u0101<\/p>\n<p data-start=\"1340\" data-end=\"1392\">Piem\u0113rots visiem \u0101das tipiem un jebkuram \u0101das tonim.<\/p>\n<p data-start=\"1394\" data-end=\"1417\"><strong data-start=\"1394\" data-end=\"1405\">Tilpums<\/strong>: <strong data-start=\"1407\" data-end=\"1417\">100 ml<\/strong><\/p>\n","protected":false},"excerpt":{"rendered":"<p data-start=\"2060\" data-end=\"2104\">Sausa kokosriekstu e\u013c\u013ca ar iedeguma efektu<\/p>\n<h2 data-start=\"2106\" data-end=\"2156\"><strong data-start=\"2106\" data-end=\"2156\">\u012apa\u0161\u012bbas James Read &#8211; Coconut Dry Oil Tan Body<\/strong><\/h2>\n<p data-start=\"2158\" data-end=\"2336\">\u2714\ufe0f Pie\u0161\u0137ir \u0101dai vienm\u0113r\u012bgu zeltainu iedegumu<br data-start=\"2202\" data-end=\"2205\" \/>\u2714\ufe0f Dzi\u013ci mitrina un baro \u0101du<br data-start=\"2233\" data-end=\"2236\" \/>\u2714\ufe0f \u0100tri no\u017e\u016bst bez lip\u012bguma<br data-start=\"2263\" data-end=\"2266\" \/>\u2714\ufe0f Nodro\u0161ina vienm\u0113r\u012bgu uzkl\u0101\u0161anu<br data-start=\"2299\" data-end=\"2302\" \/>\u2714\ufe0f Piem\u0113rota jebkuram \u0101das tonim<\/p>\n","protected":false},"featured_media":65751,"template":"","meta":[],"pwb-brand":[1243],"product_brand":[],"product_cat":[772,757],"product_tag":[],"giftcard-category":[],"class_list":{"0":"post-71933","1":"product","2":"type-product","3":"status-publish","4":"has-post-thumbnail","6":"pwb-brand-james-read-lv","7":"product_cat-iedeguma-lidzekli","8":"product_cat-kermena-kopsana","10":"first","11":"instock","12":"sale","13":"taxable","14":"shipping-taxable","15":"purchasable","16":"product-type-simple"},"acf":[],"brands":[{"id":1243,"name":"James Read","slug":"james-read-lv"}],"_links":{"self":[{"href":"https:\/\/skinstudio.ee\/lv\/wp-json\/wp\/v2\/product\/71933","targetHints":{"allow":["GET"]}}],"collection":[{"href":"https:\/\/skinstudio.ee\/lv\/wp-json\/wp\/v2\/product"}],"about":[{"href":"https:\/\/skinstudio.ee\/lv\/wp-json\/wp\/v2\/types\/product"}],"version-history":[{"count":1,"href":"https:\/\/skinstudio.ee\/lv\/wp-json\/wp\/v2\/product\/71933\/revisions"}],"predecessor-version":[{"id":71934,"href":"https:\/\/skinstudio.ee\/lv\/wp-json\/wp\/v2\/product\/71933\/revisions\/71934"}],"wp:featuredmedia":[{"embeddable":true,"href":"https:\/\/skinstudio.ee\/lv\/wp-json\/wp\/v2\/media\/65751"}],"wp:attachment":[{"href":"https:\/\/skinstudio.ee\/lv\/wp-json\/wp\/v2\/media?parent=71933"}],"wp:term":[{"taxonomy":"pwb-brand","embeddable":true,"href":"https:\/\/skinstudio.ee\/lv\/wp-json\/wp\/v2\/pwb-brand?post=71933"},{"taxonomy":"product_brand","embeddable":true,"href":"https:\/\/skinstudio.ee\/lv\/wp-json\/wp\/v2\/product_brand?post=71933"},{"taxonomy":"product_cat","embeddable":true,"href":"https:\/\/skinstudio.ee\/lv\/wp-json\/wp\/v2\/product_cat?post=71933"},{"taxonomy":"product_tag","embeddable":true,"href":"https:\/\/skinstudio.ee\/lv\/wp-json\/wp\/v2\/product_tag?post=71933"},{"taxonomy":"giftcard-category","embeddable":true,"href":"https:\/\/skinstudio.ee\/lv\/wp-json\/wp\/v2\/giftcard-category?post=71933"}],"curies":[{"name":"wp","href":"https:\/\/api.w.org\/{rel}","templated":true}]}}