{"id":71951,"date":"2023-05-24T17:56:21","date_gmt":"2023-05-24T17:56:21","guid":{"rendered":"https:\/\/skinstudio.ee\/?post_type=product&#038;p=71951"},"modified":"2026-04-03T09:35:22","modified_gmt":"2026-04-03T09:35:22","slug":"h2o-tan-drops-body","status":"publish","type":"product","link":"https:\/\/skinstudio.ee\/lv\/catalog\/james-read-lv\/h2o-tan-drops-body\/","title":{"rendered":"H2O Tan Drops Body"},"content":{"rendered":"<p data-start=\"190\" data-end=\"524\"><strong data-start=\"190\" data-end=\"226\">H2O Tan Drops Body no James Read<\/strong> ir caursp\u012bd\u012bgs, uz \u016bdens b\u0101zes veidots \u0137erme\u0146a serums, ko var kombin\u0113t ar jebkuru \u0137erme\u0146a kop\u0161anas l\u012bdzekli. Vienk\u0101r\u0161i pievienojiet da\u017eus pilienus savam iecien\u012btajam kr\u0113mam, losjonam, e\u013c\u013cai vai saules aizsargl\u012bdzeklim, lai ieg\u016btu individu\u0101li piel\u0101gotu, pak\u0101penisku iedegumu ar dabisku rezult\u0101tu.<\/p>\n<p data-start=\"526\" data-end=\"860\">Viegl\u0101 formula iedarbojas saudz\u012bgi, neietekm\u0113 ierasto \u0137erme\u0146a kop\u0161anas rut\u012bnu un \u013cauj piln\u012bb\u0101 kontrol\u0113t iedeguma intensit\u0101ti \u2013 no viegla mirdzuma l\u012bdz izteikt\u0101kam tonim. Pilieni vienm\u0113r\u012bgi kl\u0101jas uz \u0101das, neaizsprosto poras un neveicina izsitumu veido\u0161anos. Iedegums att\u012bst\u0101s pak\u0101peniski, izskat\u0101s dabiski un saglab\u0101jas l\u012bdz 5 dien\u0101m.<\/p>\n<p data-start=\"862\" data-end=\"1236\"><strong data-start=\"862\" data-end=\"895\">Galven\u0101s akt\u012bv\u0101s sast\u0101vda\u013cas:<\/strong><br data-start=\"895\" data-end=\"898\" \/>\u2013 <strong data-start=\"900\" data-end=\"917\">Hialuronsk\u0101be<\/strong>: pal\u012bdz uztur\u0113t optim\u0101lu \u0101das mitruma l\u012bmeni<br data-start=\"962\" data-end=\"965\" \/>\u2013 <strong data-start=\"967\" data-end=\"977\">Alveja<\/strong>: mazina sausuma saj\u016btu un uzlabo \u0101das komfortu<br data-start=\"1024\" data-end=\"1027\" \/>\u2013 <strong data-start=\"1029\" data-end=\"1041\">Ro\u017e\u016bdens<\/strong>: veicina vienm\u0113r\u012bgu uzkl\u0101\u0161anu un svaigu \u0101das izskatu<br data-start=\"1094\" data-end=\"1097\" \/>\u2013 <strong data-start=\"1099\" data-end=\"1118\">Dab\u012bg\u0101 karamele<\/strong>: pie\u0161\u0137ir \u0101dai t\u016bl\u012bt\u0113ju mirdzuma efektu<br data-start=\"1157\" data-end=\"1160\" \/>\u2013 <strong data-start=\"1162\" data-end=\"1185\">Tantone tehnolo\u0123ija<\/strong>: piel\u0101go iedeguma toni individu\u0101lajam \u0101das tonim<\/p>\n<p data-start=\"1238\" data-end=\"1381\">Piem\u0113rots visiem \u0101das tipiem. Ide\u0101li piem\u0113rots tiem, kas v\u0113las pa\u0161i regul\u0113t iedeguma intensit\u0101ti, nemainot ierastos \u0137erme\u0146a kop\u0161anas l\u012bdzek\u013cus.<\/p>\n<p data-start=\"1383\" data-end=\"1405\"><strong data-start=\"1383\" data-end=\"1394\">Tilpums<\/strong>: <strong data-start=\"1396\" data-end=\"1405\">45 ml<\/strong><\/p>\n","protected":false},"excerpt":{"rendered":"<p data-start=\"1805\" data-end=\"1844\">Koncentr\u0113ti iedeguma pilieni \u0137ermenim<\/p>\n<h2 data-start=\"1846\" data-end=\"1890\"><strong data-start=\"1846\" data-end=\"1890\">\u012apa\u0161\u012bbas James Read &#8211; H2O Tan Drops Body<\/strong><\/h2>\n<p data-start=\"1892\" data-end=\"2089\">\u2714\ufe0f \u013bauj kontrol\u0113t iedeguma intensit\u0101ti<br data-start=\"1930\" data-end=\"1933\" \/>\u2714\ufe0f Savietojami ar jebkuru \u0137erme\u0146a l\u012bdzekli<br data-start=\"1975\" data-end=\"1978\" \/>\u2714\ufe0f Pal\u012bdz nov\u0113rst \u0101das sausumu<br data-start=\"2008\" data-end=\"2011\" \/>\u2714\ufe0f Pie\u0161\u0137ir \u0101dai dabisku mirdzumu<br data-start=\"2043\" data-end=\"2046\" \/>\u2714\ufe0f Veido vienm\u0113r\u012bgu, pak\u0101penisku iedegumu<\/p>\n","protected":false},"featured_media":65756,"template":"","meta":[],"pwb-brand":[1243],"product_brand":[],"product_cat":[772,757,737],"product_tag":[],"giftcard-category":[],"class_list":{"0":"post-71951","1":"product","2":"type-product","3":"status-publish","4":"has-post-thumbnail","6":"pwb-brand-james-read-lv","7":"product_cat-iedeguma-lidzekli","8":"product_cat-kermena-kopsana","9":"product_cat-mitrinasana","11":"first","12":"instock","13":"taxable","14":"shipping-taxable","15":"purchasable","16":"product-type-simple"},"acf":[],"brands":[{"id":1243,"name":"James Read","slug":"james-read-lv"}],"_links":{"self":[{"href":"https:\/\/skinstudio.ee\/lv\/wp-json\/wp\/v2\/product\/71951","targetHints":{"allow":["GET"]}}],"collection":[{"href":"https:\/\/skinstudio.ee\/lv\/wp-json\/wp\/v2\/product"}],"about":[{"href":"https:\/\/skinstudio.ee\/lv\/wp-json\/wp\/v2\/types\/product"}],"version-history":[{"count":1,"href":"https:\/\/skinstudio.ee\/lv\/wp-json\/wp\/v2\/product\/71951\/revisions"}],"predecessor-version":[{"id":71952,"href":"https:\/\/skinstudio.ee\/lv\/wp-json\/wp\/v2\/product\/71951\/revisions\/71952"}],"wp:featuredmedia":[{"embeddable":true,"href":"https:\/\/skinstudio.ee\/lv\/wp-json\/wp\/v2\/media\/65756"}],"wp:attachment":[{"href":"https:\/\/skinstudio.ee\/lv\/wp-json\/wp\/v2\/media?parent=71951"}],"wp:term":[{"taxonomy":"pwb-brand","embeddable":true,"href":"https:\/\/skinstudio.ee\/lv\/wp-json\/wp\/v2\/pwb-brand?post=71951"},{"taxonomy":"product_brand","embeddable":true,"href":"https:\/\/skinstudio.ee\/lv\/wp-json\/wp\/v2\/product_brand?post=71951"},{"taxonomy":"product_cat","embeddable":true,"href":"https:\/\/skinstudio.ee\/lv\/wp-json\/wp\/v2\/product_cat?post=71951"},{"taxonomy":"product_tag","embeddable":true,"href":"https:\/\/skinstudio.ee\/lv\/wp-json\/wp\/v2\/product_tag?post=71951"},{"taxonomy":"giftcard-category","embeddable":true,"href":"https:\/\/skinstudio.ee\/lv\/wp-json\/wp\/v2\/giftcard-category?post=71951"}],"curies":[{"name":"wp","href":"https:\/\/api.w.org\/{rel}","templated":true}]}}