{"id":71958,"date":"2023-05-24T17:56:20","date_gmt":"2023-05-24T17:56:20","guid":{"rendered":"https:\/\/skinstudio.ee\/?post_type=product&#038;p=71958"},"modified":"2026-04-03T09:35:22","modified_gmt":"2026-04-03T09:35:22","slug":"sleep-mask-tan-body","status":"publish","type":"product","link":"https:\/\/skinstudio.ee\/lv\/catalog\/james-read-lv\/sleep-mask-tan-body\/","title":{"rendered":"Sleep Mask Tan Body"},"content":{"rendered":"<p data-start=\"183\" data-end=\"446\"><strong data-start=\"183\" data-end=\"220\">Sleep Mask Tan Body no James Read<\/strong> ir nakts \u0137erme\u0146a maska ar pa\u0161iedeguma efektu, kas miega laik\u0101 pie\u0161\u0137ir \u0101dai v\u0113lamo toni un vienlaikus nodro\u0161ina kopjo\u0161u iedarb\u012bbu. \u0100tri \u017e\u016bsto\u0161\u0101, caursp\u012bd\u012bg\u0101 formula darbojas nakt\u012b, padarot \u0101du no r\u012bta kopt\u0101ku un starojo\u0161\u0101ku.<\/p>\n<p data-start=\"448\" data-end=\"778\">Maig\u0101 tekst\u016bra \u013cauj regul\u0113t iedeguma intensit\u0101ti \u2013 no viegla mirdzuma l\u012bdz bag\u0101t\u012bgam zeltainam tonim, lietojot produktu atk\u0101rtoti. Glud\u0101, z\u012bdain\u0101 konsistence viegli kl\u0101jas uz \u0101das un ir piem\u0113rota lieto\u0161anai vair\u0101kas naktis p\u0113c k\u0101rtas. Tantone tehnolo\u0123ija pal\u012bdz sasniegt dabisku rezult\u0101tu, kas piel\u0101gots individu\u0101lajam \u0101das tonim.<\/p>\n<p data-start=\"780\" data-end=\"1151\"><strong data-start=\"780\" data-end=\"813\">Galven\u0101s akt\u012bv\u0101s sast\u0101vda\u013cas:<\/strong><br data-start=\"813\" data-end=\"816\" \/>\u2013 <strong data-start=\"818\" data-end=\"835\">Hialuronsk\u0101be<\/strong>: pal\u012bdz uztur\u0113t optim\u0101lu \u0101das mitruma l\u012bmeni<br data-start=\"880\" data-end=\"883\" \/>\u2013 <strong data-start=\"885\" data-end=\"896\">Kofe\u012bns<\/strong>: veicina tvirt\u0101ku un toniz\u0113t\u0101ku \u0101das izskatu<br data-start=\"941\" data-end=\"944\" \/>\u2013 <strong data-start=\"946\" data-end=\"971\">Pa\u0161iedeguma komplekss<\/strong>: veido pak\u0101penisku un vienm\u0113r\u012bgu iedegumu<br data-start=\"1013\" data-end=\"1016\" \/>\u2013 <strong data-start=\"1018\" data-end=\"1041\">Tantone tehnolo\u0123ija<\/strong>: piel\u0101go iedeguma toni dabiskajam \u0101das tonim<br data-start=\"1086\" data-end=\"1089\" \/>\u2013 <strong data-start=\"1091\" data-end=\"1115\">Kopjo\u0161as sast\u0101vda\u013cas<\/strong>: uzlabo \u0101das komfortu nakts laik\u0101<\/p>\n<p data-start=\"1153\" data-end=\"1205\">Piem\u0113rots visiem \u0101das tipiem un jebkuram \u0101das tonim.<\/p>\n<p data-start=\"1207\" data-end=\"1230\"><strong data-start=\"1207\" data-end=\"1218\">Tilpums<\/strong>: <strong data-start=\"1220\" data-end=\"1230\">200 ml<\/strong><\/p>\n","protected":false},"excerpt":{"rendered":"<p data-start=\"1520\" data-end=\"1563\">Nakts \u0137erme\u0146a maska \u2013 kop\u0161ana un iedegums<\/p>\n<h2 data-start=\"1565\" data-end=\"1610\"><strong data-start=\"1565\" data-end=\"1610\">\u012apa\u0161\u012bbas James Read &#8211; Sleep Mask Tan Body<\/strong><\/h2>\n<p data-start=\"1612\" data-end=\"1781\">\u2714\ufe0f Pak\u0101peniski veido dabisku iedegumu<br data-start=\"1649\" data-end=\"1652\" \/>\u2714\ufe0f \u0100tri no\u017e\u016bst bez lip\u012bguma<br data-start=\"1679\" data-end=\"1682\" \/>\u2714\ufe0f \u013bauj regul\u0113t iedeguma intensit\u0101ti<br data-start=\"1718\" data-end=\"1721\" \/>\u2714\ufe0f Kopj \u0101du miega laik\u0101<br data-start=\"1744\" data-end=\"1747\" \/>\u2714\ufe0f Piem\u0113rota jebkuram \u0101das tonim<\/p>\n","protected":false},"featured_media":65761,"template":"","meta":[],"pwb-brand":[1243],"product_brand":[],"product_cat":[772],"product_tag":[],"giftcard-category":[],"class_list":{"0":"post-71958","1":"product","2":"type-product","3":"status-publish","4":"has-post-thumbnail","6":"pwb-brand-james-read-lv","7":"product_cat-iedeguma-lidzekli","9":"first","10":"instock","11":"sale","12":"taxable","13":"shipping-taxable","14":"purchasable","15":"product-type-simple"},"acf":[],"brands":[{"id":1243,"name":"James Read","slug":"james-read-lv"}],"_links":{"self":[{"href":"https:\/\/skinstudio.ee\/lv\/wp-json\/wp\/v2\/product\/71958","targetHints":{"allow":["GET"]}}],"collection":[{"href":"https:\/\/skinstudio.ee\/lv\/wp-json\/wp\/v2\/product"}],"about":[{"href":"https:\/\/skinstudio.ee\/lv\/wp-json\/wp\/v2\/types\/product"}],"version-history":[{"count":1,"href":"https:\/\/skinstudio.ee\/lv\/wp-json\/wp\/v2\/product\/71958\/revisions"}],"predecessor-version":[{"id":71959,"href":"https:\/\/skinstudio.ee\/lv\/wp-json\/wp\/v2\/product\/71958\/revisions\/71959"}],"wp:featuredmedia":[{"embeddable":true,"href":"https:\/\/skinstudio.ee\/lv\/wp-json\/wp\/v2\/media\/65761"}],"wp:attachment":[{"href":"https:\/\/skinstudio.ee\/lv\/wp-json\/wp\/v2\/media?parent=71958"}],"wp:term":[{"taxonomy":"pwb-brand","embeddable":true,"href":"https:\/\/skinstudio.ee\/lv\/wp-json\/wp\/v2\/pwb-brand?post=71958"},{"taxonomy":"product_brand","embeddable":true,"href":"https:\/\/skinstudio.ee\/lv\/wp-json\/wp\/v2\/product_brand?post=71958"},{"taxonomy":"product_cat","embeddable":true,"href":"https:\/\/skinstudio.ee\/lv\/wp-json\/wp\/v2\/product_cat?post=71958"},{"taxonomy":"product_tag","embeddable":true,"href":"https:\/\/skinstudio.ee\/lv\/wp-json\/wp\/v2\/product_tag?post=71958"},{"taxonomy":"giftcard-category","embeddable":true,"href":"https:\/\/skinstudio.ee\/lv\/wp-json\/wp\/v2\/giftcard-category?post=71958"}],"curies":[{"name":"wp","href":"https:\/\/api.w.org\/{rel}","templated":true}]}}