{"id":71965,"date":"2023-05-24T17:56:20","date_gmt":"2023-05-24T17:56:20","guid":{"rendered":"https:\/\/skinstudio.ee\/?post_type=product&#038;p=71965"},"modified":"2026-04-03T09:35:22","modified_gmt":"2026-04-03T09:35:22","slug":"coconut-water-tan-mist-face","status":"publish","type":"product","link":"https:\/\/skinstudio.ee\/lv\/catalog\/james-read-lv\/coconut-water-tan-mist-face\/","title":{"rendered":"Coconut Water Tan Mist Face"},"content":{"rendered":"<p data-start=\"148\" data-end=\"451\"><strong data-start=\"148\" data-end=\"193\">Coconut Water Tan Mist Face no James Read<\/strong> ir intens\u012bvi mitrino\u0161s sejas iedeguma sprejs ar izteiktu kokosriekstu arom\u0101tu, kas pie\u0161\u0137ir \u0101dai dabisku zeltainu mirdzumu. Viegl\u0101 migla atsvaidzina \u0101du, uzlabo t\u0101s toni un tekst\u016bru un jau p\u0113c pirmaj\u0101m lieto\u0161anas reiz\u0113m veido maigu saules sk\u016bpst\u012btu efektu.<\/p>\n<p data-start=\"453\" data-end=\"807\">Formula ir balst\u012bta uz dab\u012bgu kokosriekstu \u016bdeni un bag\u0101tin\u0101ta ar antioksidantiem, kas pal\u012bdz atjaunot \u0101das mitruma l\u012bdzsvaru un nodro\u0161ina komforta saj\u016btu. Tauksk\u0101bju aminosk\u0101bes m\u012bkstina jut\u012bgu \u0101du un pal\u012bdz mazin\u0101t kairin\u0101jumu, savuk\u0101rt viegl\u0101 tekst\u016bra ies\u016bcas da\u017eu sekun\u017eu laik\u0101, neatst\u0101jot lip\u012bgumu. Iedegums veidojas pak\u0101peniski un izskat\u0101s dabiski.<\/p>\n<p data-start=\"809\" data-end=\"1200\"><strong data-start=\"809\" data-end=\"842\">Galven\u0101s akt\u012bv\u0101s sast\u0101vda\u013cas:<\/strong><br data-start=\"842\" data-end=\"845\" \/>\u2013 <strong data-start=\"847\" data-end=\"869\">Kokosriekstu \u016bdens<\/strong> \u2013 intens\u012bvi mitrina un atsvaidzina \u0101du<br data-start=\"908\" data-end=\"911\" \/>\u2013 <strong data-start=\"913\" data-end=\"940\">Antioksidantu komplekss<\/strong> \u2013 pal\u012bdz aizsarg\u0101t \u0101du no \u0101r\u0113j\u0101s vides ietekmes<br data-start=\"988\" data-end=\"991\" \/>\u2013 <strong data-start=\"993\" data-end=\"1019\">Tauksk\u0101bju aminosk\u0101bes<\/strong> \u2013 m\u012bkstina \u0101du un uzlabo komfortu<br data-start=\"1053\" data-end=\"1056\" \/>\u2013 <strong data-start=\"1058\" data-end=\"1086\">Hamamelis (raganu lazda)<\/strong> \u2013 pal\u012bdz uztur\u0113t t\u012br\u0101ku \u0101das izskatu<br data-start=\"1123\" data-end=\"1126\" \/>\u2013 <strong data-start=\"1128\" data-end=\"1153\">Pa\u0161iedeguma komplekss<\/strong> \u2013 nodro\u0161ina vienm\u0113r\u012bgu, pak\u0101penisku iedegumu<\/p>\n<p data-start=\"1202\" data-end=\"1333\">Piem\u0113rots visiem \u0101das tipiem un visiem \u0101das to\u0146iem. Ide\u0101li piem\u0113rots ikdienas lieto\u0161anai un iedeguma atsvaidzin\u0101\u0161anai dienas laik\u0101.<\/p>\n<p data-start=\"1335\" data-end=\"1358\"><strong data-start=\"1335\" data-end=\"1346\">Tilpums<\/strong>: <strong data-start=\"1348\" data-end=\"1358\">100 ml<\/strong><\/p>\n","protected":false},"excerpt":{"rendered":"<p data-start=\"1632\" data-end=\"1683\">Sejas iedeguma sprejs uz kokosriekstu \u016bdens b\u0101zes<\/p>\n<h2 data-start=\"1685\" data-end=\"1738\"><strong data-start=\"1685\" data-end=\"1738\">\u012apa\u0161\u012bbas James Read &#8211; Coconut Water Tan Mist Face<\/strong><\/h2>\n<p data-start=\"1740\" data-end=\"1932\">\u2714\ufe0f Pak\u0101peniski veido dabisku zeltainu mirdzumu<br data-start=\"1786\" data-end=\"1789\" \/>\u2714\ufe0f Intens\u012bvi mitrina un atsvaidzina \u0101du<br data-start=\"1828\" data-end=\"1831\" \/>\u2714\ufe0f Viegli uzkl\u0101jas bez sv\u012btr\u0101m<br data-start=\"1861\" data-end=\"1864\" \/>\u2714\ufe0f Uzlabo \u0101das toni un tekst\u016bru<br data-start=\"1895\" data-end=\"1898\" \/>\u2714\ufe0f Piem\u0113rots jebkuram \u0101das tonim<\/p>\n","protected":false},"featured_media":65766,"template":"","meta":[],"pwb-brand":[1243],"product_brand":[],"product_cat":[772],"product_tag":[],"giftcard-category":[],"class_list":{"0":"post-71965","1":"product","2":"type-product","3":"status-publish","4":"has-post-thumbnail","6":"pwb-brand-james-read-lv","7":"product_cat-iedeguma-lidzekli","8":"pa_suurus-100ml-lv","9":"pa_suurus-30ml-lv","11":"first","12":"instock","13":"taxable","14":"shipping-taxable","15":"purchasable","16":"product-type-simple"},"acf":[],"brands":[{"id":1243,"name":"James Read","slug":"james-read-lv"}],"_links":{"self":[{"href":"https:\/\/skinstudio.ee\/lv\/wp-json\/wp\/v2\/product\/71965","targetHints":{"allow":["GET"]}}],"collection":[{"href":"https:\/\/skinstudio.ee\/lv\/wp-json\/wp\/v2\/product"}],"about":[{"href":"https:\/\/skinstudio.ee\/lv\/wp-json\/wp\/v2\/types\/product"}],"version-history":[{"count":1,"href":"https:\/\/skinstudio.ee\/lv\/wp-json\/wp\/v2\/product\/71965\/revisions"}],"predecessor-version":[{"id":71966,"href":"https:\/\/skinstudio.ee\/lv\/wp-json\/wp\/v2\/product\/71965\/revisions\/71966"}],"wp:featuredmedia":[{"embeddable":true,"href":"https:\/\/skinstudio.ee\/lv\/wp-json\/wp\/v2\/media\/65766"}],"wp:attachment":[{"href":"https:\/\/skinstudio.ee\/lv\/wp-json\/wp\/v2\/media?parent=71965"}],"wp:term":[{"taxonomy":"pwb-brand","embeddable":true,"href":"https:\/\/skinstudio.ee\/lv\/wp-json\/wp\/v2\/pwb-brand?post=71965"},{"taxonomy":"product_brand","embeddable":true,"href":"https:\/\/skinstudio.ee\/lv\/wp-json\/wp\/v2\/product_brand?post=71965"},{"taxonomy":"product_cat","embeddable":true,"href":"https:\/\/skinstudio.ee\/lv\/wp-json\/wp\/v2\/product_cat?post=71965"},{"taxonomy":"product_tag","embeddable":true,"href":"https:\/\/skinstudio.ee\/lv\/wp-json\/wp\/v2\/product_tag?post=71965"},{"taxonomy":"giftcard-category","embeddable":true,"href":"https:\/\/skinstudio.ee\/lv\/wp-json\/wp\/v2\/giftcard-category?post=71965"}],"curies":[{"name":"wp","href":"https:\/\/api.w.org\/{rel}","templated":true}]}}