{"id":71972,"date":"2023-05-24T17:56:20","date_gmt":"2023-05-24T17:56:20","guid":{"rendered":"https:\/\/skinstudio.ee\/?post_type=product&#038;p=71972"},"modified":"2026-04-03T09:35:22","modified_gmt":"2026-04-03T09:35:22","slug":"coconut-water-tan-mist-body","status":"publish","type":"product","link":"https:\/\/skinstudio.ee\/lv\/catalog\/james-read\/coconut-water-tan-mist-body\/","title":{"rendered":"Coconut Water Tan Mist Body"},"content":{"rendered":"<p data-start=\"278\" data-end=\"613\"><strong data-start=\"278\" data-end=\"323\">Coconut Water Tan Mist Body no James Read<\/strong> ir jauns produkts no Gradual kategorijas, kas jau p\u0113c daudzaj\u0101m atsauksm\u0113m pretend\u0113 k\u013c\u016bt par vienu no popul\u0101r\u0101kajiem z\u012bmola produktiem. Caursp\u012bd\u012bgs \u0137erme\u0146a sprejs ar pat\u012bkamu kokosriekstu arom\u0101tu viegli un \u0101tri kl\u0101jas uz \u0101das, mitrina to un pie\u0161\u0137ir maigu, dabisku zeltainu iedeguma toni.<\/p>\n<p data-start=\"615\" data-end=\"961\">Formula ir balst\u012bta uz kokosriekstu \u016bdeni un bag\u0101tin\u0101ta ar antioksidantiem un vitam\u012bniem, kas pal\u012bdz atjaunot \u0101du, padarot to maigu, gludu un z\u012bdainu. Viegl\u0101 tekst\u016bra acumirkl\u012b ies\u016bcas, neatst\u0101j lip\u012bgumu un \u013cauj pak\u0101peniski pastiprin\u0101t iedeguma intensit\u0101ti, regul\u0101ri lietojot produktu. Vienm\u0113r\u012bgai uzkl\u0101\u0161anai ieteicams izmantot pa\u0161iedeguma cimdu.<\/p>\n<p data-start=\"963\" data-end=\"1335\"><strong data-start=\"963\" data-end=\"996\">Galven\u0101s akt\u012bv\u0101s sast\u0101vda\u013cas:<\/strong><br data-start=\"996\" data-end=\"999\" \/>\u2013 <strong data-start=\"1001\" data-end=\"1023\">Kokosriekstu \u016bdens<\/strong>: mitrina \u0101du un pal\u012bdz saglab\u0101t t\u0101s svaigu izskatu<br data-start=\"1074\" data-end=\"1077\" \/>\u2013 <strong data-start=\"1079\" data-end=\"1107\">Hamamelis (raganu lazda)<\/strong>: veicina vienm\u0113r\u012bg\u0101ku \u0101das toni<br data-start=\"1139\" data-end=\"1142\" \/>\u2013 <strong data-start=\"1144\" data-end=\"1154\">Alveja<\/strong>: nomierina \u0101du un pal\u012bdz nov\u0113rst sausumu<br data-start=\"1195\" data-end=\"1198\" \/>\u2013 <strong data-start=\"1200\" data-end=\"1217\">Hialuronsk\u0101be<\/strong>: uztur optim\u0101lu \u0101das mitruma l\u012bmeni<br data-start=\"1253\" data-end=\"1256\" \/>\u2013 <strong data-start=\"1258\" data-end=\"1272\">Vitam\u012bns E<\/strong>: nodro\u0161ina antioksidantu aizsardz\u012bbu un uzlabo \u0101das st\u0101vokli<\/p>\n<p data-start=\"1337\" data-end=\"1463\">Piem\u0113rots visiem \u0101das tipiem un visiem \u0101das to\u0146iem. Ide\u0101ls tiem, kas v\u0113las vieglu, pak\u0101penisku iedegumu bez \u0101das noslogo\u0161anas.<\/p>\n<p data-start=\"1465\" data-end=\"1488\"><strong data-start=\"1465\" data-end=\"1476\">Tilpums<\/strong>: <strong data-start=\"1478\" data-end=\"1488\">200 ml<\/strong><\/p>\n","protected":false},"excerpt":{"rendered":"<p data-start=\"2092\" data-end=\"2146\">Kokosriekstu \u016bdens \u0137erme\u0146a sprejs ar iedeguma efektu<\/p>\n<h2 data-start=\"2148\" data-end=\"2201\"><strong data-start=\"2148\" data-end=\"2201\">\u012apa\u0161\u012bbas James Read &#8211; Coconut Water Tan Mist Body<\/strong><\/h2>\n<p data-start=\"2203\" data-end=\"2383\">\u2714\ufe0f Pak\u0101peniski pie\u0161\u0137ir \u0101dai zeltainu toni<br data-start=\"2244\" data-end=\"2247\" \/>\u2714\ufe0f \u0100tri no\u017e\u016bst bez lip\u012bguma<br data-start=\"2274\" data-end=\"2277\" \/>\u2714\ufe0f Intens\u012bvi mitrina un m\u012bkstina \u0101du<br data-start=\"2313\" data-end=\"2316\" \/>\u2714\ufe0f Padara \u0101du gludu un z\u012bdainu<br data-start=\"2346\" data-end=\"2349\" \/>\u2714\ufe0f Piem\u0113rots jebkuram \u0101das tonim<\/p>\n","protected":false},"featured_media":65771,"template":"","meta":[],"pwb-brand":[1243],"product_brand":[],"product_cat":[772,757,737],"product_tag":[],"giftcard-category":[],"class_list":{"0":"post-71972","1":"product","2":"type-product","3":"status-publish","4":"has-post-thumbnail","6":"pwb-brand-james-read","7":"product_cat-iedeguma-lidzekli","8":"product_cat-kermena-kopsana","9":"product_cat-mitrinasana","11":"first","12":"instock","13":"taxable","14":"shipping-taxable","15":"purchasable","16":"product-type-simple"},"acf":[],"brands":[{"id":1243,"name":"James Read","slug":"james-read"}],"_links":{"self":[{"href":"https:\/\/skinstudio.ee\/lv\/wp-json\/wp\/v2\/product\/71972","targetHints":{"allow":["GET"]}}],"collection":[{"href":"https:\/\/skinstudio.ee\/lv\/wp-json\/wp\/v2\/product"}],"about":[{"href":"https:\/\/skinstudio.ee\/lv\/wp-json\/wp\/v2\/types\/product"}],"version-history":[{"count":1,"href":"https:\/\/skinstudio.ee\/lv\/wp-json\/wp\/v2\/product\/71972\/revisions"}],"predecessor-version":[{"id":71973,"href":"https:\/\/skinstudio.ee\/lv\/wp-json\/wp\/v2\/product\/71972\/revisions\/71973"}],"wp:featuredmedia":[{"embeddable":true,"href":"https:\/\/skinstudio.ee\/lv\/wp-json\/wp\/v2\/media\/65771"}],"wp:attachment":[{"href":"https:\/\/skinstudio.ee\/lv\/wp-json\/wp\/v2\/media?parent=71972"}],"wp:term":[{"taxonomy":"pwb-brand","embeddable":true,"href":"https:\/\/skinstudio.ee\/lv\/wp-json\/wp\/v2\/pwb-brand?post=71972"},{"taxonomy":"product_brand","embeddable":true,"href":"https:\/\/skinstudio.ee\/lv\/wp-json\/wp\/v2\/product_brand?post=71972"},{"taxonomy":"product_cat","embeddable":true,"href":"https:\/\/skinstudio.ee\/lv\/wp-json\/wp\/v2\/product_cat?post=71972"},{"taxonomy":"product_tag","embeddable":true,"href":"https:\/\/skinstudio.ee\/lv\/wp-json\/wp\/v2\/product_tag?post=71972"},{"taxonomy":"giftcard-category","embeddable":true,"href":"https:\/\/skinstudio.ee\/lv\/wp-json\/wp\/v2\/giftcard-category?post=71972"}],"curies":[{"name":"wp","href":"https:\/\/api.w.org\/{rel}","templated":true}]}}