{"id":71979,"date":"2023-05-24T17:56:20","date_gmt":"2023-05-24T17:56:20","guid":{"rendered":"https:\/\/skinstudio.ee\/?post_type=product&#038;p=71979"},"modified":"2026-04-03T09:35:22","modified_gmt":"2026-04-03T09:35:22","slug":"tanning-mitt","status":"publish","type":"product","link":"https:\/\/skinstudio.ee\/lv\/catalog\/james-read-lv\/tanning-mitt\/","title":{"rendered":"Tanning Mitt"},"content":{"rendered":"<p data-start=\"122\" data-end=\"452\"><strong data-start=\"122\" data-end=\"152\">Tanning Mitt no James Read<\/strong> ir \u012bpa\u0161i m\u012bksta, divpus\u0113ja pa\u0161iedeguma uzkl\u0101\u0161anas cimds no augstas kvalit\u0101tes mikro\u0161\u0137iedras, kas paredz\u0113ts nevainojama, bez sv\u012btr\u0101m iedeguma ieg\u016b\u0161anai ar dabisku rezult\u0101tu. Cimds \u013cauj vienm\u0113r\u012bgi uzkl\u0101t pa\u0161iedeguma l\u012bdzek\u013cus un pal\u012bdz izvair\u012bties no plankumiem un l\u012bnij\u0101m iedeguma veido\u0161an\u0101s laik\u0101.<\/p>\n<p data-start=\"454\" data-end=\"748\">Unik\u0101lais \u016bdeni atgr\u016bdo\u0161ais sl\u0101nis nov\u0113r\u0161 l\u012bdzek\u013ca ies\u016bk\u0161anos un aizsarg\u0101 plaukstas no iekr\u0101so\u0161an\u0101s lieto\u0161anas laik\u0101. Cimds ir piem\u0113rots visu James Read pa\u0161iedeguma produktu uzkl\u0101\u0161anai un to var izmantot gan sejai, gan \u0137ermenim. M\u012bkst\u0101 tekst\u016bra nodro\u0161ina \u0113rtu lieto\u0161anu un vienm\u0113r\u012bgu rezult\u0101tu.<\/p>\n<p data-start=\"750\" data-end=\"850\">Piem\u0113rots visiem pa\u0161iedeguma l\u012bdzek\u013cu veidiem, tostarp put\u0101m, kr\u0113miem, losjoniem, e\u013c\u013c\u0101m un sprejiem.<\/p>\n","protected":false},"excerpt":{"rendered":"<p data-start=\"1144\" data-end=\"1174\">Pa\u0161iedeguma uzkl\u0101\u0161anas cimds<\/p>\n<h2 data-start=\"1176\" data-end=\"1214\"><strong data-start=\"1176\" data-end=\"1214\">\u012apa\u0161\u012bbas James Read &#8211; Tanning Mitt<\/strong><\/h2>\n<p data-start=\"1216\" data-end=\"1413\">\u2714\ufe0f Nodro\u0161ina vienm\u0113r\u012bgu uzkl\u0101\u0161anu bez sv\u012btr\u0101m<br data-start=\"1261\" data-end=\"1264\" \/>\u2714\ufe0f Aizsarg\u0101 plaukstas no iekr\u0101so\u0161an\u0101s<br data-start=\"1301\" data-end=\"1304\" \/>\u2714\ufe0f Piem\u0113rots sejai un \u0137ermenim<br data-start=\"1334\" data-end=\"1337\" \/>\u2714\ufe0f Sader\u012bgs ar visiem pa\u0161iedeguma l\u012bdzek\u013ciem<br data-start=\"1381\" data-end=\"1384\" \/>\u2714\ufe0f M\u012bksts un \u0113rts lieto\u0161an\u0101<\/p>\n","protected":false},"featured_media":65776,"template":"","meta":[],"pwb-brand":[1243],"product_brand":[],"product_cat":[772,757],"product_tag":[],"giftcard-category":[],"class_list":{"0":"post-71979","1":"product","2":"type-product","3":"status-publish","4":"has-post-thumbnail","6":"pwb-brand-james-read-lv","7":"product_cat-iedeguma-lidzekli","8":"product_cat-kermena-kopsana","10":"first","11":"instock","12":"taxable","13":"shipping-taxable","14":"purchasable","15":"product-type-simple"},"acf":[],"brands":[{"id":1243,"name":"James Read","slug":"james-read-lv"}],"_links":{"self":[{"href":"https:\/\/skinstudio.ee\/lv\/wp-json\/wp\/v2\/product\/71979","targetHints":{"allow":["GET"]}}],"collection":[{"href":"https:\/\/skinstudio.ee\/lv\/wp-json\/wp\/v2\/product"}],"about":[{"href":"https:\/\/skinstudio.ee\/lv\/wp-json\/wp\/v2\/types\/product"}],"version-history":[{"count":1,"href":"https:\/\/skinstudio.ee\/lv\/wp-json\/wp\/v2\/product\/71979\/revisions"}],"predecessor-version":[{"id":71981,"href":"https:\/\/skinstudio.ee\/lv\/wp-json\/wp\/v2\/product\/71979\/revisions\/71981"}],"wp:featuredmedia":[{"embeddable":true,"href":"https:\/\/skinstudio.ee\/lv\/wp-json\/wp\/v2\/media\/65776"}],"wp:attachment":[{"href":"https:\/\/skinstudio.ee\/lv\/wp-json\/wp\/v2\/media?parent=71979"}],"wp:term":[{"taxonomy":"pwb-brand","embeddable":true,"href":"https:\/\/skinstudio.ee\/lv\/wp-json\/wp\/v2\/pwb-brand?post=71979"},{"taxonomy":"product_brand","embeddable":true,"href":"https:\/\/skinstudio.ee\/lv\/wp-json\/wp\/v2\/product_brand?post=71979"},{"taxonomy":"product_cat","embeddable":true,"href":"https:\/\/skinstudio.ee\/lv\/wp-json\/wp\/v2\/product_cat?post=71979"},{"taxonomy":"product_tag","embeddable":true,"href":"https:\/\/skinstudio.ee\/lv\/wp-json\/wp\/v2\/product_tag?post=71979"},{"taxonomy":"giftcard-category","embeddable":true,"href":"https:\/\/skinstudio.ee\/lv\/wp-json\/wp\/v2\/giftcard-category?post=71979"}],"curies":[{"name":"wp","href":"https:\/\/api.w.org\/{rel}","templated":true}]}}