{"id":71988,"date":"2023-05-24T17:56:19","date_gmt":"2023-05-24T17:56:19","guid":{"rendered":"https:\/\/skinstudio.ee\/?post_type=product&#038;p=71988"},"modified":"2026-04-03T09:35:22","modified_gmt":"2026-04-03T09:35:22","slug":"click-glow-face","status":"publish","type":"product","link":"https:\/\/skinstudio.ee\/lv\/catalog\/james-read\/click-glow-face\/","title":{"rendered":"Click &#038; Glow Face"},"content":{"rendered":"<div class=\"flex flex-col text-sm pb-25\">\n<article class=\"text-token-text-primary w-full focus:outline-none [--shadow-height:45px] has-data-writing-block:pointer-events-none has-data-writing-block:-mt-(--shadow-height) has-data-writing-block:pt-(--shadow-height) [&amp;:has([data-writing-block])&gt;*]:pointer-events-auto scroll-mt-[calc(var(--header-height)+min(200px,max(70px,20svh)))]\" dir=\"auto\" tabindex=\"-1\" data-turn-id=\"request-WEB:80bdf7eb-750c-4056-891b-914b96544065-85\" data-testid=\"conversation-turn-150\" data-scroll-anchor=\"true\" data-turn=\"assistant\">\n<div class=\"text-base my-auto mx-auto pb-10 [--thread-content-margin:--spacing(4)] @w-sm\/main:[--thread-content-margin:--spacing(6)] @w-lg\/main:[--thread-content-margin:--spacing(16)] px-(--thread-content-margin)\">\n<div class=\"[--thread-content-max-width:40rem] @w-lg\/main:[--thread-content-max-width:48rem] mx-auto max-w-(--thread-content-max-width) flex-1 group\/turn-messages focus-visible:outline-hidden relative flex w-full min-w-0 flex-col agent-turn\" tabindex=\"-1\">\n<div class=\"flex max-w-full flex-col grow\">\n<div class=\"min-h-8 text-message relative flex w-full flex-col items-end gap-2 text-start break-words whitespace-normal [.text-message+&amp;]:mt-1\" dir=\"auto\" data-message-author-role=\"assistant\" data-message-id=\"1194d576-482c-4eb5-b7ff-f11f2c643d85\" data-message-model-slug=\"gpt-5-2\">\n<div class=\"flex w-full flex-col gap-1 empty:hidden first:pt-[1px]\">\n<div class=\"streaming-animation markdown prose dark:prose-invert w-full break-words light markdown-new-styling\">\n<p data-start=\"175\" data-end=\"491\"><strong data-start=\"175\" data-end=\"210\">Click &amp; Glow Face no James Read<\/strong> ir koncentr\u0113ti multivitam\u012bnu \u017eelejas pilieni sejas iedegumam, kas paredz\u0113ti \u0101trai un \u0113rtai lieto\u0161anai, ar\u012b ce\u013cojumu laik\u0101. Produkts viegli sajaucas ar ikdienas mitrino\u0161o kr\u0113mu un \u013cauj individu\u0101li piel\u0101got iedeguma intensit\u0101ti \u2014 no viegla mirdzuma l\u012bdz bag\u0101t\u012bgam zeltainam tonim.<\/p>\n<p data-start=\"493\" data-end=\"827\">Formula satur inkapsul\u0113tu C vitam\u012bnu, kas pal\u012bdz uzlabot \u0101das svaigumu un mirdzumu, savuk\u0101rt hialuronsk\u0101be nodro\u0161ina optim\u0101lu \u0101das mitrin\u0101\u0161anu. Dab\u012bg\u0101 karamele pie\u0161\u0137ir \u0101dai t\u016bl\u012bt\u0113ju starojumu un vizu\u0101li izl\u012bdzina \u0101das toni. Viegl\u0101 \u017eelejas tekst\u016bra vienm\u0113r\u012bgi kl\u0101jas, netrauc\u0113 ikdienas \u0101das kop\u0161anai un ir piem\u0113rota visiem \u0101das to\u0146iem.<\/p>\n<p data-start=\"829\" data-end=\"1177\"><strong data-start=\"829\" data-end=\"862\">Galven\u0101s akt\u012bv\u0101s sast\u0101vda\u013cas:<\/strong><br data-start=\"862\" data-end=\"865\" \/>\u2013 <strong data-start=\"867\" data-end=\"893\">Inkapsul\u0113ts C vitam\u012bns<\/strong>: pal\u012bdz uzlabot \u0101das mirdzumu un izskatu<br data-start=\"934\" data-end=\"937\" \/>\u2013 <strong data-start=\"939\" data-end=\"956\">Hialuronsk\u0101be<\/strong>: mitrina \u0101du un nodro\u0161ina komfortu<br data-start=\"991\" data-end=\"994\" \/>\u2013 <strong data-start=\"996\" data-end=\"1015\">Dab\u012bg\u0101 karamele<\/strong>: pie\u0161\u0137ir \u0101dai t\u016bl\u012bt\u0113ju starojumu<br data-start=\"1048\" data-end=\"1051\" \/>\u2013 <strong data-start=\"1053\" data-end=\"1078\">Pa\u0161iedeguma komplekss<\/strong>: veido vienm\u0113r\u012bgu un pak\u0101penisku iedegumu<br data-start=\"1120\" data-end=\"1123\" \/>\u2013 <strong data-start=\"1125\" data-end=\"1135\">Alveja<\/strong>: m\u012bkstina \u0101du un pal\u012bdz nov\u0113rst sausumu<\/p>\n<p data-start=\"1179\" data-end=\"1303\">Piem\u0113rots visiem \u0101das tipiem un visiem \u0101das to\u0146iem. Ide\u0101li piem\u0113rots tiem, kas v\u0113las piln\u012bb\u0101 kontrol\u0113t iedeguma intensit\u0101ti.<\/p>\n<p data-start=\"1305\" data-end=\"1327\"><strong data-start=\"1305\" data-end=\"1316\">Tilpums<\/strong>: <strong data-start=\"1318\" data-end=\"1327\">15 ml<\/strong><\/p>\n<\/div>\n<\/div>\n<\/div>\n<\/div>\n<\/div>\n<\/div>\n<\/article>\n<\/div>\n","protected":false},"excerpt":{"rendered":"<p data-start=\"1666\" data-end=\"1711\">Koncentr\u0113ti \u017eelejas pilieni sejas iedegumam<\/p>\n<h2 data-start=\"1713\" data-end=\"1756\"><strong data-start=\"1713\" data-end=\"1756\">\u012apa\u0161\u012bbas James Read &#8211; Click &amp; Glow Face<\/strong><\/h2>\n<p data-start=\"1758\" data-end=\"1932\">\u2714\ufe0f \u013bauj regul\u0113t iedeguma intensit\u0101ti<br data-start=\"1794\" data-end=\"1797\" \/>\u2714\ufe0f Pie\u0161\u0137ir \u0101dai t\u016bl\u012bt\u0113ju mirdzumu<br data-start=\"1830\" data-end=\"1833\" \/>\u2714\ufe0f Mitrina un atsvaidzina \u0101du<br data-start=\"1862\" data-end=\"1865\" \/>\u2714\ufe0f Veido dabisku un vienm\u0113r\u012bgu toni<br data-start=\"1900\" data-end=\"1903\" \/>\u2714\ufe0f \u0112rti lietojams ce\u013cojumos<\/p>\n","protected":false},"featured_media":65781,"template":"","meta":[],"pwb-brand":[1243],"product_brand":[],"product_cat":[772],"product_tag":[],"giftcard-category":[],"class_list":{"0":"post-71988","1":"product","2":"type-product","3":"status-publish","4":"has-post-thumbnail","6":"pwb-brand-james-read","7":"product_cat-iedeguma-lidzekli","9":"first","10":"instock","11":"taxable","12":"shipping-taxable","13":"purchasable","14":"product-type-simple"},"acf":[],"brands":[{"id":1243,"name":"James Read","slug":"james-read"}],"_links":{"self":[{"href":"https:\/\/skinstudio.ee\/lv\/wp-json\/wp\/v2\/product\/71988","targetHints":{"allow":["GET"]}}],"collection":[{"href":"https:\/\/skinstudio.ee\/lv\/wp-json\/wp\/v2\/product"}],"about":[{"href":"https:\/\/skinstudio.ee\/lv\/wp-json\/wp\/v2\/types\/product"}],"version-history":[{"count":1,"href":"https:\/\/skinstudio.ee\/lv\/wp-json\/wp\/v2\/product\/71988\/revisions"}],"predecessor-version":[{"id":71989,"href":"https:\/\/skinstudio.ee\/lv\/wp-json\/wp\/v2\/product\/71988\/revisions\/71989"}],"wp:featuredmedia":[{"embeddable":true,"href":"https:\/\/skinstudio.ee\/lv\/wp-json\/wp\/v2\/media\/65781"}],"wp:attachment":[{"href":"https:\/\/skinstudio.ee\/lv\/wp-json\/wp\/v2\/media?parent=71988"}],"wp:term":[{"taxonomy":"pwb-brand","embeddable":true,"href":"https:\/\/skinstudio.ee\/lv\/wp-json\/wp\/v2\/pwb-brand?post=71988"},{"taxonomy":"product_brand","embeddable":true,"href":"https:\/\/skinstudio.ee\/lv\/wp-json\/wp\/v2\/product_brand?post=71988"},{"taxonomy":"product_cat","embeddable":true,"href":"https:\/\/skinstudio.ee\/lv\/wp-json\/wp\/v2\/product_cat?post=71988"},{"taxonomy":"product_tag","embeddable":true,"href":"https:\/\/skinstudio.ee\/lv\/wp-json\/wp\/v2\/product_tag?post=71988"},{"taxonomy":"giftcard-category","embeddable":true,"href":"https:\/\/skinstudio.ee\/lv\/wp-json\/wp\/v2\/giftcard-category?post=71988"}],"curies":[{"name":"wp","href":"https:\/\/api.w.org\/{rel}","templated":true}]}}