{"id":71995,"date":"2023-05-24T17:56:19","date_gmt":"2023-05-24T17:56:19","guid":{"rendered":"https:\/\/skinstudio.ee\/?post_type=product&#038;p=71995"},"modified":"2026-04-03T09:35:22","modified_gmt":"2026-04-03T09:35:22","slug":"h2o-hydrating-mousse","status":"publish","type":"product","link":"https:\/\/skinstudio.ee\/lv\/catalog\/james-read-lv\/h2o-hydrating-mousse\/","title":{"rendered":"H2O Hydrating Mousse"},"content":{"rendered":"<p data-start=\"119\" data-end=\"426\"><strong data-start=\"119\" data-end=\"157\">H2O Hydrating Mousse no James Read<\/strong> ir pak\u0101peniskas iedarb\u012bbas pa\u0161iedeguma aqua putas, kas pie\u0161\u0137ir \u0101dai dabisku mirdzumu un vienm\u0113r\u012bgu, saul\u0113 sk\u016bpst\u012btu toni. Viegl\u0101, uz \u016bdens b\u0101zes veidot\u0101 tekst\u016bra viegli kl\u0101jas uz \u0101das, \u0101tri ies\u016bcas un \u013cauj iedegumam att\u012bst\u012bties pak\u0101peniski bez sv\u012btr\u0101m un plankumiem.<\/p>\n<p data-start=\"428\" data-end=\"662\">Formula apvieno pa\u0161iedeguma kompleksu ar intens\u012bvi mitrino\u0161\u0101m sast\u0101vda\u013c\u0101m, nodro\u0161inot \u0101das komfortu visa to\u0146a veido\u0161an\u0101s laik\u0101. Putas pal\u012bdz saglab\u0101t \u0101du maigu, gludu un vizu\u0101li koptu, savuk\u0101rt rezult\u0101ts izskat\u0101s dabisks un starojo\u0161s.<\/p>\n<p data-start=\"664\" data-end=\"1036\"><strong data-start=\"664\" data-end=\"697\">Galven\u0101s akt\u012bv\u0101s sast\u0101vda\u013cas:<\/strong><br data-start=\"697\" data-end=\"700\" \/>\u2013 <strong data-start=\"702\" data-end=\"723\">Melones ekstrakts<\/strong>: pal\u012bdz mitrin\u0101t \u0101du un saglab\u0101t svaigu izskatu<br data-start=\"771\" data-end=\"774\" \/>\u2013 <strong data-start=\"776\" data-end=\"795\">Mango ekstrakts<\/strong>: m\u012bkstina \u0101du un uzlabo t\u0101s tekst\u016bru<br data-start=\"832\" data-end=\"835\" \/>\u2013 <strong data-start=\"837\" data-end=\"858\">Kaktusa ekstrakts<\/strong>: pal\u012bdz uztur\u0113t \u0101das mitruma l\u012bdzsvaru<br data-start=\"897\" data-end=\"900\" \/>\u2013 <strong data-start=\"902\" data-end=\"924\">Papaijas ekstrakts<\/strong>: veicina vienm\u0113r\u012bg\u0101ku un glud\u0101ku \u0101das toni<br data-start=\"967\" data-end=\"970\" \/>\u2013 <strong data-start=\"972\" data-end=\"989\">Hialuronsk\u0101be<\/strong>: intens\u012bvi mitrina un pal\u012bdz nov\u0113rst sausumu<\/p>\n<p data-start=\"1038\" data-end=\"1184\">Piem\u0113rots visiem \u0101das tipiem un visiem \u0101das to\u0146iem. Ide\u0101li piem\u0113rots tiem, kas dod priek\u0161roku vieglam, pak\u0101peniskam iedegumam ar mitrino\u0161u efektu.<\/p>\n<p data-start=\"1186\" data-end=\"1209\"><strong data-start=\"1186\" data-end=\"1197\">Tilpums<\/strong>: <strong data-start=\"1199\" data-end=\"1209\">200 ml<\/strong><\/p>\n","protected":false},"excerpt":{"rendered":"<p data-start=\"1851\" data-end=\"1875\">Pa\u0161iedeguma aqua putas<\/p>\n<h2 data-start=\"1877\" data-end=\"1923\"><strong data-start=\"1877\" data-end=\"1923\">\u012apa\u0161\u012bbas James Read &#8211; H2O Hydrating Mousse<\/strong><\/h2>\n<p data-start=\"1925\" data-end=\"2096\">\u2714\ufe0f Pak\u0101peniski veido dabisku iedeguma toni<br data-start=\"1967\" data-end=\"1970\" \/>\u2714\ufe0f Vienm\u0113r\u012bgi kl\u0101jas bez sv\u012btr\u0101m<br data-start=\"2002\" data-end=\"2005\" \/>\u2714\ufe0f Intens\u012bvi mitrina \u0101du<br data-start=\"2029\" data-end=\"2032\" \/>\u2714\ufe0f Padara \u0101du maigu un gludu<br data-start=\"2060\" data-end=\"2063\" \/>\u2714\ufe0f Piem\u0113rots visiem \u0101das to\u0146iem<\/p>\n","protected":false},"featured_media":65796,"template":"","meta":[],"pwb-brand":[1243],"product_brand":[],"product_cat":[772,757,737],"product_tag":[],"giftcard-category":[],"class_list":{"0":"post-71995","1":"product","2":"type-product","3":"status-publish","4":"has-post-thumbnail","6":"pwb-brand-james-read-lv","7":"product_cat-iedeguma-lidzekli","8":"product_cat-kermena-kopsana","9":"product_cat-mitrinasana","11":"first","12":"instock","13":"taxable","14":"shipping-taxable","15":"purchasable","16":"product-type-simple"},"acf":[],"brands":[{"id":1243,"name":"James Read","slug":"james-read-lv"}],"_links":{"self":[{"href":"https:\/\/skinstudio.ee\/lv\/wp-json\/wp\/v2\/product\/71995","targetHints":{"allow":["GET"]}}],"collection":[{"href":"https:\/\/skinstudio.ee\/lv\/wp-json\/wp\/v2\/product"}],"about":[{"href":"https:\/\/skinstudio.ee\/lv\/wp-json\/wp\/v2\/types\/product"}],"version-history":[{"count":1,"href":"https:\/\/skinstudio.ee\/lv\/wp-json\/wp\/v2\/product\/71995\/revisions"}],"predecessor-version":[{"id":71996,"href":"https:\/\/skinstudio.ee\/lv\/wp-json\/wp\/v2\/product\/71995\/revisions\/71996"}],"wp:featuredmedia":[{"embeddable":true,"href":"https:\/\/skinstudio.ee\/lv\/wp-json\/wp\/v2\/media\/65796"}],"wp:attachment":[{"href":"https:\/\/skinstudio.ee\/lv\/wp-json\/wp\/v2\/media?parent=71995"}],"wp:term":[{"taxonomy":"pwb-brand","embeddable":true,"href":"https:\/\/skinstudio.ee\/lv\/wp-json\/wp\/v2\/pwb-brand?post=71995"},{"taxonomy":"product_brand","embeddable":true,"href":"https:\/\/skinstudio.ee\/lv\/wp-json\/wp\/v2\/product_brand?post=71995"},{"taxonomy":"product_cat","embeddable":true,"href":"https:\/\/skinstudio.ee\/lv\/wp-json\/wp\/v2\/product_cat?post=71995"},{"taxonomy":"product_tag","embeddable":true,"href":"https:\/\/skinstudio.ee\/lv\/wp-json\/wp\/v2\/product_tag?post=71995"},{"taxonomy":"giftcard-category","embeddable":true,"href":"https:\/\/skinstudio.ee\/lv\/wp-json\/wp\/v2\/giftcard-category?post=71995"}],"curies":[{"name":"wp","href":"https:\/\/api.w.org\/{rel}","templated":true}]}}