{"id":72003,"date":"2023-05-24T17:56:16","date_gmt":"2023-05-24T17:56:16","guid":{"rendered":"https:\/\/skinstudio.ee\/?post_type=product&#038;p=72003"},"modified":"2026-04-03T09:35:22","modified_gmt":"2026-04-03T09:35:22","slug":"glow20-facial-tan-serum","status":"publish","type":"product","link":"https:\/\/skinstudio.ee\/lv\/catalog\/james-read-lv\/glow20-facial-tan-serum\/","title":{"rendered":"Glow20 Facial Tan Serum"},"content":{"rendered":"<p data-start=\"129\" data-end=\"417\"><strong data-start=\"129\" data-end=\"170\">Glow20 Facial Tan Serum no James Read<\/strong> ir ekspress pa\u0161iedeguma serums sejai, kas \u013cauj ieg\u016bt v\u0113lamo \u0101das toni tikai 20\u201390 min\u016b\u0161u laik\u0101. Bezkr\u0101sainais serums viegli kl\u0101jas uz \u0101das un nodro\u0161ina piln\u012bgu kontroli p\u0101r iedeguma intensit\u0101ti \u2014 no viegla mirdzuma l\u012bdz izteiktam bronzas tonim.<\/p>\n<p data-start=\"419\" data-end=\"769\">Formulas galven\u0101 akt\u012bv\u0101 sast\u0101vda\u013ca ir inkapsul\u0113ts C vitam\u012bns \u2014 sp\u0113c\u012bgs antioksidants, kas pal\u012bdz pal\u0113nin\u0101t \u0101das noveco\u0161an\u0101s procesus, stiprina \u0101das aizsargfunkcijas un stimul\u0113 kolag\u0113na veido\u0161anos. Pateicoties tam, serums ne tikai pie\u0161\u0137ir \u0101dai vienm\u0113r\u012bgu un greznu iedegumu, bet ar\u012b pal\u012bdz uzlabot \u0101das elast\u012bbu un samazin\u0101t fotonoveco\u0161an\u0101s paz\u012bmes.<\/p>\n<p data-start=\"771\" data-end=\"1021\">Formula ir papildin\u0101ta ar hialuronsk\u0101bi, alveju un kopjo\u0161\u0101m sast\u0101vda\u013c\u0101m, kas pal\u012bdz uztur\u0113t optim\u0101lu \u0101das mitruma l\u012bmeni, nomierina \u0101du un padara to glud\u0101ku un kopt\u0101ku. Serums nesatur rakstur\u012bgo pa\u0161iedeguma arom\u0101tu un ir piem\u0113rots visiem \u0101das to\u0146iem.<\/p>\n<p data-start=\"1023\" data-end=\"1429\"><strong data-start=\"1023\" data-end=\"1056\">Galven\u0101s akt\u012bv\u0101s sast\u0101vda\u013cas:<\/strong><br data-start=\"1056\" data-end=\"1059\" \/>\u2013 <strong data-start=\"1061\" data-end=\"1087\">Inkapsul\u0113ts C vitam\u012bns<\/strong>: nodro\u0161ina antioksidantu aizsardz\u012bbu, uzlabo \u0101das elast\u012bbu un veicina vienm\u0113r\u012bg\u0101ku toni<br data-start=\"1175\" data-end=\"1178\" \/>\u2013 <strong data-start=\"1180\" data-end=\"1197\">Hialuronsk\u0101be<\/strong>: intens\u012bvi mitrina \u0101du un pal\u012bdz nov\u0113rst sausumu<br data-start=\"1246\" data-end=\"1249\" \/>\u2013 <strong data-start=\"1251\" data-end=\"1261\">Alveja<\/strong>: nomierina \u0101du un nodro\u0161ina komfortu<br data-start=\"1298\" data-end=\"1301\" \/>\u2013 <strong data-start=\"1303\" data-end=\"1317\">Vitam\u012bns E<\/strong>: pal\u012bdz aizsarg\u0101t \u0101du no \u0101r\u0113j\u0101s vides ietekmes<br data-start=\"1364\" data-end=\"1367\" \/>\u2013 <strong data-start=\"1369\" data-end=\"1388\">Gur\u0137u ekstrakts<\/strong>: atsvaidzina \u0101du un uzlabo t\u0101s izskatu<\/p>\n<p data-start=\"1431\" data-end=\"1558\">Piem\u0113rots visiem \u0101das tipiem un visiem \u0101das to\u0146iem. Ide\u0101la izv\u0113le tiem, kas v\u0113las \u0101tru rezult\u0101tu bez kompromisiem \u0101das kop\u0161an\u0101.<\/p>\n<p data-start=\"1560\" data-end=\"1590\"><strong data-start=\"1560\" data-end=\"1571\">Tilpums<\/strong>: <strong data-start=\"1573\" data-end=\"1590\">25 ml \/ 50 ml<\/strong><\/p>\n","protected":false},"excerpt":{"rendered":"<p data-start=\"1960\" data-end=\"1995\">Ekspress pa\u0161iedeguma serums sejai<\/p>\n<h2 data-start=\"1997\" data-end=\"2046\"><strong data-start=\"1997\" data-end=\"2046\">\u012apa\u0161\u012bbas James Read &#8211; Glow20 Facial Tan Serum<\/strong><\/h2>\n<p data-start=\"2048\" data-end=\"2240\">\u2714\ufe0f Nodro\u0161ina redzamu toni jau 20 min\u016b\u0161u laik\u0101<br data-start=\"2093\" data-end=\"2096\" \/>\u2714\ufe0f \u013bauj kontrol\u0113t iedeguma intensit\u0101ti<br data-start=\"2134\" data-end=\"2137\" \/>\u2714\ufe0f Atbalsta \u0101das elast\u012bbu un tvirtumu<br data-start=\"2174\" data-end=\"2177\" \/>\u2714\ufe0f Mitrina un izl\u012bdzina \u0101du<br data-start=\"2204\" data-end=\"2207\" \/>\u2714\ufe0f Piem\u0113rots visiem \u0101das to\u0146iem<\/p>\n","protected":false},"featured_media":65791,"template":"","meta":[],"pwb-brand":[1243],"product_brand":[],"product_cat":[772],"product_tag":[],"giftcard-category":[],"class_list":{"0":"post-72003","1":"product","2":"type-product","3":"status-publish","4":"has-post-thumbnail","6":"pwb-brand-james-read-lv","7":"product_cat-iedeguma-lidzekli","9":"first","10":"instock","11":"sale","12":"taxable","13":"shipping-taxable","14":"purchasable","15":"product-type-variable"},"acf":[],"brands":[{"id":1243,"name":"James Read","slug":"james-read-lv"}],"_links":{"self":[{"href":"https:\/\/skinstudio.ee\/lv\/wp-json\/wp\/v2\/product\/72003","targetHints":{"allow":["GET"]}}],"collection":[{"href":"https:\/\/skinstudio.ee\/lv\/wp-json\/wp\/v2\/product"}],"about":[{"href":"https:\/\/skinstudio.ee\/lv\/wp-json\/wp\/v2\/types\/product"}],"version-history":[{"count":1,"href":"https:\/\/skinstudio.ee\/lv\/wp-json\/wp\/v2\/product\/72003\/revisions"}],"predecessor-version":[{"id":72006,"href":"https:\/\/skinstudio.ee\/lv\/wp-json\/wp\/v2\/product\/72003\/revisions\/72006"}],"wp:featuredmedia":[{"embeddable":true,"href":"https:\/\/skinstudio.ee\/lv\/wp-json\/wp\/v2\/media\/65791"}],"wp:attachment":[{"href":"https:\/\/skinstudio.ee\/lv\/wp-json\/wp\/v2\/media?parent=72003"}],"wp:term":[{"taxonomy":"pwb-brand","embeddable":true,"href":"https:\/\/skinstudio.ee\/lv\/wp-json\/wp\/v2\/pwb-brand?post=72003"},{"taxonomy":"product_brand","embeddable":true,"href":"https:\/\/skinstudio.ee\/lv\/wp-json\/wp\/v2\/product_brand?post=72003"},{"taxonomy":"product_cat","embeddable":true,"href":"https:\/\/skinstudio.ee\/lv\/wp-json\/wp\/v2\/product_cat?post=72003"},{"taxonomy":"product_tag","embeddable":true,"href":"https:\/\/skinstudio.ee\/lv\/wp-json\/wp\/v2\/product_tag?post=72003"},{"taxonomy":"giftcard-category","embeddable":true,"href":"https:\/\/skinstudio.ee\/lv\/wp-json\/wp\/v2\/giftcard-category?post=72003"}],"curies":[{"name":"wp","href":"https:\/\/api.w.org\/{rel}","templated":true}]}}