{"id":72208,"date":"2024-08-02T10:34:36","date_gmt":"2024-08-02T10:34:36","guid":{"rendered":"https:\/\/skinstudio.ee\/?post_type=product&#038;p=72208"},"modified":"2026-01-22T08:58:56","modified_gmt":"2026-01-22T08:58:56","slug":"hyla3d-face-mask","status":"publish","type":"product","link":"https:\/\/skinstudio.ee\/lv\/catalog\/jan-marini-lv\/hyla3d-face-mask\/","title":{"rendered":"Hyla3D\u00ae Face Mask"},"content":{"rendered":"<p data-start=\"194\" data-end=\"556\"><strong data-start=\"194\" data-end=\"229\">Hyla3D\u00ae Face Mask no Marini SkinSolutions<\/strong>\u00a0ir revitaliz\u0113jo\u0161a mitrino\u0161a sejas maska, kas izstr\u0101d\u0101ta intens\u012bvai mitruma papildin\u0101\u0161anai, \u0101das komforta atjauno\u0161anai un aizsargfunkciju atbalstam. Produkts pal\u012bdz \u0101dai \u0101tr\u0101k tikt gal\u0101 ar dehidrat\u0101ciju, savilkuma saj\u016btu un \u0101r\u0113jo stresa faktoru ietekmi, tostarp temperat\u016bras sv\u0101rst\u012bb\u0101m, sausu gaisu un kosm\u0113tiskaj\u0101m proced\u016br\u0101m.<\/p>\n<p data-start=\"558\" data-end=\"793\">Regul\u0101ra maskas lieto\u0161ana uzlabo \u0101das visp\u0101r\u0113jo st\u0101vokli, padarot to glud\u0101ku, elast\u012bg\u0101ku un vizu\u0101li svaig\u0101ku. Formula pal\u012bdz uztur\u0113t optim\u0101lu mitruma l\u012bmeni un veicina koptas, atjaunotas \u0101das izskatu pat paaugstin\u0101tas jut\u012bbas gad\u012bjum\u0101.<\/p>\n<p data-start=\"795\" data-end=\"819\"><strong data-start=\"795\" data-end=\"819\">Akt\u012bv\u0101s sast\u0101vda\u013cas:<\/strong><\/p>\n<ul>\n<li data-start=\"821\" data-end=\"931\"><strong data-start=\"821\" data-end=\"841\">Hyla3D\u00ae Complex:<\/strong> nodro\u0161ina daudzl\u012bme\u0146u \u0101das mitrin\u0101\u0161anu un pal\u012bdz samazin\u0101t transepiderm\u0101lo \u016bdens zudumu<\/li>\n<li data-start=\"933\" data-end=\"1022\"><strong data-start=\"933\" data-end=\"956\">ACQUACELL\u2122 Complex:<\/strong> atbalsta \u0101das sp\u0113ju saglab\u0101t mitrumu un veicina komforta saj\u016btu<\/li>\n<li data-start=\"1024\" data-end=\"1088\"><strong data-start=\"1024\" data-end=\"1037\">Keram\u012bdi:<\/strong> pal\u012bdz atjaunot un stiprin\u0101t \u0101das aizsargbarjeru<\/li>\n<li data-start=\"1090\" data-end=\"1163\"><strong data-start=\"1090\" data-end=\"1115\">Dik\u0101lija gliciriz\u0101ts:<\/strong> pal\u012bdz mazin\u0101t aps\u0101rtumu un \u0101das reaktivit\u0101ti<\/li>\n<li data-start=\"1165\" data-end=\"1248\"><strong data-start=\"1165\" data-end=\"1187\">Pept\u012bdu komplekss:<\/strong> atbalsta \u0101das atjauno\u0161an\u0101s procesus un uzlabo t\u0101s elast\u012bbu<\/li>\n<\/ul>\n<p data-start=\"1250\" data-end=\"1412\">Produkts ir piem\u0113rots sausai, jut\u012bgai, kairin\u0101tai, dehidr\u0113tai un nobriedu\u0161ai \u0101dai, k\u0101 ar\u012b \u0101dai atjauno\u0161an\u0101s period\u0101 p\u0113c agres\u012bvas \u0101r\u0113j\u0101s iedarb\u012bbas un proced\u016br\u0101m.<\/p>\n<p data-start=\"1414\" data-end=\"1435\"><strong data-start=\"1414\" data-end=\"1426\">Tilpums:<\/strong> <strong>48 g<\/strong><\/p>\n","protected":false},"excerpt":{"rendered":"<p data-start=\"1703\" data-end=\"1733\">Revitaliz\u0113jo\u0161a mitrino\u0161a maska<\/p>\n<h2 data-start=\"1735\" data-end=\"1778\"><strong data-start=\"1735\" data-end=\"1778\">\u012apa\u0161\u012bbas Marini SkinSolutions &#8211; Hyla3D\u00ae Face Mask<\/strong><\/h2>\n<p data-start=\"1780\" data-end=\"1969\">\u2714\ufe0f Intens\u012bvi mitrina \u0101du<br data-start=\"1804\" data-end=\"1807\" \/>\u2714\ufe0f Pal\u012bdz atjaunot \u0101das aizsargbarjeru<br data-start=\"1845\" data-end=\"1848\" \/>\u2714\ufe0f Samazina sausuma un savilkuma saj\u016btu<br data-start=\"1887\" data-end=\"1890\" \/>\u2714\ufe0f Uzlabo \u0101das elast\u012bbu un gludumu<br data-start=\"1924\" data-end=\"1927\" \/>\u2714\ufe0f Atbalsta \u0101das atjauno\u0161anos p\u0113c stresa<\/p>\n","protected":false},"featured_media":75391,"template":"","meta":[],"pwb-brand":[1245],"product_brand":[],"product_cat":[745,725,737,749,739],"product_tag":[],"giftcard-category":[],"class_list":{"0":"post-72208","1":"product","2":"type-product","3":"status-publish","4":"has-post-thumbnail","6":"pwb-brand-jan-marini-lv","7":"product_cat-jutigai-adai","8":"product_cat-maskas","9":"product_cat-mitrinasana","10":"product_cat-novecojosa-ada","11":"product_cat-sausai-adai","13":"first","14":"instock","15":"taxable","16":"shipping-taxable","17":"purchasable","18":"product-type-simple"},"acf":[],"brands":[{"id":1245,"name":"Marini SkinSolutions","slug":"jan-marini-lv"}],"_links":{"self":[{"href":"https:\/\/skinstudio.ee\/lv\/wp-json\/wp\/v2\/product\/72208","targetHints":{"allow":["GET"]}}],"collection":[{"href":"https:\/\/skinstudio.ee\/lv\/wp-json\/wp\/v2\/product"}],"about":[{"href":"https:\/\/skinstudio.ee\/lv\/wp-json\/wp\/v2\/types\/product"}],"version-history":[{"count":3,"href":"https:\/\/skinstudio.ee\/lv\/wp-json\/wp\/v2\/product\/72208\/revisions"}],"predecessor-version":[{"id":75829,"href":"https:\/\/skinstudio.ee\/lv\/wp-json\/wp\/v2\/product\/72208\/revisions\/75829"}],"wp:featuredmedia":[{"embeddable":true,"href":"https:\/\/skinstudio.ee\/lv\/wp-json\/wp\/v2\/media\/75391"}],"wp:attachment":[{"href":"https:\/\/skinstudio.ee\/lv\/wp-json\/wp\/v2\/media?parent=72208"}],"wp:term":[{"taxonomy":"pwb-brand","embeddable":true,"href":"https:\/\/skinstudio.ee\/lv\/wp-json\/wp\/v2\/pwb-brand?post=72208"},{"taxonomy":"product_brand","embeddable":true,"href":"https:\/\/skinstudio.ee\/lv\/wp-json\/wp\/v2\/product_brand?post=72208"},{"taxonomy":"product_cat","embeddable":true,"href":"https:\/\/skinstudio.ee\/lv\/wp-json\/wp\/v2\/product_cat?post=72208"},{"taxonomy":"product_tag","embeddable":true,"href":"https:\/\/skinstudio.ee\/lv\/wp-json\/wp\/v2\/product_tag?post=72208"},{"taxonomy":"giftcard-category","embeddable":true,"href":"https:\/\/skinstudio.ee\/lv\/wp-json\/wp\/v2\/giftcard-category?post=72208"}],"curies":[{"name":"wp","href":"https:\/\/api.w.org\/{rel}","templated":true}]}}