{"id":72278,"date":"2024-01-19T17:02:57","date_gmt":"2024-01-19T17:02:57","guid":{"rendered":"https:\/\/skinstudio.ee\/?post_type=product&#038;p=72278"},"modified":"2026-01-22T08:59:14","modified_gmt":"2026-01-22T08:59:14","slug":"c-esta-cleansing-gel","status":"publish","type":"product","link":"https:\/\/skinstudio.ee\/lv\/catalog\/jan-marini-lv\/c-esta-cleansing-gel\/","title":{"rendered":"C-Esta Cleansing Gel"},"content":{"rendered":"<p data-start=\"166\" data-end=\"426\">C-Esta Cleansing Gel no Marini SkinSolutions ir maigs sejas att\u012bro\u0161ais g\u0113ls ikdienas lieto\u0161anai gad\u012bjumos, kad glikolsk\u0101bes izmanto\u0161ana nav ieteicama. Formula efekt\u012bvi no\u0146em net\u012brumus un kosm\u0113tikas atlikumus, netrauc\u0113jot \u0101das dabisko l\u012bdzsvaru un neradot sausuma saj\u016btu.<\/p>\n<p data-start=\"428\" data-end=\"635\">G\u0113ls pal\u012bdz uzlabot \u0101das elast\u012bbu, veicina vienm\u0113r\u012bg\u0101ku \u0101das toni un nodro\u0161ina antioksidantu aizsardz\u012bbu. Produkts ir piem\u0113rots visiem \u0101das tipiem, tostarp acu zonai, un to var izmantot ar\u012b k\u0101 sk\u016b\u0161an\u0101s g\u0113lu.<\/p>\n<p data-start=\"637\" data-end=\"661\"><strong data-start=\"637\" data-end=\"661\">Akt\u012bv\u0101s sast\u0101vda\u013cas:<\/strong><\/p>\n<ul data-start=\"662\" data-end=\"914\">\n<li data-start=\"662\" data-end=\"776\">\n<p data-start=\"664\" data-end=\"776\"><strong data-start=\"664\" data-end=\"699\">C vitam\u012bns (stabiliz\u0113ta forma):<\/strong> pal\u012bdz uztur\u0113t vienm\u0113r\u012bgu \u0101das toni un nodro\u0161ina antioksidantu aizsardz\u012bbu<\/p>\n<\/li>\n<li data-start=\"777\" data-end=\"835\">\n<p data-start=\"779\" data-end=\"835\"><strong data-start=\"779\" data-end=\"788\">DMAE:<\/strong> atbalsta \u0101das elast\u012bbu un uzlabo t\u0101s izskatu<\/p>\n<\/li>\n<li data-start=\"836\" data-end=\"914\">\n<p data-start=\"838\" data-end=\"914\"><strong data-start=\"838\" data-end=\"866\">Augu sapon\u012bnu komplekss:<\/strong> nodro\u0161ina maigu, bet efekt\u012bvu \u0101das att\u012br\u012b\u0161anu<\/p>\n<\/li>\n<\/ul>\n<p data-start=\"916\" data-end=\"992\">Produkts ir piem\u0113rots visiem \u0101das tipiem, tostarp jut\u012bgai \u0101dai un acu zonai.<\/p>\n<p data-start=\"994\" data-end=\"1017\"><strong data-start=\"994\" data-end=\"1006\">Tilpums:<\/strong> 178<strong data-start=\"1007\" data-end=\"1017\">\u00a0ml<\/strong><\/p>\n","protected":false},"excerpt":{"rendered":"<p data-start=\"1296\" data-end=\"1323\">Maigs sejas att\u012bro\u0161ais g\u0113ls<\/p>\n<h2 data-start=\"1325\" data-end=\"1371\"><strong data-start=\"1325\" data-end=\"1371\">\u012apa\u0161\u012bbas Marini SkinSolutions &#8211; C-Esta Cleansing Gel<\/strong><\/h2>\n<p data-start=\"1373\" data-end=\"1562\">\u2714\ufe0f Maigi un efekt\u012bvi att\u012bra \u0101du<br data-start=\"1404\" data-end=\"1407\" \/>\u2714\ufe0f Atbalsta \u0101das elast\u012bbu un tvirtumu<br data-start=\"1444\" data-end=\"1447\" \/>\u2714\ufe0f Pal\u012bdz saglab\u0101t vienm\u0113r\u012bg\u0101ku \u0101das toni<br data-start=\"1488\" data-end=\"1491\" \/>\u2714\ufe0f Piem\u0113rots acu zonas att\u012br\u012b\u0161anai<br data-start=\"1525\" data-end=\"1528\" \/>\u2714\ufe0f Var izmantot k\u0101 sk\u016b\u0161an\u0101s g\u0113lu<\/p>\n","protected":false},"featured_media":73822,"template":"","meta":[],"pwb-brand":[1245],"product_brand":[],"product_cat":[715,745,739,747],"product_tag":[],"giftcard-category":[],"class_list":{"0":"post-72278","1":"product","2":"type-product","3":"status-publish","4":"has-post-thumbnail","6":"pwb-brand-jan-marini-lv","7":"product_cat-attirisana","8":"product_cat-jutigai-adai","9":"product_cat-sausai-adai","10":"product_cat-taukainai-adai","12":"first","13":"instock","14":"taxable","15":"shipping-taxable","16":"purchasable","17":"product-type-simple"},"acf":[],"brands":[{"id":1245,"name":"Marini SkinSolutions","slug":"jan-marini-lv"}],"_links":{"self":[{"href":"https:\/\/skinstudio.ee\/lv\/wp-json\/wp\/v2\/product\/72278","targetHints":{"allow":["GET"]}}],"collection":[{"href":"https:\/\/skinstudio.ee\/lv\/wp-json\/wp\/v2\/product"}],"about":[{"href":"https:\/\/skinstudio.ee\/lv\/wp-json\/wp\/v2\/types\/product"}],"version-history":[{"count":3,"href":"https:\/\/skinstudio.ee\/lv\/wp-json\/wp\/v2\/product\/72278\/revisions"}],"predecessor-version":[{"id":75831,"href":"https:\/\/skinstudio.ee\/lv\/wp-json\/wp\/v2\/product\/72278\/revisions\/75831"}],"wp:featuredmedia":[{"embeddable":true,"href":"https:\/\/skinstudio.ee\/lv\/wp-json\/wp\/v2\/media\/73822"}],"wp:attachment":[{"href":"https:\/\/skinstudio.ee\/lv\/wp-json\/wp\/v2\/media?parent=72278"}],"wp:term":[{"taxonomy":"pwb-brand","embeddable":true,"href":"https:\/\/skinstudio.ee\/lv\/wp-json\/wp\/v2\/pwb-brand?post=72278"},{"taxonomy":"product_brand","embeddable":true,"href":"https:\/\/skinstudio.ee\/lv\/wp-json\/wp\/v2\/product_brand?post=72278"},{"taxonomy":"product_cat","embeddable":true,"href":"https:\/\/skinstudio.ee\/lv\/wp-json\/wp\/v2\/product_cat?post=72278"},{"taxonomy":"product_tag","embeddable":true,"href":"https:\/\/skinstudio.ee\/lv\/wp-json\/wp\/v2\/product_tag?post=72278"},{"taxonomy":"giftcard-category","embeddable":true,"href":"https:\/\/skinstudio.ee\/lv\/wp-json\/wp\/v2\/giftcard-category?post=72278"}],"curies":[{"name":"wp","href":"https:\/\/api.w.org\/{rel}","templated":true}]}}