{"id":72295,"date":"2024-01-19T17:02:53","date_gmt":"2024-01-19T17:02:53","guid":{"rendered":"https:\/\/skinstudio.ee\/?post_type=product&#038;p=72295"},"modified":"2026-01-22T08:59:22","modified_gmt":"2026-01-22T08:59:22","slug":"bioglycolic-face-cleanser","status":"publish","type":"product","link":"https:\/\/skinstudio.ee\/lv\/catalog\/jan-marini-lv\/bioglycolic-face-cleanser\/","title":{"rendered":"Bioglycolic\u00ae Face Cleanser"},"content":{"rendered":"<p data-start=\"178\" data-end=\"484\">Bioglycolic\u00ae Face Cleanser no Marini SkinSolutions ir ar glikolsk\u0101bi bag\u0101tin\u0101ta att\u012bro\u0161a emulsija, kas paredz\u0113ta ikdienas \u0101das att\u012br\u012b\u0161anai un \u0101das to\u0146a un tekst\u016bras uzlabo\u0161anai. Kr\u0113mveida, nekairino\u0161\u0101 formula maigi att\u012bra un noloba \u0101du, pal\u012bdzot tai izskat\u012bties glud\u0101kai, svaig\u0101kai un kopt\u0101kai jau att\u012br\u012b\u0161anas posm\u0101.<\/p>\n<p data-start=\"486\" data-end=\"695\">Att\u012bro\u0161ais l\u012bdzeklis pal\u012bdz saglab\u0101t \u0101das l\u012bdzsvaru, no\u0146em net\u012brumus un atmiru\u0161\u0101s \u0101das \u0161\u016bnas, k\u0101 ar\u012b sagatavo \u0101du turpm\u0101kajiem kop\u0161anas so\u013ciem, samazinot nepiecie\u0161am\u012bbu p\u0113c tonikiem vai savelko\u0161iem l\u012bdzek\u013ciem.<\/p>\n<p data-start=\"697\" data-end=\"721\"><strong data-start=\"697\" data-end=\"721\">Akt\u012bv\u0101s sast\u0101vda\u013cas:<\/strong><\/p>\n<ul data-start=\"722\" data-end=\"866\">\n<li data-start=\"722\" data-end=\"803\">\n<p data-start=\"724\" data-end=\"803\"><strong data-start=\"724\" data-end=\"745\">Glikolsk\u0101be 8,4%:<\/strong> veicina maigu \u0101das atjauno\u0161anos un uzlabo \u0101das tekst\u016bru<\/p>\n<\/li>\n<li data-start=\"804\" data-end=\"866\">\n<p data-start=\"806\" data-end=\"866\"><strong data-start=\"806\" data-end=\"820\">Sorbitols:<\/strong> pal\u012bdz uztur\u0113t \u0101das mitrin\u0101jumu un m\u012bkstumu<\/p>\n<\/li>\n<\/ul>\n<p data-start=\"868\" data-end=\"1023\">Produkts ir piem\u0113rots norm\u0101lai, kombin\u0113tai un taukainai \u0101dai ar nevienm\u0113r\u012bgu toni un tekst\u016bru. Nav ieteicams jut\u012bgai \u0101dai vai \u0101dai ar noslieci uz roz\u0101ciju.<\/p>\n<p data-start=\"1025\" data-end=\"1048\"><strong data-start=\"1025\" data-end=\"1037\">Tilpums:<\/strong> <strong>178\u00a0ml<\/strong><\/p>\n","protected":false},"excerpt":{"rendered":"<p data-start=\"1265\" data-end=\"1297\">Att\u012bro\u0161a emulsija ar glikolsk\u0101bi<\/p>\n<h2 data-start=\"1299\" data-end=\"1351\"><strong data-start=\"1299\" data-end=\"1351\">\u012apa\u0161\u012bbas Marini SkinSolutions &#8211; Bioglycolic\u00ae Face Cleanser<\/strong><\/h2>\n<p data-start=\"1353\" data-end=\"1537\">\u2714\ufe0f Maigi un efekt\u012bvi att\u012bra \u0101du<br data-start=\"1384\" data-end=\"1387\" \/>\u2714\ufe0f Pal\u012bdz nolob\u012bt atmiru\u0161\u0101s \u0101das \u0161\u016bnas<br data-start=\"1425\" data-end=\"1428\" \/>\u2714\ufe0f Uzlabo \u0101das toni un tekst\u016bru<br data-start=\"1459\" data-end=\"1462\" \/>\u2714\ufe0f Att\u012bra poras un no\u0146em net\u012brumus<br data-start=\"1496\" data-end=\"1499\" \/>\u2714\ufe0f Sagatavo \u0101du turpm\u0101kajai kop\u0161anai<\/p>\n","protected":false},"featured_media":75312,"template":"","meta":[],"pwb-brand":[1245],"product_brand":[],"product_cat":[715,739,747],"product_tag":[],"giftcard-category":[],"class_list":{"0":"post-72295","1":"product","2":"type-product","3":"status-publish","4":"has-post-thumbnail","6":"pwb-brand-jan-marini-lv","7":"product_cat-attirisana","8":"product_cat-sausai-adai","9":"product_cat-taukainai-adai","11":"first","12":"instock","13":"taxable","14":"shipping-taxable","15":"purchasable","16":"product-type-simple"},"acf":[],"brands":[{"id":1245,"name":"Marini SkinSolutions","slug":"jan-marini-lv"}],"_links":{"self":[{"href":"https:\/\/skinstudio.ee\/lv\/wp-json\/wp\/v2\/product\/72295","targetHints":{"allow":["GET"]}}],"collection":[{"href":"https:\/\/skinstudio.ee\/lv\/wp-json\/wp\/v2\/product"}],"about":[{"href":"https:\/\/skinstudio.ee\/lv\/wp-json\/wp\/v2\/types\/product"}],"version-history":[{"count":3,"href":"https:\/\/skinstudio.ee\/lv\/wp-json\/wp\/v2\/product\/72295\/revisions"}],"predecessor-version":[{"id":75832,"href":"https:\/\/skinstudio.ee\/lv\/wp-json\/wp\/v2\/product\/72295\/revisions\/75832"}],"wp:featuredmedia":[{"embeddable":true,"href":"https:\/\/skinstudio.ee\/lv\/wp-json\/wp\/v2\/media\/75312"}],"wp:attachment":[{"href":"https:\/\/skinstudio.ee\/lv\/wp-json\/wp\/v2\/media?parent=72295"}],"wp:term":[{"taxonomy":"pwb-brand","embeddable":true,"href":"https:\/\/skinstudio.ee\/lv\/wp-json\/wp\/v2\/pwb-brand?post=72295"},{"taxonomy":"product_brand","embeddable":true,"href":"https:\/\/skinstudio.ee\/lv\/wp-json\/wp\/v2\/product_brand?post=72295"},{"taxonomy":"product_cat","embeddable":true,"href":"https:\/\/skinstudio.ee\/lv\/wp-json\/wp\/v2\/product_cat?post=72295"},{"taxonomy":"product_tag","embeddable":true,"href":"https:\/\/skinstudio.ee\/lv\/wp-json\/wp\/v2\/product_tag?post=72295"},{"taxonomy":"giftcard-category","embeddable":true,"href":"https:\/\/skinstudio.ee\/lv\/wp-json\/wp\/v2\/giftcard-category?post=72295"}],"curies":[{"name":"wp","href":"https:\/\/api.w.org\/{rel}","templated":true}]}}