{"id":72304,"date":"2024-01-19T17:02:50","date_gmt":"2024-01-19T17:02:50","guid":{"rendered":"https:\/\/skinstudio.ee\/?post_type=product&#038;p=72304"},"modified":"2026-01-22T08:59:31","modified_gmt":"2026-01-22T08:59:31","slug":"bioglycolic-oily-skin-cleansing-gel","status":"publish","type":"product","link":"https:\/\/skinstudio.ee\/lv\/catalog\/jan-marini-lv\/bioglycolic-oily-skin-cleansing-gel\/","title":{"rendered":"Bioglycolic\u00ae Oily Skin Cleansing Gel"},"content":{"rendered":"<p data-start=\"205\" data-end=\"534\">Bioglycolic\u00ae Oily Skin Cleansing Gel no Marini SkinSolutions ir ar glikolsk\u0101bi bag\u0101tin\u0101ts att\u012bro\u0161s g\u0113ls, kas izstr\u0101d\u0101ts \u012bpa\u0161i taukainai un kombin\u0113tai \u0101dai ar noslieci uz pastiprin\u0101tu sebuma veido\u0161anos un izsitumiem. G\u0113lveida formula nodro\u0161ina dzi\u013cu \u0101das att\u012br\u012b\u0161anu, pal\u012bdz uztur\u0113t poras t\u012bras un uzlabo \u0101das tekst\u016bru jau att\u012br\u012b\u0161anas posm\u0101.<\/p>\n<p data-start=\"536\" data-end=\"768\">L\u012bdzeklis labi puto un efekt\u012bvi \u0161\u0137\u012bdina lieko sebumu un net\u012brumus, padarot \u0101du maz\u0101k taukainu un pie\u0161\u0137irot svaiguma un viegluma saj\u016btu. Regul\u0101ri lietojot, \u0101da izskat\u0101s l\u012bdzsvarot\u0101ka, glud\u0101ka un lab\u0101k sagatavota turpm\u0101kajai kop\u0161anai.<\/p>\n<p data-start=\"770\" data-end=\"794\"><strong data-start=\"770\" data-end=\"794\">Akt\u012bv\u0101s sast\u0101vda\u013cas:<\/strong><\/p>\n<ul data-start=\"795\" data-end=\"983\">\n<li data-start=\"795\" data-end=\"892\">\n<p data-start=\"797\" data-end=\"892\"><strong data-start=\"797\" data-end=\"818\">Glikolsk\u0101be 8,4%:<\/strong> veicina \u0101das atjauno\u0161anos, pal\u012bdz att\u012br\u012bt poras un uzlabo \u0101das tekst\u016bru<\/p>\n<\/li>\n<li data-start=\"893\" data-end=\"983\">\n<p data-start=\"895\" data-end=\"983\"><strong data-start=\"895\" data-end=\"919\">Etilheksilglicer\u012bns:<\/strong> pal\u012bdz saglab\u0101t \u0101das komfortu, uzlabo t\u0101s gludumu un m\u012bkstumu<\/p>\n<\/li>\n<\/ul>\n<p data-start=\"985\" data-end=\"1093\">Produkts ir piem\u0113rots taukainai un kombin\u0113tai \u0101dai ar nevienm\u0113r\u012bgu tekst\u016bru un pastiprin\u0101tu \u0101das taukain\u012bbu.<\/p>\n<p data-start=\"1095\" data-end=\"1118\"><strong data-start=\"1095\" data-end=\"1107\">Tilpums:<\/strong> <strong>178\u00a0ml<\/strong><\/p>\n","protected":false},"excerpt":{"rendered":"<div class=\"product attribute overview\">\n<div class=\"value\">\n<p data-start=\"1351\" data-end=\"1393\">Att\u012bro\u0161s g\u0113ls taukainai un kombin\u0113tai \u0101dai<\/p>\n<h2 data-start=\"1395\" data-end=\"1457\"><strong data-start=\"1395\" data-end=\"1457\">\u012apa\u0161\u012bbas Marini SkinSolutions &#8211; Bioglycolic\u00ae Oily Skin Cleansing Gel<\/strong><\/h2>\n<p data-start=\"1459\" data-end=\"1662\">\u2714\ufe0f Nodro\u0161ina dzi\u013cu \u0101das un poru att\u012br\u012b\u0161anu<br data-start=\"1501\" data-end=\"1504\" \/>\u2714\ufe0f Pal\u012bdz uzlabot \u0101das tekst\u016bru<br data-start=\"1535\" data-end=\"1538\" \/>\u2714\ufe0f Samazina taukainuma saj\u016btu<br data-start=\"1567\" data-end=\"1570\" \/>\u2714\ufe0f Uzlabo \u0101das toni un virsmas vienm\u0113r\u012bgumu<br data-start=\"1613\" data-end=\"1616\" \/>\u2714\ufe0f Palielina turpm\u0101k\u0101s kop\u0161anas efektivit\u0101ti<\/p>\n<\/div>\n<\/div>\n","protected":false},"featured_media":75317,"template":"","meta":[],"pwb-brand":[1245],"product_brand":[],"product_cat":[715,741,743,747],"product_tag":[],"giftcard-category":[],"class_list":{"0":"post-72304","1":"product","2":"type-product","3":"status-publish","4":"has-post-thumbnail","6":"pwb-brand-jan-marini-lv","7":"product_cat-attirisana","8":"product_cat-izsitumi","9":"product_cat-paplasinatas-poras","10":"product_cat-taukainai-adai","12":"first","13":"instock","14":"taxable","15":"shipping-taxable","16":"purchasable","17":"product-type-simple"},"acf":[],"brands":[{"id":1245,"name":"Marini SkinSolutions","slug":"jan-marini-lv"}],"_links":{"self":[{"href":"https:\/\/skinstudio.ee\/lv\/wp-json\/wp\/v2\/product\/72304","targetHints":{"allow":["GET"]}}],"collection":[{"href":"https:\/\/skinstudio.ee\/lv\/wp-json\/wp\/v2\/product"}],"about":[{"href":"https:\/\/skinstudio.ee\/lv\/wp-json\/wp\/v2\/types\/product"}],"version-history":[{"count":3,"href":"https:\/\/skinstudio.ee\/lv\/wp-json\/wp\/v2\/product\/72304\/revisions"}],"predecessor-version":[{"id":75833,"href":"https:\/\/skinstudio.ee\/lv\/wp-json\/wp\/v2\/product\/72304\/revisions\/75833"}],"wp:featuredmedia":[{"embeddable":true,"href":"https:\/\/skinstudio.ee\/lv\/wp-json\/wp\/v2\/media\/75317"}],"wp:attachment":[{"href":"https:\/\/skinstudio.ee\/lv\/wp-json\/wp\/v2\/media?parent=72304"}],"wp:term":[{"taxonomy":"pwb-brand","embeddable":true,"href":"https:\/\/skinstudio.ee\/lv\/wp-json\/wp\/v2\/pwb-brand?post=72304"},{"taxonomy":"product_brand","embeddable":true,"href":"https:\/\/skinstudio.ee\/lv\/wp-json\/wp\/v2\/product_brand?post=72304"},{"taxonomy":"product_cat","embeddable":true,"href":"https:\/\/skinstudio.ee\/lv\/wp-json\/wp\/v2\/product_cat?post=72304"},{"taxonomy":"product_tag","embeddable":true,"href":"https:\/\/skinstudio.ee\/lv\/wp-json\/wp\/v2\/product_tag?post=72304"},{"taxonomy":"giftcard-category","embeddable":true,"href":"https:\/\/skinstudio.ee\/lv\/wp-json\/wp\/v2\/giftcard-category?post=72304"}],"curies":[{"name":"wp","href":"https:\/\/api.w.org\/{rel}","templated":true}]}}