{"id":72313,"date":"2024-01-19T17:02:41","date_gmt":"2024-01-19T17:02:41","guid":{"rendered":"https:\/\/skinstudio.ee\/?post_type=product&#038;p=72313"},"modified":"2026-01-19T15:12:51","modified_gmt":"2026-01-19T15:12:51","slug":"shave-cleansing-gel","status":"publish","type":"product","link":"https:\/\/skinstudio.ee\/lv\/catalog\/jan-marini-lv\/shave-cleansing-gel\/","title":{"rendered":"Shave &amp; Cleansing Gel"},"content":{"rendered":"<p data-start=\"190\" data-end=\"469\">Shave &amp; Cleansing Gel no Jan Marini ir daudzfunkcion\u0101ls v\u012brie\u0161u 2-in-1 g\u0113ls, kas paredz\u0113ts gan sejas \u0101das att\u012br\u012b\u0161anai, gan \u0113rtai un kvalitat\u012bvai sk\u016b\u0161anai. Formula efekt\u012bvi no\u0146em net\u012brumus un lieko sebumu, vienlaikus sagatavojot \u0101du sk\u016b\u0161anai un pal\u012bdzot mazin\u0101t kairin\u0101juma risku.<\/p>\n<p data-start=\"471\" data-end=\"669\">G\u0113ls nodro\u0161ina lielisku sl\u012bdam\u012bbu, m\u012bkstina b\u0101rdu un pal\u012bdz saglab\u0101t \u0101das komfortu sk\u016b\u0161an\u0101s laik\u0101 un p\u0113c t\u0101s. Produkts atbalsta optim\u0101lu \u0101das mitruma l\u012bmeni un pie\u0161\u0137ir svaiguma un labsaj\u016btas saj\u016btu.<\/p>\n<p data-start=\"671\" data-end=\"695\"><strong data-start=\"671\" data-end=\"695\">Akt\u012bv\u0101s sast\u0101vda\u013cas:<\/strong><\/p>\n<ul data-start=\"696\" data-end=\"1056\">\n<li data-start=\"696\" data-end=\"777\">\n<p data-start=\"698\" data-end=\"777\"><strong data-start=\"698\" data-end=\"716\">Hialuronsk\u0101be:<\/strong> pal\u012bdz uztur\u0113t \u0101das mitrin\u0101jumu un samazina mitruma zudumu<\/p>\n<\/li>\n<li data-start=\"778\" data-end=\"856\">\n<p data-start=\"780\" data-end=\"856\"><strong data-start=\"780\" data-end=\"818\">Jukas saknes ekstrakts (sapon\u012bni):<\/strong> veido stabilas putas \u0113rtai sk\u016b\u0161anai<\/p>\n<\/li>\n<li data-start=\"857\" data-end=\"918\">\n<p data-start=\"859\" data-end=\"918\"><strong data-start=\"859\" data-end=\"873\">Aloe vera:<\/strong> nomierina \u0101du un atbalsta t\u0101s atjauno\u0161anos<\/p>\n<\/li>\n<li data-start=\"919\" data-end=\"983\">\n<p data-start=\"921\" data-end=\"983\"><strong data-start=\"921\" data-end=\"936\">Bisabolols:<\/strong> pal\u012bdz mazin\u0101t \u0101das kairin\u0101jumu p\u0113c sk\u016b\u0161anas<\/p>\n<\/li>\n<li data-start=\"984\" data-end=\"1056\">\n<p data-start=\"986\" data-end=\"1056\"><strong data-start=\"986\" data-end=\"1001\">E vitam\u012bns:<\/strong> atbalsta \u0101das aizsargfunkcijas un uzlabo t\u0101s izskatu<\/p>\n<\/li>\n<\/ul>\n<p data-start=\"1058\" data-end=\"1175\">Produkts ir piem\u0113rots visiem \u0101das tipiem, tostarp jut\u012bgai \u0101dai, un to var lietot gan sejas att\u012br\u012b\u0161anai, gan sk\u016b\u0161anai.<\/p>\n<p data-start=\"1177\" data-end=\"1200\"><strong data-start=\"1177\" data-end=\"1189\">Tilpums:<\/strong> <strong data-start=\"1190\" data-end=\"1200\">148 ml<\/strong><\/p>\n","protected":false},"excerpt":{"rendered":"<p data-start=\"1415\" data-end=\"1456\">V\u012brie\u0161u sejas att\u012bro\u0161ais un sk\u016b\u0161an\u0101s g\u0113ls<\/p>\n<h2 data-start=\"1458\" data-end=\"1505\"><strong data-start=\"1458\" data-end=\"1505\">\u012apa\u0161\u012bbas Jan Marini &#8211; Shave &amp; Cleansing Gel<\/strong><\/h2>\n<p data-start=\"1507\" data-end=\"1723\">\u2714\ufe0f Att\u012bra \u0101du un sagatavo to sk\u016b\u0161anai<br data-start=\"1544\" data-end=\"1547\" \/>\u2714\ufe0f Nodro\u0161ina labu sl\u012bdam\u012bbu \u0113rtai sk\u016b\u0161anai<br data-start=\"1589\" data-end=\"1592\" \/>\u2714\ufe0f M\u012bkstina \u0101du un pal\u012bdz mazin\u0101t kairin\u0101jumu<br data-start=\"1637\" data-end=\"1640\" \/>\u2714\ufe0f Atbalsta optim\u0101lu \u0101das mitruma l\u012bmeni<br data-start=\"1680\" data-end=\"1683\" \/>\u2714\ufe0f Pie\u0161\u0137ir svaiguma un komforta saj\u016btu<\/p>\n","protected":false},"featured_media":63624,"template":"","meta":[],"pwb-brand":[1245],"product_brand":[],"product_cat":[715],"product_tag":[],"giftcard-category":[],"class_list":{"0":"post-72313","1":"product","2":"type-product","3":"status-publish","4":"has-post-thumbnail","6":"pwb-brand-jan-marini-lv","7":"product_cat-attirisana","9":"first","10":"instock","11":"sale","12":"taxable","13":"shipping-taxable","14":"purchasable","15":"product-type-simple"},"acf":[],"brands":[{"id":1245,"name":"Marini SkinSolutions","slug":"jan-marini-lv"}],"_links":{"self":[{"href":"https:\/\/skinstudio.ee\/lv\/wp-json\/wp\/v2\/product\/72313","targetHints":{"allow":["GET"]}}],"collection":[{"href":"https:\/\/skinstudio.ee\/lv\/wp-json\/wp\/v2\/product"}],"about":[{"href":"https:\/\/skinstudio.ee\/lv\/wp-json\/wp\/v2\/types\/product"}],"version-history":[{"count":1,"href":"https:\/\/skinstudio.ee\/lv\/wp-json\/wp\/v2\/product\/72313\/revisions"}],"predecessor-version":[{"id":72315,"href":"https:\/\/skinstudio.ee\/lv\/wp-json\/wp\/v2\/product\/72313\/revisions\/72315"}],"wp:featuredmedia":[{"embeddable":true,"href":"https:\/\/skinstudio.ee\/lv\/wp-json\/wp\/v2\/media\/63624"}],"wp:attachment":[{"href":"https:\/\/skinstudio.ee\/lv\/wp-json\/wp\/v2\/media?parent=72313"}],"wp:term":[{"taxonomy":"pwb-brand","embeddable":true,"href":"https:\/\/skinstudio.ee\/lv\/wp-json\/wp\/v2\/pwb-brand?post=72313"},{"taxonomy":"product_brand","embeddable":true,"href":"https:\/\/skinstudio.ee\/lv\/wp-json\/wp\/v2\/product_brand?post=72313"},{"taxonomy":"product_cat","embeddable":true,"href":"https:\/\/skinstudio.ee\/lv\/wp-json\/wp\/v2\/product_cat?post=72313"},{"taxonomy":"product_tag","embeddable":true,"href":"https:\/\/skinstudio.ee\/lv\/wp-json\/wp\/v2\/product_tag?post=72313"},{"taxonomy":"giftcard-category","embeddable":true,"href":"https:\/\/skinstudio.ee\/lv\/wp-json\/wp\/v2\/giftcard-category?post=72313"}],"curies":[{"name":"wp","href":"https:\/\/api.w.org\/{rel}","templated":true}]}}