{"id":72322,"date":"2024-01-19T17:01:44","date_gmt":"2024-01-19T17:01:44","guid":{"rendered":"https:\/\/skinstudio.ee\/?post_type=product&#038;p=72322"},"modified":"2026-01-22T08:59:41","modified_gmt":"2026-01-22T08:59:41","slug":"c-esta-face-serum","status":"publish","type":"product","link":"https:\/\/skinstudio.ee\/lv\/catalog\/jan-marini-lv\/c-esta-face-serum\/","title":{"rendered":"C-ESTA\u00ae Face Serum"},"content":{"rendered":"<p data-start=\"187\" data-end=\"502\">C-ESTA\u00ae Face Serum no Marini SkinSolutions ir remodel\u0113jo\u0161s sejas serums ar C vitam\u012bnu un DMAE, kas paredz\u0113ts \u0101das tvirtuma, elast\u012bbas un visp\u0101r\u0113j\u0101s \u0101das kvalit\u0101tes uzlabo\u0161anai. Antioksidantiem bag\u0101t\u0101 formula pal\u012bdz \u0101dai izskat\u012bties toniz\u0113t\u0101kai un vizu\u0101li stingr\u0101kai, vienlaikus aizsarg\u0101jot to no \u0101r\u0113jo vides faktoru ietekmes.<\/p>\n<p data-start=\"504\" data-end=\"676\">Serums atbalsta optim\u0101lu \u0101das mitrin\u0101\u0161anu, uzlabo \u0101das tekst\u016bru un pal\u012bdz padar\u012bt sejas toni vienm\u0113r\u012bg\u0101ku. Regul\u0101ri lietojot, \u0101da izskat\u0101s glud\u0101ka, svaig\u0101ka un starojo\u0161\u0101ka.<\/p>\n<p data-start=\"678\" data-end=\"702\"><strong data-start=\"678\" data-end=\"702\">Akt\u012bv\u0101s sast\u0101vda\u013cas:<\/strong><\/p>\n<ul data-start=\"703\" data-end=\"1120\">\n<li data-start=\"703\" data-end=\"758\">\n<p data-start=\"705\" data-end=\"758\"><strong data-start=\"705\" data-end=\"717\">DMAE 2%:<\/strong> pal\u012bdz uzlabot \u0101das tonusu un tvirtumu<\/p>\n<\/li>\n<li data-start=\"759\" data-end=\"870\">\n<p data-start=\"761\" data-end=\"870\"><strong data-start=\"761\" data-end=\"801\">Askorbila palmit\u0101ts 7% (C vitam\u012bns):<\/strong> nodro\u0161ina antioksidantu aizsardz\u012bbu un pal\u012bdz izl\u012bdzin\u0101t \u0101das toni<\/p>\n<\/li>\n<li data-start=\"871\" data-end=\"971\">\n<p data-start=\"873\" data-end=\"971\"><strong data-start=\"873\" data-end=\"904\">Hialuronsk\u0101be un ur\u012bnviela:<\/strong> nodro\u0161ina intens\u012bvu mitrin\u0101\u0161anu un pal\u012bdz nov\u0113rst mitruma zudumu<\/p>\n<\/li>\n<li data-start=\"972\" data-end=\"1054\">\n<p data-start=\"974\" data-end=\"1054\"><strong data-start=\"974\" data-end=\"991\">Ergotione\u012bns:<\/strong> aizsarg\u0101 \u0101du no oksidat\u012bv\u0101 stresa un atbalsta t\u0101s vitalit\u0101ti<\/p>\n<\/li>\n<li data-start=\"1055\" data-end=\"1120\">\n<p data-start=\"1057\" data-end=\"1120\"><strong data-start=\"1057\" data-end=\"1071\">Pantenols:<\/strong> nomierina \u0101du un veicina atjauno\u0161an\u0101s procesus<\/p>\n<\/li>\n<\/ul>\n<p data-start=\"1122\" data-end=\"1163\">Produkts ir piem\u0113rots visiem \u0101das tipiem.<\/p>\n<p data-start=\"1165\" data-end=\"1187\"><strong data-start=\"1165\" data-end=\"1177\">Tilpums:<\/strong> <strong data-start=\"1178\" data-end=\"1187\">30 ml<\/strong><\/p>\n","protected":false},"excerpt":{"rendered":"<div class=\"wpb_text_column wpb_content_element \">\n<div class=\"wpb_wrapper\">\n<p data-start=\"1364\" data-end=\"1411\">Remodel\u0113jo\u0161s sejas serums ar C vitam\u012bnu un DMAE<\/p>\n<h2 data-start=\"1413\" data-end=\"1457\"><strong data-start=\"1413\" data-end=\"1457\">\u012apa\u0161\u012bbas Marini SkinSolutions &#8211; C-ESTA\u00ae Face Serum<\/strong><\/h2>\n<p data-start=\"1459\" data-end=\"1682\">\u2714\ufe0f Atbalsta \u0101das tvirtumu un tonusu<br data-start=\"1494\" data-end=\"1497\" \/>\u2714\ufe0f Nodro\u0161ina sp\u0113c\u012bgu antioksidantu aizsardz\u012bbu<br data-start=\"1543\" data-end=\"1546\" \/>\u2714\ufe0f Intens\u012bvi mitrina un pal\u012bdz saglab\u0101t mitrumu<br data-start=\"1593\" data-end=\"1596\" \/>\u2714\ufe0f Uzlabo \u0101das tekst\u016bru un gludumu<br data-start=\"1630\" data-end=\"1633\" \/>\u2714\ufe0f Pie\u0161\u0137ir \u0101dai svaig\u0101ku un starojo\u0161\u0101ku izskatu<\/p>\n<\/div>\n<\/div>\n","protected":false},"featured_media":86332,"template":"","meta":[],"pwb-brand":[1245],"product_brand":[],"product_cat":[729,723],"product_tag":[],"giftcard-category":[],"class_list":{"0":"post-72322","1":"product","2":"type-product","3":"status-publish","4":"has-post-thumbnail","6":"pwb-brand-jan-marini-lv","7":"product_cat-c-vitamins","8":"product_cat-serumi","10":"first","11":"instock","12":"taxable","13":"shipping-taxable","14":"purchasable","15":"product-type-simple"},"acf":[],"brands":[{"id":1245,"name":"Marini SkinSolutions","slug":"jan-marini-lv"}],"_links":{"self":[{"href":"https:\/\/skinstudio.ee\/lv\/wp-json\/wp\/v2\/product\/72322","targetHints":{"allow":["GET"]}}],"collection":[{"href":"https:\/\/skinstudio.ee\/lv\/wp-json\/wp\/v2\/product"}],"about":[{"href":"https:\/\/skinstudio.ee\/lv\/wp-json\/wp\/v2\/types\/product"}],"version-history":[{"count":2,"href":"https:\/\/skinstudio.ee\/lv\/wp-json\/wp\/v2\/product\/72322\/revisions"}],"predecessor-version":[{"id":75834,"href":"https:\/\/skinstudio.ee\/lv\/wp-json\/wp\/v2\/product\/72322\/revisions\/75834"}],"wp:featuredmedia":[{"embeddable":true,"href":"https:\/\/skinstudio.ee\/lv\/wp-json\/wp\/v2\/media\/86332"}],"wp:attachment":[{"href":"https:\/\/skinstudio.ee\/lv\/wp-json\/wp\/v2\/media?parent=72322"}],"wp:term":[{"taxonomy":"pwb-brand","embeddable":true,"href":"https:\/\/skinstudio.ee\/lv\/wp-json\/wp\/v2\/pwb-brand?post=72322"},{"taxonomy":"product_brand","embeddable":true,"href":"https:\/\/skinstudio.ee\/lv\/wp-json\/wp\/v2\/product_brand?post=72322"},{"taxonomy":"product_cat","embeddable":true,"href":"https:\/\/skinstudio.ee\/lv\/wp-json\/wp\/v2\/product_cat?post=72322"},{"taxonomy":"product_tag","embeddable":true,"href":"https:\/\/skinstudio.ee\/lv\/wp-json\/wp\/v2\/product_tag?post=72322"},{"taxonomy":"giftcard-category","embeddable":true,"href":"https:\/\/skinstudio.ee\/lv\/wp-json\/wp\/v2\/giftcard-category?post=72322"}],"curies":[{"name":"wp","href":"https:\/\/api.w.org\/{rel}","templated":true}]}}