{"id":72331,"date":"2024-01-19T17:01:41","date_gmt":"2024-01-19T17:01:41","guid":{"rendered":"https:\/\/skinstudio.ee\/?post_type=product&#038;p=72331"},"modified":"2026-01-22T09:01:46","modified_gmt":"2026-01-22T09:01:46","slug":"bioclear-face-lotion","status":"publish","type":"product","link":"https:\/\/skinstudio.ee\/lv\/catalog\/jan-marini-lv\/bioclear-face-lotion\/","title":{"rendered":"Bioclear\u00ae Face Lotion"},"content":{"rendered":"<p data-start=\"174\" data-end=\"412\">Bioclear\u00ae Face Lotion no Marini SkinSolutions ir daudzfunkcion\u0101ls kori\u0123\u0113jo\u0161s sejas serums ar sk\u0101bju kompleksu, kas paredz\u0113ts \u0101das to\u0146a un tekst\u016bras uzlabo\u0161anai. Formula pal\u012bdz vizu\u0101li samazin\u0101t da\u017e\u0101das \u0101das nepiln\u012bbas un uzlabo \u0101das kop\u0113jo izskatu.<\/p>\n<p data-start=\"414\" data-end=\"597\">Sk\u0101bju kombin\u0101cija veicina pak\u0101penisku \u0101das atjauno\u0161anos, pal\u012bdz izl\u012bdzin\u0101t \u0101das virsmu un uzlabot poru izskatu. Regul\u0101ri lietojot, \u0101da k\u013c\u016bst maig\u0101ka, glud\u0101ka un vizu\u0101li vienm\u0113r\u012bg\u0101ka.<\/p>\n<p data-start=\"599\" data-end=\"623\"><strong data-start=\"599\" data-end=\"623\">Akt\u012bv\u0101s sast\u0101vda\u013cas:<\/strong><\/p>\n<ul data-start=\"624\" data-end=\"867\">\n<li data-start=\"624\" data-end=\"710\">\n<p data-start=\"626\" data-end=\"710\"><strong data-start=\"626\" data-end=\"647\">Glikolsk\u0101be 8,4%:<\/strong> veicina \u0101das atjauno\u0161anos un pal\u012bdz izl\u012bdzin\u0101t \u0101das tekst\u016bru<\/p>\n<\/li>\n<li data-start=\"711\" data-end=\"782\">\n<p data-start=\"713\" data-end=\"782\"><strong data-start=\"713\" data-end=\"733\">Salicilsk\u0101be 2%:<\/strong> pal\u012bdz att\u012br\u012bt poras un uzlabot \u0101das skaidr\u012bbu<\/p>\n<\/li>\n<li data-start=\"783\" data-end=\"867\">\n<p data-start=\"785\" data-end=\"867\"><strong data-start=\"785\" data-end=\"807\">Azela\u012bnsk\u0101be 1,8%:<\/strong> pal\u012bdz uzlabot \u0101das toni un samazin\u0101t nepiln\u012bbu redzam\u012bbu<\/p>\n<\/li>\n<\/ul>\n<p data-start=\"869\" data-end=\"977\">Produkts ir piem\u0113rots \u0101dai ar nevienm\u0113r\u012bgu toni un tekst\u016bru, redzam\u0101m nepiln\u012bb\u0101m un fotonoveco\u0161an\u0101s paz\u012bm\u0113m.<\/p>\n<p data-start=\"979\" data-end=\"1001\"><strong data-start=\"979\" data-end=\"991\">Tilpums:<\/strong> <strong data-start=\"992\" data-end=\"1001\">30 ml<\/strong><\/p>\n","protected":false},"excerpt":{"rendered":"<div class=\"product attribute overview\">\n<div class=\"value\">\n<p data-start=\"1181\" data-end=\"1205\">Kori\u0123\u0113jo\u0161s sk\u0101bju serums<\/p>\n<h2 data-start=\"1207\" data-end=\"1254\"><strong data-start=\"1207\" data-end=\"1254\">\u012apa\u0161\u012bbas Marini SkinSolutions &#8211; Bioclear\u00ae Face Lotion<\/strong><\/h2>\n<p data-start=\"1256\" data-end=\"1466\">\u2714\ufe0f Pal\u012bdz izl\u012bdzin\u0101t \u0101das toni un tekst\u016bru<br data-start=\"1298\" data-end=\"1301\" \/>\u2714\ufe0f Samazina nevienm\u0113r\u012bgas \u0101das virsmas redzam\u012bbu<br data-start=\"1349\" data-end=\"1352\" \/>\u2714\ufe0f Atbalsta \u0101das atjauno\u0161an\u0101s procesus<br data-start=\"1390\" data-end=\"1393\" \/>\u2714\ufe0f Pal\u012bdz uzlabot poru izskatu<br data-start=\"1423\" data-end=\"1426\" \/>\u2714\ufe0f Padara \u0101du glud\u0101ku un l\u012bdzsvarot\u0101ku<\/p>\n<\/div>\n<\/div>\n","protected":false},"featured_media":75336,"template":"","meta":[],"pwb-brand":[1245],"product_brand":[],"product_cat":[741,745,751,723,747],"product_tag":[],"giftcard-category":[],"class_list":{"0":"post-72331","1":"product","2":"type-product","3":"status-publish","4":"has-post-thumbnail","6":"pwb-brand-jan-marini-lv","7":"product_cat-izsitumi","8":"product_cat-jutigai-adai","9":"product_cat-pigmentacija-lv","10":"product_cat-serumi","11":"product_cat-taukainai-adai","13":"first","14":"instock","15":"taxable","16":"shipping-taxable","17":"purchasable","18":"product-type-simple"},"acf":[],"brands":[{"id":1245,"name":"Marini SkinSolutions","slug":"jan-marini-lv"}],"_links":{"self":[{"href":"https:\/\/skinstudio.ee\/lv\/wp-json\/wp\/v2\/product\/72331","targetHints":{"allow":["GET"]}}],"collection":[{"href":"https:\/\/skinstudio.ee\/lv\/wp-json\/wp\/v2\/product"}],"about":[{"href":"https:\/\/skinstudio.ee\/lv\/wp-json\/wp\/v2\/types\/product"}],"version-history":[{"count":3,"href":"https:\/\/skinstudio.ee\/lv\/wp-json\/wp\/v2\/product\/72331\/revisions"}],"predecessor-version":[{"id":75836,"href":"https:\/\/skinstudio.ee\/lv\/wp-json\/wp\/v2\/product\/72331\/revisions\/75836"}],"wp:featuredmedia":[{"embeddable":true,"href":"https:\/\/skinstudio.ee\/lv\/wp-json\/wp\/v2\/media\/75336"}],"wp:attachment":[{"href":"https:\/\/skinstudio.ee\/lv\/wp-json\/wp\/v2\/media?parent=72331"}],"wp:term":[{"taxonomy":"pwb-brand","embeddable":true,"href":"https:\/\/skinstudio.ee\/lv\/wp-json\/wp\/v2\/pwb-brand?post=72331"},{"taxonomy":"product_brand","embeddable":true,"href":"https:\/\/skinstudio.ee\/lv\/wp-json\/wp\/v2\/product_brand?post=72331"},{"taxonomy":"product_cat","embeddable":true,"href":"https:\/\/skinstudio.ee\/lv\/wp-json\/wp\/v2\/product_cat?post=72331"},{"taxonomy":"product_tag","embeddable":true,"href":"https:\/\/skinstudio.ee\/lv\/wp-json\/wp\/v2\/product_tag?post=72331"},{"taxonomy":"giftcard-category","embeddable":true,"href":"https:\/\/skinstudio.ee\/lv\/wp-json\/wp\/v2\/giftcard-category?post=72331"}],"curies":[{"name":"wp","href":"https:\/\/api.w.org\/{rel}","templated":true}]}}