{"id":72340,"date":"2024-01-19T17:01:38","date_gmt":"2024-01-19T17:01:38","guid":{"rendered":"https:\/\/skinstudio.ee\/?post_type=product&#038;p=72340"},"modified":"2026-01-19T15:12:50","modified_gmt":"2026-01-19T15:12:50","slug":"bioclear-face-cream","status":"publish","type":"product","link":"https:\/\/skinstudio.ee\/lv\/catalog\/jan-marini-lv\/bioclear-face-cream\/","title":{"rendered":"Bioclear Face Cream"},"content":{"rendered":"<p data-start=\"176\" data-end=\"422\">Bioclear Face Cream no Jan Marini ir daudzfunkcion\u0101ls kori\u0123\u0113jo\u0161s kr\u0113ms ar sk\u0101bju kompleksu, kas paredz\u0113ts \u0101das to\u0146a un tekst\u016bras uzlabo\u0161anai. Formula pal\u012bdz vizu\u0101li samazin\u0101t da\u017e\u0101das \u0101das nepiln\u012bbas un veicina glud\u0101ku, l\u012bdzsvarot\u0101ku \u0101das izskatu.<\/p>\n<p data-start=\"424\" data-end=\"626\">Sk\u0101bju kombin\u0101cija veicina pak\u0101penisku \u0101das atjauno\u0161anos, uzlabo \u0101das virsmas vienm\u0113r\u012bgumu un pal\u012bdz padar\u012bt poras maz\u0101k paman\u0101mas. Regul\u0101ri lietojot, \u0101da k\u013c\u016bst maig\u0101ka, glud\u0101ka un vizu\u0101li vienm\u0113r\u012bg\u0101ka.<\/p>\n<p data-start=\"628\" data-end=\"652\"><strong data-start=\"628\" data-end=\"652\">Akt\u012bv\u0101s sast\u0101vda\u013cas:<\/strong><\/p>\n<ul data-start=\"653\" data-end=\"871\">\n<li data-start=\"653\" data-end=\"724\">\n<p data-start=\"655\" data-end=\"724\"><strong data-start=\"655\" data-end=\"671\">Glikolsk\u0101be:<\/strong> veicina \u0101das atjauno\u0161anos un izl\u012bdzina \u0101das virsmu<\/p>\n<\/li>\n<li data-start=\"725\" data-end=\"791\">\n<p data-start=\"727\" data-end=\"791\"><strong data-start=\"727\" data-end=\"744\">Salicilsk\u0101be:<\/strong> pal\u012bdz att\u012br\u012bt poras un uzlabot \u0101das izskatu<\/p>\n<\/li>\n<li data-start=\"792\" data-end=\"871\">\n<p data-start=\"794\" data-end=\"871\"><strong data-start=\"794\" data-end=\"811\">Azela\u012bnsk\u0101be:<\/strong> pal\u012bdz uzlabot \u0101das toni un samazin\u0101t nepiln\u012bbu redzam\u012bbu<\/p>\n<\/li>\n<\/ul>\n<p data-start=\"873\" data-end=\"981\">Produkts ir piem\u0113rots \u0101dai ar nevienm\u0113r\u012bgu toni un tekst\u016bru, redzam\u0101m nepiln\u012bb\u0101m un fotonoveco\u0161an\u0101s paz\u012bm\u0113m.<\/p>\n<p data-start=\"983\" data-end=\"1004\"><strong data-start=\"983\" data-end=\"995\">Tilpums:<\/strong> <strong data-start=\"996\" data-end=\"1004\">28 g<\/strong><\/p>\n","protected":false},"excerpt":{"rendered":"<div class=\"wpb_text_column wpb_content_element \">\n<div class=\"wpb_wrapper\">\n<div class=\"product attribute overview\">\n<div class=\"value\">\n<p data-start=\"1184\" data-end=\"1207\">Kori\u0123\u0113jo\u0161s sk\u0101bju kr\u0113ms<\/p>\n<h2 data-start=\"1209\" data-end=\"1254\"><strong data-start=\"1209\" data-end=\"1254\">\u012apa\u0161\u012bbas Jan Marini &#8211; Bioclear Face Cream<\/strong><\/h2>\n<p data-start=\"1256\" data-end=\"1466\">\u2714\ufe0f Pal\u012bdz izl\u012bdzin\u0101t \u0101das toni un tekst\u016bru<br data-start=\"1298\" data-end=\"1301\" \/>\u2714\ufe0f Samazina nevienm\u0113r\u012bgas \u0101das virsmas redzam\u012bbu<br data-start=\"1349\" data-end=\"1352\" \/>\u2714\ufe0f Atbalsta \u0101das atjauno\u0161an\u0101s procesus<br data-start=\"1390\" data-end=\"1393\" \/>\u2714\ufe0f Pal\u012bdz uzlabot poru izskatu<br data-start=\"1423\" data-end=\"1426\" \/>\u2714\ufe0f Padara \u0101du glud\u0101ku un l\u012bdzsvarot\u0101ku<\/p>\n<\/div>\n<\/div>\n<\/div>\n<\/div>\n","protected":false},"featured_media":63584,"template":"","meta":[],"pwb-brand":[1245],"product_brand":[],"product_cat":[737,743,751,739],"product_tag":[],"giftcard-category":[],"class_list":{"0":"post-72340","1":"product","2":"type-product","3":"status-publish","4":"has-post-thumbnail","6":"pwb-brand-jan-marini-lv","7":"product_cat-mitrinasana","8":"product_cat-paplasinatas-poras","9":"product_cat-pigmentacija-lv","10":"product_cat-sausai-adai","12":"first","13":"instock","14":"taxable","15":"shipping-taxable","16":"purchasable","17":"product-type-simple"},"acf":[],"brands":[{"id":1245,"name":"Marini SkinSolutions","slug":"jan-marini-lv"}],"_links":{"self":[{"href":"https:\/\/skinstudio.ee\/lv\/wp-json\/wp\/v2\/product\/72340","targetHints":{"allow":["GET"]}}],"collection":[{"href":"https:\/\/skinstudio.ee\/lv\/wp-json\/wp\/v2\/product"}],"about":[{"href":"https:\/\/skinstudio.ee\/lv\/wp-json\/wp\/v2\/types\/product"}],"version-history":[{"count":1,"href":"https:\/\/skinstudio.ee\/lv\/wp-json\/wp\/v2\/product\/72340\/revisions"}],"predecessor-version":[{"id":72342,"href":"https:\/\/skinstudio.ee\/lv\/wp-json\/wp\/v2\/product\/72340\/revisions\/72342"}],"wp:featuredmedia":[{"embeddable":true,"href":"https:\/\/skinstudio.ee\/lv\/wp-json\/wp\/v2\/media\/63584"}],"wp:attachment":[{"href":"https:\/\/skinstudio.ee\/lv\/wp-json\/wp\/v2\/media?parent=72340"}],"wp:term":[{"taxonomy":"pwb-brand","embeddable":true,"href":"https:\/\/skinstudio.ee\/lv\/wp-json\/wp\/v2\/pwb-brand?post=72340"},{"taxonomy":"product_brand","embeddable":true,"href":"https:\/\/skinstudio.ee\/lv\/wp-json\/wp\/v2\/product_brand?post=72340"},{"taxonomy":"product_cat","embeddable":true,"href":"https:\/\/skinstudio.ee\/lv\/wp-json\/wp\/v2\/product_cat?post=72340"},{"taxonomy":"product_tag","embeddable":true,"href":"https:\/\/skinstudio.ee\/lv\/wp-json\/wp\/v2\/product_tag?post=72340"},{"taxonomy":"giftcard-category","embeddable":true,"href":"https:\/\/skinstudio.ee\/lv\/wp-json\/wp\/v2\/giftcard-category?post=72340"}],"curies":[{"name":"wp","href":"https:\/\/api.w.org\/{rel}","templated":true}]}}