{"id":72349,"date":"2024-01-19T17:01:22","date_gmt":"2024-01-19T17:01:22","guid":{"rendered":"https:\/\/skinstudio.ee\/?post_type=product&#038;p=72349"},"modified":"2026-01-22T09:01:54","modified_gmt":"2026-01-22T09:01:54","slug":"transformation-face-cream","status":"publish","type":"product","link":"https:\/\/skinstudio.ee\/lv\/catalog\/jan-marini-lv\/transformation-face-cream\/","title":{"rendered":"Transformation Face Cream"},"content":{"rendered":"<p data-start=\"182\" data-end=\"482\">Transformation Face Cream no Marini SkinSolutions ir grezns transform\u0113jo\u0161s mitrino\u0161s kr\u0113ms, kas paredz\u0113ts derm\u0101lo \u0101das strukt\u016bru atjauno\u0161anas atbalstam un jaunekl\u012bga, kopt\u0101 izskata saglab\u0101\u0161anai. Formula pal\u012bdz nov\u0113rst mitruma zudumu, atbalsta \u0101das aizsargbarjeras integrit\u0101ti un uzlabo \u0101das visp\u0101r\u0113jo st\u0101vokli.<\/p>\n<p data-start=\"484\" data-end=\"666\">Kr\u0113ms veicina \u0101das atjauno\u0161an\u0101s procesus, uzlabo \u0101das tekst\u016bru un pal\u012bdz padar\u012bt \u0101du glud\u0101ku, tvirt\u0101ku un elast\u012bg\u0101ku. Sabalans\u0113t\u0101 konsistence \u013cauj produktu izmantot visa gada garum\u0101.<\/p>\n<p data-start=\"668\" data-end=\"692\"><strong data-start=\"668\" data-end=\"692\">Akt\u012bv\u0101s sast\u0101vda\u013cas:<\/strong><\/p>\n<ul data-start=\"693\" data-end=\"1086\">\n<li data-start=\"693\" data-end=\"771\">\n<p data-start=\"695\" data-end=\"771\"><strong data-start=\"695\" data-end=\"742\">Transform\u0113jo\u0161ais aug\u0161anas faktors (TGF-\u03b21):<\/strong> atbalsta \u0101das atjauno\u0161anos<\/p>\n<\/li>\n<li data-start=\"772\" data-end=\"843\">\n<p data-start=\"774\" data-end=\"843\"><strong data-start=\"774\" data-end=\"801\">Patent\u0113ts timos\u012bns \u03b2-4:<\/strong> pal\u012bdz saglab\u0101t \u0101das tvirtumu un tonusu<\/p>\n<\/li>\n<li data-start=\"844\" data-end=\"929\">\n<p data-start=\"846\" data-end=\"929\"><strong data-start=\"846\" data-end=\"875\">Pret-noveco\u0161an\u0101s pept\u012bdi:<\/strong> uzlabo \u0101das tekst\u016bru un samazina krunci\u0146u redzam\u012bbu<\/p>\n<\/li>\n<li data-start=\"930\" data-end=\"1011\">\n<p data-start=\"932\" data-end=\"1011\"><strong data-start=\"932\" data-end=\"950\">Hialuronsk\u0101be:<\/strong> nodro\u0161ina intens\u012bvu mitrin\u0101\u0161anu un pal\u012bdz saglab\u0101t mitrumu<\/p>\n<\/li>\n<li data-start=\"1012\" data-end=\"1086\">\n<p data-start=\"1014\" data-end=\"1086\"><strong data-start=\"1014\" data-end=\"1042\">Antioksidantu komplekss:<\/strong> pal\u012bdz aizsarg\u0101t \u0101du no \u0101r\u0113jiem faktoriem<\/p>\n<\/li>\n<\/ul>\n<p data-start=\"1088\" data-end=\"1187\">Produkts ir piem\u0113rots visiem \u0101das tipiem, \u012bpa\u0161i \u0101dai ar noveco\u0161an\u0101s paz\u012bm\u0113m un samazin\u0101tu elast\u012bbu.<\/p>\n<p data-start=\"1189\" data-end=\"1210\"><strong data-start=\"1189\" data-end=\"1201\">Tilpums:<\/strong> <strong data-start=\"1202\" data-end=\"1210\">28 g<\/strong><\/p>\n","protected":false},"excerpt":{"rendered":"<div class=\"wpb_text_column wpb_content_element \">\n<div class=\"wpb_wrapper\">\n<p data-start=\"1344\" data-end=\"1370\">Transform\u0113jo\u0161s sejas kr\u0113ms<\/p>\n<h2 data-start=\"1372\" data-end=\"1423\"><strong data-start=\"1372\" data-end=\"1423\">\u012apa\u0161\u012bbas Marini SkinSolutions &#8211; Transformation Face Cream<\/strong><\/h2>\n<p data-start=\"1425\" data-end=\"1601\">\u2714\ufe0f Pal\u012bdz saglab\u0101t mitrumu \u0101d\u0101<br data-start=\"1455\" data-end=\"1458\" \/>\u2714\ufe0f Atbalsta \u0101das atjauno\u0161an\u0101s procesus<br data-start=\"1496\" data-end=\"1499\" \/>\u2714\ufe0f Uzlabo \u0101das tekst\u016bru un gludumu<br data-start=\"1533\" data-end=\"1536\" \/>\u2714\ufe0f Samazina krunci\u0146u redzam\u012bbu<br data-start=\"1566\" data-end=\"1569\" \/>\u2714\ufe0f Padara \u0101du maigu un z\u012bdainu<\/p>\n<\/div>\n<\/div>\n","protected":false},"featured_media":63644,"template":"","meta":[],"pwb-brand":[1245],"product_brand":[],"product_cat":[745,737,749,739],"product_tag":[],"giftcard-category":[],"class_list":{"0":"post-72349","1":"product","2":"type-product","3":"status-publish","4":"has-post-thumbnail","6":"pwb-brand-jan-marini-lv","7":"product_cat-jutigai-adai","8":"product_cat-mitrinasana","9":"product_cat-novecojosa-ada","10":"product_cat-sausai-adai","12":"first","13":"instock","14":"taxable","15":"shipping-taxable","16":"purchasable","17":"product-type-simple"},"acf":[],"brands":[{"id":1245,"name":"Marini SkinSolutions","slug":"jan-marini-lv"}],"_links":{"self":[{"href":"https:\/\/skinstudio.ee\/lv\/wp-json\/wp\/v2\/product\/72349","targetHints":{"allow":["GET"]}}],"collection":[{"href":"https:\/\/skinstudio.ee\/lv\/wp-json\/wp\/v2\/product"}],"about":[{"href":"https:\/\/skinstudio.ee\/lv\/wp-json\/wp\/v2\/types\/product"}],"version-history":[{"count":2,"href":"https:\/\/skinstudio.ee\/lv\/wp-json\/wp\/v2\/product\/72349\/revisions"}],"predecessor-version":[{"id":75837,"href":"https:\/\/skinstudio.ee\/lv\/wp-json\/wp\/v2\/product\/72349\/revisions\/75837"}],"wp:featuredmedia":[{"embeddable":true,"href":"https:\/\/skinstudio.ee\/lv\/wp-json\/wp\/v2\/media\/63644"}],"wp:attachment":[{"href":"https:\/\/skinstudio.ee\/lv\/wp-json\/wp\/v2\/media?parent=72349"}],"wp:term":[{"taxonomy":"pwb-brand","embeddable":true,"href":"https:\/\/skinstudio.ee\/lv\/wp-json\/wp\/v2\/pwb-brand?post=72349"},{"taxonomy":"product_brand","embeddable":true,"href":"https:\/\/skinstudio.ee\/lv\/wp-json\/wp\/v2\/product_brand?post=72349"},{"taxonomy":"product_cat","embeddable":true,"href":"https:\/\/skinstudio.ee\/lv\/wp-json\/wp\/v2\/product_cat?post=72349"},{"taxonomy":"product_tag","embeddable":true,"href":"https:\/\/skinstudio.ee\/lv\/wp-json\/wp\/v2\/product_tag?post=72349"},{"taxonomy":"giftcard-category","embeddable":true,"href":"https:\/\/skinstudio.ee\/lv\/wp-json\/wp\/v2\/giftcard-category?post=72349"}],"curies":[{"name":"wp","href":"https:\/\/api.w.org\/{rel}","templated":true}]}}