{"id":72358,"date":"2024-01-19T17:00:52","date_gmt":"2024-01-19T17:00:52","guid":{"rendered":"https:\/\/skinstudio.ee\/?post_type=product&#038;p=72358"},"modified":"2026-01-22T09:02:02","modified_gmt":"2026-01-22T09:02:02","slug":"age-intervention-face-cream","status":"publish","type":"product","link":"https:\/\/skinstudio.ee\/lv\/catalog\/jan-marini-lv\/age-intervention-face-cream\/","title":{"rendered":"Age Intervention Face Cream"},"content":{"rendered":"<p data-start=\"178\" data-end=\"454\">Age Intervention Face Cream no Marini SkinSolutions ir bag\u0101t\u012bgs pret-noveco\u0161an\u0101s sejas kr\u0113ms, kas izstr\u0101d\u0101ts, lai uzlabotu \u0101das izskatu hormon\u0101lu izmai\u0146u un saules ietekmes rezult\u0101t\u0101. Uzlabot\u0101 formula atbalsta \u0101das dabiskos atjauno\u0161an\u0101s procesus un pal\u012bdz uzlabot \u0101das kop\u0113jo kvalit\u0101ti.<\/p>\n<p data-start=\"456\" data-end=\"653\">Kr\u0113ms veicina intens\u012bv\u0101ku mitrin\u0101\u0161anu, uzlabo \u0101das elast\u012bbu un pal\u012bdz samazin\u0101t smalko l\u012bniju un krunci\u0146u redzam\u012bbu. Regul\u0101ri lietojot, \u0101da k\u013c\u016bst glud\u0101ka, elast\u012bg\u0101ka un izskat\u0101s dabiski vesel\u012bg\u0101ka.<\/p>\n<p data-start=\"655\" data-end=\"679\"><strong data-start=\"655\" data-end=\"679\">Akt\u012bv\u0101s sast\u0101vda\u013cas:<\/strong><\/p>\n<ul data-start=\"680\" data-end=\"1117\">\n<li data-start=\"680\" data-end=\"800\">\n<p data-start=\"682\" data-end=\"800\"><strong data-start=\"682\" data-end=\"760\">Patent\u0113ts interferona un izoflavonu komplekss (soja un sarkanais \u0101boli\u0146\u0161):<\/strong> atbalsta \u0101das mitrin\u0101\u0161anu un elast\u012bbu<\/p>\n<\/li>\n<li data-start=\"801\" data-end=\"890\">\n<p data-start=\"803\" data-end=\"890\"><strong data-start=\"803\" data-end=\"820\">Koenz\u012bms Q10:<\/strong> pal\u012bdz aizsarg\u0101t \u0101du no \u0101r\u0113jiem faktoriem un atbalsta \u0161\u016bnu ener\u0123iju<\/p>\n<\/li>\n<li data-start=\"891\" data-end=\"964\">\n<p data-start=\"893\" data-end=\"964\"><strong data-start=\"893\" data-end=\"917\">Planktona ekstrakts:<\/strong> veicina \u0101das baro\u0161anu un uzlabo t\u0101s tekst\u016bru<\/p>\n<\/li>\n<li data-start=\"965\" data-end=\"1044\">\n<p data-start=\"967\" data-end=\"1044\"><strong data-start=\"967\" data-end=\"997\">Metilsulfonilmet\u0101ns (MSM):<\/strong> atbalsta \u0101das tvirtumu un visp\u0101r\u0113jo st\u0101vokli<\/p>\n<\/li>\n<li data-start=\"1045\" data-end=\"1117\">\n<p data-start=\"1047\" data-end=\"1117\"><strong data-start=\"1047\" data-end=\"1072\">Probiotiku komplekss:<\/strong> pal\u012bdz uztur\u0113t l\u012bdzsvarotu \u0101das mikrobiomu<\/p>\n<\/li>\n<\/ul>\n<p data-start=\"1119\" data-end=\"1207\">Produkts ir piem\u0113rots sausai \u0101dai un \u0101dai ar noveco\u0161an\u0101s paz\u012bm\u0113m un samazin\u0101tu elast\u012bbu.<\/p>\n<p data-start=\"1209\" data-end=\"1230\"><strong data-start=\"1209\" data-end=\"1221\">Tilpums:<\/strong> <strong data-start=\"1222\" data-end=\"1230\">28 g<\/strong><\/p>\n","protected":false},"excerpt":{"rendered":"<p data-start=\"1368\" data-end=\"1415\">Pret-noveco\u0161an\u0101s sejas kr\u0113ms ar fitoestrog\u0113niem<\/p>\n<h2 data-start=\"1417\" data-end=\"1470\"><strong data-start=\"1417\" data-end=\"1470\">\u012apa\u0161\u012bbas Marini SkinSolutions &#8211; Age Intervention Face Cream<\/strong><\/h2>\n<p data-start=\"1472\" data-end=\"1702\">\u2714\ufe0f Pal\u012bdz samazin\u0101t smalko l\u012bniju un krunci\u0146u redzam\u012bbu<br data-start=\"1527\" data-end=\"1530\" \/>\u2714\ufe0f Atbalsta \u0101das elast\u012bbu un tvirtumu<br data-start=\"1567\" data-end=\"1570\" \/>\u2714\ufe0f Uzlabo \u0101das tekst\u016bru un mitrin\u0101jumu<br data-start=\"1608\" data-end=\"1611\" \/>\u2714\ufe0f Pal\u012bdz aizsarg\u0101t \u0101du no fotonoveco\u0161an\u0101s<br data-start=\"1653\" data-end=\"1656\" \/>\u2714\ufe0f Nomierina \u0101du un pal\u012bdz mazin\u0101t aps\u0101rtumu<\/p>\n","protected":false},"featured_media":75341,"template":"","meta":[],"pwb-brand":[1245],"product_brand":[],"product_cat":[737,749,739],"product_tag":[],"giftcard-category":[],"class_list":{"0":"post-72358","1":"product","2":"type-product","3":"status-publish","4":"has-post-thumbnail","6":"pwb-brand-jan-marini-lv","7":"product_cat-mitrinasana","8":"product_cat-novecojosa-ada","9":"product_cat-sausai-adai","11":"first","12":"instock","13":"taxable","14":"shipping-taxable","15":"purchasable","16":"product-type-simple"},"acf":[],"brands":[{"id":1245,"name":"Marini SkinSolutions","slug":"jan-marini-lv"}],"_links":{"self":[{"href":"https:\/\/skinstudio.ee\/lv\/wp-json\/wp\/v2\/product\/72358","targetHints":{"allow":["GET"]}}],"collection":[{"href":"https:\/\/skinstudio.ee\/lv\/wp-json\/wp\/v2\/product"}],"about":[{"href":"https:\/\/skinstudio.ee\/lv\/wp-json\/wp\/v2\/types\/product"}],"version-history":[{"count":2,"href":"https:\/\/skinstudio.ee\/lv\/wp-json\/wp\/v2\/product\/72358\/revisions"}],"predecessor-version":[{"id":75838,"href":"https:\/\/skinstudio.ee\/lv\/wp-json\/wp\/v2\/product\/72358\/revisions\/75838"}],"wp:featuredmedia":[{"embeddable":true,"href":"https:\/\/skinstudio.ee\/lv\/wp-json\/wp\/v2\/media\/75341"}],"wp:attachment":[{"href":"https:\/\/skinstudio.ee\/lv\/wp-json\/wp\/v2\/media?parent=72358"}],"wp:term":[{"taxonomy":"pwb-brand","embeddable":true,"href":"https:\/\/skinstudio.ee\/lv\/wp-json\/wp\/v2\/pwb-brand?post=72358"},{"taxonomy":"product_brand","embeddable":true,"href":"https:\/\/skinstudio.ee\/lv\/wp-json\/wp\/v2\/product_brand?post=72358"},{"taxonomy":"product_cat","embeddable":true,"href":"https:\/\/skinstudio.ee\/lv\/wp-json\/wp\/v2\/product_cat?post=72358"},{"taxonomy":"product_tag","embeddable":true,"href":"https:\/\/skinstudio.ee\/lv\/wp-json\/wp\/v2\/product_tag?post=72358"},{"taxonomy":"giftcard-category","embeddable":true,"href":"https:\/\/skinstudio.ee\/lv\/wp-json\/wp\/v2\/giftcard-category?post=72358"}],"curies":[{"name":"wp","href":"https:\/\/api.w.org\/{rel}","templated":true}]}}