{"id":72383,"date":"2026-01-05T08:38:11","date_gmt":"2026-01-05T08:38:11","guid":{"rendered":"https:\/\/skinstudio.ee\/?post_type=product&#038;p=72383"},"modified":"2026-04-15T08:49:27","modified_gmt":"2026-04-15T08:49:27","slug":"tricology-caps","status":"publish","type":"product","link":"https:\/\/skinstudio.ee\/lv\/catalog\/mesoestetic\/tricology-caps\/","title":{"rendered":"Tricology Caps"},"content":{"rendered":"<p data-start=\"107\" data-end=\"217\"><strong data-start=\"107\" data-end=\"217\">Tricology Caps no Mesoestetic &#8211; uztura bag\u0101tin\u0101t\u0101js ar augu ekstraktu, vitam\u012bnu un miner\u0101lvielu kompleksu.<\/strong><\/p>\n<p data-start=\"219\" data-end=\"400\">Formula ir paredz\u0113ta ikdienas lieto\u0161anai un satur sast\u0101vda\u013cas, kuras pla\u0161i izmanto uztura bag\u0101tin\u0101t\u0101jos. Kapsulu forma nodro\u0161ina \u0113rtu lieto\u0161anu un ir piem\u0113rota ilgsto\u0161ai lieto\u0161anai.<\/p>\n<p data-start=\"402\" data-end=\"512\">Sast\u0101v\u0101 ir B grupas vitam\u012bni, cinks un augu ekstrakti. Produkts ir veg\u0101nisks un piem\u0113rots ikdienas lieto\u0161anai.<\/p>\n<p data-start=\"514\" data-end=\"709\"><strong data-start=\"514\" data-end=\"532\">Ra\u017eots Eirop\u0101.<\/strong><br data-start=\"532\" data-end=\"535\" \/><strong data-start=\"535\" data-end=\"556\">Der\u012bguma termi\u0146\u0161:<\/strong> skat\u012bt uz iepakojuma<br data-start=\"577\" data-end=\"580\" \/><strong data-start=\"580\" data-end=\"606\">Uzglab\u0101\u0161anas apst\u0101k\u013ci:<\/strong> uzglab\u0101t cie\u0161i nosl\u0113gtu saus\u0101, v\u0113s\u0101 viet\u0101, prom no tie\u0161iem saules stariem<br data-start=\"680\" data-end=\"683\" \/><strong data-start=\"683\" data-end=\"695\">Tilpums:<\/strong> 60 kapsulas<\/p>\n","protected":false},"excerpt":{"rendered":"<p data-start=\"1196\" data-end=\"1225\">Kapsulu uztura bag\u0101tin\u0101t\u0101js<\/p>\n<h2 data-start=\"1227\" data-end=\"1268\"><strong data-start=\"1227\" data-end=\"1268\">\u012apa\u0161\u012bbas Mesoestetic &#8211; Tricology Caps<\/strong><\/h2>\n<p data-start=\"1270\" data-end=\"1439\">\u2714\ufe0f Satur B grupas vitam\u012bnus un cinku<br data-start=\"1306\" data-end=\"1309\" \/>\u2714\ufe0f Ietver augu ekstraktu kompleksu<br data-start=\"1343\" data-end=\"1346\" \/>\u2714\ufe0f Kapsulu forma \u0113rtai lieto\u0161anai<br data-start=\"1379\" data-end=\"1382\" \/>\u2714\ufe0f Piem\u0113rots ikdienas lieto\u0161anai<br data-start=\"1414\" data-end=\"1417\" \/>\u2714\ufe0f Veg\u0101nisks sast\u0101vs<\/p>\n","protected":false},"featured_media":72375,"template":"","meta":[],"pwb-brand":[1132],"product_brand":[],"product_cat":[768],"product_tag":[],"giftcard-category":[],"class_list":{"0":"post-72383","1":"product","2":"type-product","3":"status-publish","4":"has-post-thumbnail","6":"pwb-brand-mesoestetic","7":"product_cat-vitamini","9":"first","10":"instock","11":"taxable","12":"shipping-taxable","13":"purchasable","14":"product-type-simple"},"acf":[],"brands":[{"id":1132,"name":"Mesoestetic","slug":"mesoestetic"}],"_links":{"self":[{"href":"https:\/\/skinstudio.ee\/lv\/wp-json\/wp\/v2\/product\/72383","targetHints":{"allow":["GET"]}}],"collection":[{"href":"https:\/\/skinstudio.ee\/lv\/wp-json\/wp\/v2\/product"}],"about":[{"href":"https:\/\/skinstudio.ee\/lv\/wp-json\/wp\/v2\/types\/product"}],"version-history":[{"count":2,"href":"https:\/\/skinstudio.ee\/lv\/wp-json\/wp\/v2\/product\/72383\/revisions"}],"predecessor-version":[{"id":90909,"href":"https:\/\/skinstudio.ee\/lv\/wp-json\/wp\/v2\/product\/72383\/revisions\/90909"}],"wp:featuredmedia":[{"embeddable":true,"href":"https:\/\/skinstudio.ee\/lv\/wp-json\/wp\/v2\/media\/72375"}],"wp:attachment":[{"href":"https:\/\/skinstudio.ee\/lv\/wp-json\/wp\/v2\/media?parent=72383"}],"wp:term":[{"taxonomy":"pwb-brand","embeddable":true,"href":"https:\/\/skinstudio.ee\/lv\/wp-json\/wp\/v2\/pwb-brand?post=72383"},{"taxonomy":"product_brand","embeddable":true,"href":"https:\/\/skinstudio.ee\/lv\/wp-json\/wp\/v2\/product_brand?post=72383"},{"taxonomy":"product_cat","embeddable":true,"href":"https:\/\/skinstudio.ee\/lv\/wp-json\/wp\/v2\/product_cat?post=72383"},{"taxonomy":"product_tag","embeddable":true,"href":"https:\/\/skinstudio.ee\/lv\/wp-json\/wp\/v2\/product_tag?post=72383"},{"taxonomy":"giftcard-category","embeddable":true,"href":"https:\/\/skinstudio.ee\/lv\/wp-json\/wp\/v2\/giftcard-category?post=72383"}],"curies":[{"name":"wp","href":"https:\/\/api.w.org\/{rel}","templated":true}]}}