{"id":72458,"date":"2024-01-19T17:00:47","date_gmt":"2024-01-19T17:00:47","guid":{"rendered":"https:\/\/skinstudio.ee\/?post_type=product&#038;p=72458"},"modified":"2026-01-19T15:12:49","modified_gmt":"2026-01-19T15:12:49","slug":"age-intervention-peptide-extreme","status":"publish","type":"product","link":"https:\/\/skinstudio.ee\/lv\/catalog\/jan-marini-lv\/age-intervention-peptide-extreme\/","title":{"rendered":"Age Intervention Peptide Extreme"},"content":{"rendered":"<p data-start=\"237\" data-end=\"583\">Age Intervention Peptide Extreme no Jan Marini ir intens\u012bvs pret-noveco\u0161an\u0101s losjons-serums ar augstu pept\u012bdu, antioksidantu un nomierino\u0161o komponentu koncentr\u0101ciju, kas paredz\u0113ts grumbu, nevienm\u0113r\u012bgas tekst\u016bras un \u0101das to\u0146a redzam\u012bbas mazin\u0101\u0161anai. Viegl\u0101 formula nodro\u0161ina t\u016bl\u012bt\u0113ju mitrin\u0101\u0161anu un baro\u0161anu, saglab\u0101jot komfortablu saj\u016btu uz \u0101das.<\/p>\n<p data-start=\"585\" data-end=\"836\">\u0160\u012b progres\u012bv\u0101 formula atbalsta \u0101das atjauno\u0161anos, veicina kolag\u0113na un elast\u012bna sint\u0113zi un uzlabo \u0101das visp\u0101r\u0113jo notur\u012bbu. Regul\u0101ri lietojot, \u0101da izskat\u0101s tvirt\u0101ka, glud\u0101ka un starojo\u0161\u0101ka. \u012apa\u0161i piem\u0113rota jut\u012bgai, reakt\u012bvai \u0101dai un \u0101dai p\u0113c proced\u016br\u0101m.<\/p>\n<p data-start=\"838\" data-end=\"862\"><strong data-start=\"838\" data-end=\"862\">Akt\u012bv\u0101s sast\u0101vda\u013cas:<\/strong><\/p>\n<ul data-start=\"863\" data-end=\"1338\">\n<li data-start=\"863\" data-end=\"966\">\n<p data-start=\"865\" data-end=\"966\"><strong data-start=\"865\" data-end=\"904\">Pret-noveco\u0161an\u0101s pept\u012bdu komplekss:<\/strong> atbalsta \u0101das tvirtumu un pal\u012bdz samazin\u0101t grumbu redzam\u012bbu<\/p>\n<\/li>\n<li data-start=\"967\" data-end=\"1054\">\n<p data-start=\"969\" data-end=\"1054\"><strong data-start=\"969\" data-end=\"986\">Koenz\u012bms Q10:<\/strong> atbalsta \u0161\u016bnu ener\u0123iju un pal\u012bdz aizsarg\u0101t \u0101du no fotonoveco\u0161an\u0101s<\/p>\n<\/li>\n<li data-start=\"1055\" data-end=\"1138\">\n<p data-start=\"1057\" data-end=\"1138\"><strong data-start=\"1057\" data-end=\"1083\">Za\u013c\u0101s t\u0113jas ekstrakts:<\/strong> nodro\u0161ina antioksidantu aizsardz\u012bbu un nomierina \u0101du<\/p>\n<\/li>\n<li data-start=\"1139\" data-end=\"1243\">\n<p data-start=\"1141\" data-end=\"1243\"><strong data-start=\"1141\" data-end=\"1167\">Gran\u0101t\u0101bola ekstrakts:<\/strong> pal\u012bdz aizsarg\u0101t \u0101du no br\u012bvo radik\u0101\u013cu iedarb\u012bbas un veicina atjauno\u0161anos<\/p>\n<\/li>\n<li data-start=\"1244\" data-end=\"1338\">\n<p data-start=\"1246\" data-end=\"1338\"><strong data-start=\"1246\" data-end=\"1286\">P\u013cavas putu s\u0113klu e\u013c\u013ca (Meadowfoam):<\/strong> m\u012bkstina \u0101du un pal\u012bdz saglab\u0101t mitruma l\u012bdzsvaru<\/p>\n<\/li>\n<\/ul>\n<p data-start=\"1340\" data-end=\"1449\">Formula ir piem\u0113rota visiem \u0101das tipiem, \u012bpa\u0161i \u0101dai ar noveco\u0161an\u0101s paz\u012bm\u0113m, jut\u012bgumu vai p\u0113cproced\u016bru stresu.<\/p>\n<p data-start=\"1451\" data-end=\"1473\"><strong data-start=\"1451\" data-end=\"1463\">Tilpums:<\/strong> <strong data-start=\"1464\" data-end=\"1473\">30 ml<\/strong><\/p>\n","protected":false},"excerpt":{"rendered":"<p data-start=\"1631\" data-end=\"1672\">Intens\u012bvs pret-noveco\u0161an\u0101s pept\u012bdu serums<\/p>\n<h2 data-start=\"1674\" data-end=\"1732\"><strong data-start=\"1674\" data-end=\"1732\">\u012apa\u0161\u012bbas Jan Marini &#8211; Age Intervention Peptide Extreme<\/strong><\/h2>\n<p data-start=\"1734\" data-end=\"1945\">\u2714\ufe0f Nodro\u0161ina t\u016bl\u012bt\u0113ju mitrin\u0101\u0161anu un baro\u0161anu<br data-start=\"1779\" data-end=\"1782\" \/>\u2714\ufe0f Atbalsta \u0101das tvirtumu un elast\u012bbu<br data-start=\"1819\" data-end=\"1822\" \/>\u2714\ufe0f Veicina \u0101das strukt\u016bras atjauno\u0161anos<br data-start=\"1861\" data-end=\"1864\" \/>\u2714\ufe0f Atbalsta kolag\u0113na un elast\u012bna sint\u0113zi<br data-start=\"1904\" data-end=\"1907\" \/>\u2714\ufe0f Padara \u0101du glud\u0101ku un starojo\u0161\u0101ku<\/p>\n","protected":false},"featured_media":63654,"template":"","meta":[],"pwb-brand":[1245],"product_brand":[],"product_cat":[745,749,723,747],"product_tag":[],"giftcard-category":[],"class_list":{"0":"post-72458","1":"product","2":"type-product","3":"status-publish","4":"has-post-thumbnail","6":"pwb-brand-jan-marini-lv","7":"product_cat-jutigai-adai","8":"product_cat-novecojosa-ada","9":"product_cat-serumi","10":"product_cat-taukainai-adai","12":"first","13":"instock","14":"taxable","15":"shipping-taxable","16":"purchasable","17":"product-type-simple"},"acf":[],"brands":[{"id":1245,"name":"Marini SkinSolutions","slug":"jan-marini-lv"}],"_links":{"self":[{"href":"https:\/\/skinstudio.ee\/lv\/wp-json\/wp\/v2\/product\/72458","targetHints":{"allow":["GET"]}}],"collection":[{"href":"https:\/\/skinstudio.ee\/lv\/wp-json\/wp\/v2\/product"}],"about":[{"href":"https:\/\/skinstudio.ee\/lv\/wp-json\/wp\/v2\/types\/product"}],"version-history":[{"count":1,"href":"https:\/\/skinstudio.ee\/lv\/wp-json\/wp\/v2\/product\/72458\/revisions"}],"predecessor-version":[{"id":72460,"href":"https:\/\/skinstudio.ee\/lv\/wp-json\/wp\/v2\/product\/72458\/revisions\/72460"}],"wp:featuredmedia":[{"embeddable":true,"href":"https:\/\/skinstudio.ee\/lv\/wp-json\/wp\/v2\/media\/63654"}],"wp:attachment":[{"href":"https:\/\/skinstudio.ee\/lv\/wp-json\/wp\/v2\/media?parent=72458"}],"wp:term":[{"taxonomy":"pwb-brand","embeddable":true,"href":"https:\/\/skinstudio.ee\/lv\/wp-json\/wp\/v2\/pwb-brand?post=72458"},{"taxonomy":"product_brand","embeddable":true,"href":"https:\/\/skinstudio.ee\/lv\/wp-json\/wp\/v2\/product_brand?post=72458"},{"taxonomy":"product_cat","embeddable":true,"href":"https:\/\/skinstudio.ee\/lv\/wp-json\/wp\/v2\/product_cat?post=72458"},{"taxonomy":"product_tag","embeddable":true,"href":"https:\/\/skinstudio.ee\/lv\/wp-json\/wp\/v2\/product_tag?post=72458"},{"taxonomy":"giftcard-category","embeddable":true,"href":"https:\/\/skinstudio.ee\/lv\/wp-json\/wp\/v2\/giftcard-category?post=72458"}],"curies":[{"name":"wp","href":"https:\/\/api.w.org\/{rel}","templated":true}]}}