{"id":72468,"date":"2024-01-19T17:00:46","date_gmt":"2024-01-19T17:00:46","guid":{"rendered":"https:\/\/skinstudio.ee\/?post_type=product&#038;p=72468"},"modified":"2026-01-22T09:02:10","modified_gmt":"2026-01-22T09:02:10","slug":"antioxidant-daily-face-protectant-spf-33","status":"publish","type":"product","link":"https:\/\/skinstudio.ee\/lv\/catalog\/jan-marini-lv\/antioxidant-daily-face-protectant-spf-33\/","title":{"rendered":"Antioxidant Daily Face Protectant SPF 33"},"content":{"rendered":"<p data-start=\"278\" data-end=\"592\">Antioxidant Daily Face Protectant SPF 33 no Marini SkinSolutions ir vieglas tekst\u016bras, \u016bdensiztur\u012bgs saules aizsargkr\u0113ms ikdienas lieto\u0161anai ar pla\u0161a spektra UVA un UVB aizsardz\u012bbu. Formula pal\u012bdz aizsarg\u0101t \u0101du no saules rad\u012btiem boj\u0101jumiem, vienlaikus uzturot optim\u0101lu mitruma l\u012bmeni un komforta saj\u016btu visas dienas garum\u0101.<\/p>\n<p data-start=\"594\" data-end=\"807\">\u0100tri ies\u016bco\u0161\u0101 tekst\u016bra nerada smaguma saj\u016btu un pal\u012bdz kontrol\u0113t lieko sp\u012bdumu. Antioksidanti un mitrino\u0161\u0101s sast\u0101vda\u013cas atbalsta \u0101das elast\u012bbu, pal\u012bdz mazin\u0101t fotonoveco\u0161an\u0101s paz\u012bmes un saglab\u0101 \u0101das koptu izskatu.<\/p>\n<p data-start=\"809\" data-end=\"833\"><strong data-start=\"809\" data-end=\"833\">Akt\u012bv\u0101s sast\u0101vda\u013cas:<\/strong><\/p>\n<ul data-start=\"834\" data-end=\"1318\">\n<li data-start=\"834\" data-end=\"956\">\n<p data-start=\"836\" data-end=\"956\"><strong data-start=\"836\" data-end=\"876\">Pla\u0161a spektra UVA \/ UVB aizsardz\u012bba:<\/strong> pal\u012bdz pasarg\u0101t \u0101du no kait\u012bg\u0101 saules starojuma un priek\u0161laic\u012bgas noveco\u0161an\u0101s<\/p>\n<\/li>\n<li data-start=\"957\" data-end=\"1053\">\n<p data-start=\"959\" data-end=\"1053\"><strong data-start=\"959\" data-end=\"976\">Fitomelan\u012bns:<\/strong> nodro\u0161ina antioksidantu aizsardz\u012bbu un pal\u012bdz neitraliz\u0113t br\u012bvos radik\u0101\u013cus<\/p>\n<\/li>\n<li data-start=\"1054\" data-end=\"1151\">\n<p data-start=\"1056\" data-end=\"1151\"><strong data-start=\"1056\" data-end=\"1091\">Beta-glik\u0101ns (rauga ekstrakts):<\/strong> pal\u012bdz nomierin\u0101t \u0101du un atbalsta to vides stresa ietekm\u0113<\/p>\n<\/li>\n<li data-start=\"1152\" data-end=\"1245\">\n<p data-start=\"1154\" data-end=\"1245\"><strong data-start=\"1154\" data-end=\"1183\">Sebuma kontroles sist\u0113ma:<\/strong> pal\u012bdz samazin\u0101t sp\u012bdumu un uztur\u0113t l\u012bdzsvarotu \u0101das virsmu<\/p>\n<\/li>\n<li data-start=\"1246\" data-end=\"1318\">\n<p data-start=\"1248\" data-end=\"1318\"><strong data-start=\"1248\" data-end=\"1266\">Hialuronsk\u0101be:<\/strong> veicina \u0101das mitrin\u0101\u0161anu un elast\u012bbas saglab\u0101\u0161anu<\/p>\n<\/li>\n<\/ul>\n<p data-start=\"1320\" data-end=\"1387\">Piem\u0113rots visiem \u0101das tipiem, tostarp kombin\u0113tai un taukainai \u0101dai.<\/p>\n<p data-start=\"1389\" data-end=\"1410\"><strong data-start=\"1389\" data-end=\"1401\">Tilpums:<\/strong> <strong data-start=\"1402\" data-end=\"1410\">57 g<\/strong><\/p>\n","protected":false},"excerpt":{"rendered":"<p data-start=\"1636\" data-end=\"1689\">Antioksidantu saules aizsargkr\u0113ms ikdienas lieto\u0161anai<\/p>\n<h2 data-start=\"1691\" data-end=\"1757\"><strong data-start=\"1691\" data-end=\"1757\">\u012apa\u0161\u012bbas Marini SkinSolutions &#8211; Antioxidant Daily Face Protectant SPF 33<\/strong><\/h2>\n<p data-start=\"1759\" data-end=\"1960\">\u2714\ufe0f Nodro\u0161ina pla\u0161a spektra UVA un UVB aizsardz\u012bbu<br data-start=\"1808\" data-end=\"1811\" \/>\u2714\ufe0f Ir \u016bdensiztur\u012bgs<br data-start=\"1830\" data-end=\"1833\" \/>\u2714\ufe0f Pal\u012bdz mazin\u0101t saules boj\u0101jumu paz\u012bmes<br data-start=\"1874\" data-end=\"1877\" \/>\u2714\ufe0f Mitrina \u0101du un nodro\u0161ina komfortu<br data-start=\"1913\" data-end=\"1916\" \/>\u2714\ufe0f Pal\u012bdz aizsarg\u0101t \u0101du no fotonoveco\u0161an\u0101s<\/p>\n","protected":false},"featured_media":75346,"template":"","meta":[],"pwb-brand":[1245],"product_brand":[],"product_cat":[731],"product_tag":[],"giftcard-category":[],"class_list":{"0":"post-72468","1":"product","2":"type-product","3":"status-publish","4":"has-post-thumbnail","6":"pwb-brand-jan-marini-lv","7":"product_cat-spf-aizsardziba","9":"first","10":"instock","11":"taxable","12":"shipping-taxable","13":"purchasable","14":"product-type-simple"},"acf":[],"brands":[{"id":1245,"name":"Marini SkinSolutions","slug":"jan-marini-lv"}],"_links":{"self":[{"href":"https:\/\/skinstudio.ee\/lv\/wp-json\/wp\/v2\/product\/72468","targetHints":{"allow":["GET"]}}],"collection":[{"href":"https:\/\/skinstudio.ee\/lv\/wp-json\/wp\/v2\/product"}],"about":[{"href":"https:\/\/skinstudio.ee\/lv\/wp-json\/wp\/v2\/types\/product"}],"version-history":[{"count":2,"href":"https:\/\/skinstudio.ee\/lv\/wp-json\/wp\/v2\/product\/72468\/revisions"}],"predecessor-version":[{"id":75839,"href":"https:\/\/skinstudio.ee\/lv\/wp-json\/wp\/v2\/product\/72468\/revisions\/75839"}],"wp:featuredmedia":[{"embeddable":true,"href":"https:\/\/skinstudio.ee\/lv\/wp-json\/wp\/v2\/media\/75346"}],"wp:attachment":[{"href":"https:\/\/skinstudio.ee\/lv\/wp-json\/wp\/v2\/media?parent=72468"}],"wp:term":[{"taxonomy":"pwb-brand","embeddable":true,"href":"https:\/\/skinstudio.ee\/lv\/wp-json\/wp\/v2\/pwb-brand?post=72468"},{"taxonomy":"product_brand","embeddable":true,"href":"https:\/\/skinstudio.ee\/lv\/wp-json\/wp\/v2\/product_brand?post=72468"},{"taxonomy":"product_cat","embeddable":true,"href":"https:\/\/skinstudio.ee\/lv\/wp-json\/wp\/v2\/product_cat?post=72468"},{"taxonomy":"product_tag","embeddable":true,"href":"https:\/\/skinstudio.ee\/lv\/wp-json\/wp\/v2\/product_tag?post=72468"},{"taxonomy":"giftcard-category","embeddable":true,"href":"https:\/\/skinstudio.ee\/lv\/wp-json\/wp\/v2\/giftcard-category?post=72468"}],"curies":[{"name":"wp","href":"https:\/\/api.w.org\/{rel}","templated":true}]}}