{"id":72477,"date":"2024-01-19T17:00:39","date_gmt":"2024-01-19T17:00:39","guid":{"rendered":"https:\/\/skinstudio.ee\/?post_type=product&#038;p=72477"},"modified":"2026-01-19T15:12:51","modified_gmt":"2026-01-19T15:12:51","slug":"physical-protectant-spf-45-tinted","status":"publish","type":"product","link":"https:\/\/skinstudio.ee\/lv\/catalog\/jan-marini-lv\/physical-protectant-spf-45-tinted\/","title":{"rendered":"Physical Protectant SPF 45 Tinted"},"content":{"rendered":"<p data-start=\"155\" data-end=\"417\">Physical Protectant SPF 45 Tinted no Jan Marini ir ton\u0113ts miner\u0101lais saules aizsargkr\u0113ms ar mat\u0113tu fini\u0161u, kas nodro\u0161ina pla\u0161a spektra UVA un UVB aizsardz\u012bbu. Formula balst\u0101s tikai uz fiziskajiem filtriem un pal\u012bdz samazin\u0101t priek\u0161laic\u012bgas fotonoveco\u0161an\u0101s risku.<\/p>\n<p data-start=\"419\" data-end=\"658\">Univers\u0101lais tonis pal\u012bdz izl\u012bdzin\u0101t \u0101das toni, savuk\u0101rt mikroskopisk\u0101s sebuma absorb\u0113jo\u0161\u0101s da\u013ci\u0146as nodro\u0161ina ilgsto\u0161u sp\u012bduma kontroli un mat\u0113tu p\u0101rkl\u0101jumu. Antioksidanti pal\u012bdz nomierin\u0101t \u0101du un aizsarg\u0101t to no apk\u0101rt\u0113j\u0101s vides ietekmes.<\/p>\n<p data-start=\"660\" data-end=\"684\"><strong data-start=\"660\" data-end=\"684\">Akt\u012bv\u0101s sast\u0101vda\u013cas:<\/strong><\/p>\n<ul data-start=\"685\" data-end=\"1138\">\n<li data-start=\"685\" data-end=\"809\">\n<p data-start=\"687\" data-end=\"809\"><strong data-start=\"687\" data-end=\"755\">Fizisk\u0101 UVA \/ UVB aizsardz\u012bba (tit\u0101na dioks\u012bds un cinka oks\u012bds):<\/strong> veido miner\u0101lu aizsargbarjeru pret saules starojumu<\/p>\n<\/li>\n<li data-start=\"810\" data-end=\"893\">\n<p data-start=\"812\" data-end=\"893\"><strong data-start=\"812\" data-end=\"838\">Za\u013c\u0101s t\u0113jas ekstrakts:<\/strong> nodro\u0161ina antioksidantu aizsardz\u012bbu un nomierina \u0101du<\/p>\n<\/li>\n<li data-start=\"894\" data-end=\"963\">\n<p data-start=\"896\" data-end=\"963\"><strong data-start=\"896\" data-end=\"916\">Alfa-bisabolols:<\/strong> pal\u012bdz mazin\u0101t \u0101das kairin\u0101jumu un aps\u0101rtumu<\/p>\n<\/li>\n<li data-start=\"964\" data-end=\"1048\">\n<p data-start=\"966\" data-end=\"1048\"><strong data-start=\"966\" data-end=\"995\">Sebuma kontroles sist\u0113ma:<\/strong> pal\u012bdz samazin\u0101t sp\u012bdumu un saglab\u0101t mat\u0113tu fini\u0161u<\/p>\n<\/li>\n<li data-start=\"1049\" data-end=\"1138\">\n<p data-start=\"1051\" data-end=\"1138\"><strong data-start=\"1051\" data-end=\"1068\">Koenz\u012bms Q10:<\/strong> atbalsta \u0101das aizsardz\u012bbu pret fotonoveco\u0161anos un oksidat\u012bvo stresu<\/p>\n<\/li>\n<\/ul>\n<p data-start=\"1140\" data-end=\"1169\">Piem\u0113rots visiem \u0101das tipiem.<\/p>\n<p data-start=\"1171\" data-end=\"1193\"><strong data-start=\"1171\" data-end=\"1183\">Tilpums:<\/strong> <strong data-start=\"1184\" data-end=\"1193\">60 ml<\/strong><\/p>\n","protected":false},"excerpt":{"rendered":"<p data-start=\"1408\" data-end=\"1462\">Ton\u0113ts miner\u0101lais saules aizsargkr\u0113ms ar mat\u0113tu fini\u0161u<\/p>\n<h2 data-start=\"1464\" data-end=\"1523\"><strong data-start=\"1464\" data-end=\"1523\">\u012apa\u0161\u012bbas Jan Marini &#8211; Physical Protectant SPF 45 Tinted<\/strong><\/h2>\n<p data-start=\"1525\" data-end=\"1791\">\u2714\ufe0f Nodro\u0161ina pla\u0161a spektra UVA un UVB aizsardz\u012bbu<br data-start=\"1574\" data-end=\"1577\" \/>\u2714\ufe0f Satur tikai fiziskos miner\u0101los saules aizsargfiltrus<br data-start=\"1632\" data-end=\"1635\" \/>\u2714\ufe0f Pal\u012bdz samazin\u0101t priek\u0161laic\u012bgas fotonoveco\u0161an\u0101s risku<br data-start=\"1691\" data-end=\"1694\" \/>\u2714\ufe0f Nodro\u0161ina antioksidantu aizsardz\u012bbu \u0101dai<br data-start=\"1737\" data-end=\"1740\" \/>\u2714\ufe0f Izl\u012bdzina \u0101das toni un nodro\u0161ina mat\u0113tu fini\u0161u<\/p>\n","protected":false},"featured_media":63664,"template":"","meta":[],"pwb-brand":[1245],"product_brand":[],"product_cat":[731],"product_tag":[],"giftcard-category":[],"class_list":{"0":"post-72477","1":"product","2":"type-product","3":"status-publish","4":"has-post-thumbnail","6":"pwb-brand-jan-marini-lv","7":"product_cat-spf-aizsardziba","9":"first","10":"instock","11":"taxable","12":"shipping-taxable","13":"purchasable","14":"product-type-simple"},"acf":[],"brands":[{"id":1245,"name":"Marini SkinSolutions","slug":"jan-marini-lv"}],"_links":{"self":[{"href":"https:\/\/skinstudio.ee\/lv\/wp-json\/wp\/v2\/product\/72477","targetHints":{"allow":["GET"]}}],"collection":[{"href":"https:\/\/skinstudio.ee\/lv\/wp-json\/wp\/v2\/product"}],"about":[{"href":"https:\/\/skinstudio.ee\/lv\/wp-json\/wp\/v2\/types\/product"}],"version-history":[{"count":1,"href":"https:\/\/skinstudio.ee\/lv\/wp-json\/wp\/v2\/product\/72477\/revisions"}],"predecessor-version":[{"id":72479,"href":"https:\/\/skinstudio.ee\/lv\/wp-json\/wp\/v2\/product\/72477\/revisions\/72479"}],"wp:featuredmedia":[{"embeddable":true,"href":"https:\/\/skinstudio.ee\/lv\/wp-json\/wp\/v2\/media\/63664"}],"wp:attachment":[{"href":"https:\/\/skinstudio.ee\/lv\/wp-json\/wp\/v2\/media?parent=72477"}],"wp:term":[{"taxonomy":"pwb-brand","embeddable":true,"href":"https:\/\/skinstudio.ee\/lv\/wp-json\/wp\/v2\/pwb-brand?post=72477"},{"taxonomy":"product_brand","embeddable":true,"href":"https:\/\/skinstudio.ee\/lv\/wp-json\/wp\/v2\/product_brand?post=72477"},{"taxonomy":"product_cat","embeddable":true,"href":"https:\/\/skinstudio.ee\/lv\/wp-json\/wp\/v2\/product_cat?post=72477"},{"taxonomy":"product_tag","embeddable":true,"href":"https:\/\/skinstudio.ee\/lv\/wp-json\/wp\/v2\/product_tag?post=72477"},{"taxonomy":"giftcard-category","embeddable":true,"href":"https:\/\/skinstudio.ee\/lv\/wp-json\/wp\/v2\/giftcard-category?post=72477"}],"curies":[{"name":"wp","href":"https:\/\/api.w.org\/{rel}","templated":true}]}}