{"id":72486,"date":"2024-01-19T17:00:34","date_gmt":"2024-01-19T17:00:34","guid":{"rendered":"https:\/\/skinstudio.ee\/?post_type=product&#038;p=72486"},"modified":"2026-01-22T09:02:19","modified_gmt":"2026-01-22T09:02:19","slug":"age-intervention-retinol-plus","status":"publish","type":"product","link":"https:\/\/skinstudio.ee\/lv\/catalog\/marini-skinsolutions\/age-intervention-retinol-plus\/","title":{"rendered":"Age Intervention Retinol Plus"},"content":{"rendered":"<p data-start=\"281\" data-end=\"601\">Age Intervention Retinol Plus no Marini SkinSolutions ir augstas iedarb\u012bbas retinola kr\u0113ms ar 0,5% retinola, pept\u012bdiem un antioksidantiem, kas paredz\u0113ts redzamo \u0101das noveco\u0161an\u0101s paz\u012bmju korekcijai. Uzlabot\u0101 formula nodro\u0161ina efekt\u012bvu iedarb\u012bbu, vienlaikus pal\u012bdzot samazin\u0101t sausuma un diskomforta saj\u016btu \u0101das adapt\u0101cijas period\u0101.<\/p>\n<p data-start=\"603\" data-end=\"880\">Kr\u0113ms pal\u012bdz uzlabot \u0101das tvirtumu un elast\u012bbu, samazina krunci\u0146u redzam\u012bbu, izl\u012bdzina \u0101das tekst\u016bru un veicina vienm\u0113r\u012bg\u0101ku \u0101das toni. Nomierino\u0161ie un barojo\u0161ie komponenti pal\u012bdz saglab\u0101t \u0101das komfortu, padarot \u0161o kr\u0113mu piem\u0113rotu regul\u0101rai lieto\u0161anai pret-noveco\u0161an\u0101s kop\u0161an\u0101.<\/p>\n<p data-start=\"882\" data-end=\"906\"><strong data-start=\"882\" data-end=\"906\">Akt\u012bv\u0101s sast\u0101vda\u013cas:<\/strong><\/p>\n<ul data-start=\"907\" data-end=\"1396\">\n<li data-start=\"907\" data-end=\"1016\">\n<p data-start=\"909\" data-end=\"1016\"><strong data-start=\"909\" data-end=\"940\">0,5% retinols (vitam\u012bns A):<\/strong> veicina \u0101das atjauno\u0161anos un pal\u012bdz uzlabot krunci\u0146u un tekst\u016bras izskatu<\/p>\n<\/li>\n<li data-start=\"1017\" data-end=\"1142\">\n<p data-start=\"1019\" data-end=\"1142\"><strong data-start=\"1019\" data-end=\"1079\">Pept\u012bdu komplekss (Dermaxyl\u00ae un Myristoyl Tripeptide-4):<\/strong> atbalsta \u0101das tvirtumu un pal\u012bdz kori\u0123\u0113t noveco\u0161an\u0101s paz\u012bmes<\/p>\n<\/li>\n<li data-start=\"1143\" data-end=\"1238\">\n<p data-start=\"1145\" data-end=\"1238\"><strong data-start=\"1145\" data-end=\"1174\">Palmitoyl Tetrapeptide-7:<\/strong> pal\u012bdz samazin\u0101t aps\u0101rtuma redzam\u012bbu un atbalsta \u0101das bl\u012bvumu<\/p>\n<\/li>\n<li data-start=\"1239\" data-end=\"1310\">\n<p data-start=\"1241\" data-end=\"1310\"><strong data-start=\"1241\" data-end=\"1256\">Bisabolols:<\/strong> nomierina \u0101du un pal\u012bdz mazin\u0101t kairin\u0101juma paz\u012bmes<\/p>\n<\/li>\n<li data-start=\"1311\" data-end=\"1396\">\n<p data-start=\"1313\" data-end=\"1396\"><strong data-start=\"1313\" data-end=\"1353\">Saulespu\u0137u s\u0113klu e\u013c\u013ca un \u0161\u012b sviests:<\/strong> baro \u0101du un atbalsta \u0101das aizsargbarjeru<\/p>\n<\/li>\n<\/ul>\n<p data-start=\"1398\" data-end=\"1427\">Piem\u0113rots visiem \u0101das tipiem.<\/p>\n<p data-start=\"1429\" data-end=\"1451\"><strong data-start=\"1429\" data-end=\"1441\">Tilpums:<\/strong> <strong data-start=\"1442\" data-end=\"1451\">28 g<\/strong><\/p>\n","protected":false},"excerpt":{"rendered":"<p data-start=\"1681\" data-end=\"1724\">Retinola kr\u0113ms redzam\u0101m noveco\u0161an\u0101s paz\u012bm\u0113m<\/p>\n<h2 data-start=\"1726\" data-end=\"1781\"><strong data-start=\"1726\" data-end=\"1781\">\u012apa\u0161\u012bbas Marini SkinSolutions &#8211; Age Intervention Retinol Plus<\/strong><\/h2>\n<p data-start=\"1783\" data-end=\"1995\">\u2714\ufe0f Uzlabo \u0101das tvirtumu un elast\u012bbu<br data-start=\"1818\" data-end=\"1821\" \/>\u2714\ufe0f Pal\u012bdz samazin\u0101t krunci\u0146u redzam\u012bbu<br data-start=\"1859\" data-end=\"1862\" \/>\u2714\ufe0f Atbalsta \u0101das atjauno\u0161an\u0101s procesus<br data-start=\"1900\" data-end=\"1903\" \/>\u2714\ufe0f Nodro\u0161ina antioksidantu un nomierino\u0161u iedarb\u012bbu<br data-start=\"1954\" data-end=\"1957\" \/>\u2714\ufe0f Intens\u012bvi mitrina un m\u012bkstina \u0101du<\/p>\n","protected":false},"featured_media":75351,"template":"","meta":[],"pwb-brand":[1245],"product_brand":[],"product_cat":[727,737,749,739,723,747],"product_tag":[],"giftcard-category":[],"class_list":{"0":"post-72486","1":"product","2":"type-product","3":"status-publish","4":"has-post-thumbnail","6":"pwb-brand-marini-skinsolutions","7":"product_cat-a-vitamins-retinols","8":"product_cat-mitrinasana","9":"product_cat-novecojosa-ada","10":"product_cat-sausai-adai","11":"product_cat-serumi","12":"product_cat-taukainai-adai","14":"first","15":"instock","16":"taxable","17":"shipping-taxable","18":"purchasable","19":"product-type-simple"},"acf":[],"brands":[{"id":1245,"name":"Marini SkinSolutions","slug":"marini-skinsolutions"}],"_links":{"self":[{"href":"https:\/\/skinstudio.ee\/lv\/wp-json\/wp\/v2\/product\/72486","targetHints":{"allow":["GET"]}}],"collection":[{"href":"https:\/\/skinstudio.ee\/lv\/wp-json\/wp\/v2\/product"}],"about":[{"href":"https:\/\/skinstudio.ee\/lv\/wp-json\/wp\/v2\/types\/product"}],"version-history":[{"count":3,"href":"https:\/\/skinstudio.ee\/lv\/wp-json\/wp\/v2\/product\/72486\/revisions"}],"predecessor-version":[{"id":75840,"href":"https:\/\/skinstudio.ee\/lv\/wp-json\/wp\/v2\/product\/72486\/revisions\/75840"}],"wp:featuredmedia":[{"embeddable":true,"href":"https:\/\/skinstudio.ee\/lv\/wp-json\/wp\/v2\/media\/75351"}],"wp:attachment":[{"href":"https:\/\/skinstudio.ee\/lv\/wp-json\/wp\/v2\/media?parent=72486"}],"wp:term":[{"taxonomy":"pwb-brand","embeddable":true,"href":"https:\/\/skinstudio.ee\/lv\/wp-json\/wp\/v2\/pwb-brand?post=72486"},{"taxonomy":"product_brand","embeddable":true,"href":"https:\/\/skinstudio.ee\/lv\/wp-json\/wp\/v2\/product_brand?post=72486"},{"taxonomy":"product_cat","embeddable":true,"href":"https:\/\/skinstudio.ee\/lv\/wp-json\/wp\/v2\/product_cat?post=72486"},{"taxonomy":"product_tag","embeddable":true,"href":"https:\/\/skinstudio.ee\/lv\/wp-json\/wp\/v2\/product_tag?post=72486"},{"taxonomy":"giftcard-category","embeddable":true,"href":"https:\/\/skinstudio.ee\/lv\/wp-json\/wp\/v2\/giftcard-category?post=72486"}],"curies":[{"name":"wp","href":"https:\/\/api.w.org\/{rel}","templated":true}]}}