{"id":72496,"date":"2024-01-19T17:00:32","date_gmt":"2024-01-19T17:00:32","guid":{"rendered":"https:\/\/skinstudio.ee\/?post_type=product&#038;p=72496"},"modified":"2026-01-22T09:02:27","modified_gmt":"2026-01-22T09:02:27","slug":"luminate-face-lotion","status":"publish","type":"product","link":"https:\/\/skinstudio.ee\/lv\/catalog\/jan-marini-lv\/luminate-face-lotion\/","title":{"rendered":"Luminate Face Lotion"},"content":{"rendered":"<p data-start=\"289\" data-end=\"645\">Luminate Face Lotion no Marini SkinSolutions ir retinolu saturo\u0161s akseleratora kr\u0113ms, kas paredz\u0113ts nevienm\u0113r\u012bgas pigment\u0101cijas un fotonoveco\u0161an\u0101s paz\u012bmju korekcijai. Formula apvieno 0,3% piln\u012bb\u0101 trans-retinolu ar modern\u0101m, neh\u012bdrokvinona balst\u012bt\u0101m izgaismojo\u0161\u0101m tehnolo\u0123ij\u0101m, kas iedarbojas uz eso\u0161o pigment\u0101ciju un samazina jaunu pigment\u0101cijas plankumu veido\u0161anos.<\/p>\n<p data-start=\"647\" data-end=\"888\">Kr\u0113ms str\u0101d\u0101 ar nevienm\u0113r\u012bgu \u0101das toni, bl\u0101vumu un agr\u012bn\u0101m noveco\u0161an\u0101s paz\u012bm\u0113m, vienlaikus uzlabojot \u0101das tekst\u016bru un samazinot smalko l\u012bniju un \u0101das kroku redzam\u012bbu. Regul\u0101ri lietojot, \u0101da izskat\u0101s glud\u0101ka, vienm\u0113r\u012bg\u0101ka un vizu\u0101li svaig\u0101ka.<\/p>\n<p data-start=\"890\" data-end=\"914\"><strong data-start=\"890\" data-end=\"914\">Akt\u012bv\u0101s sast\u0101vda\u013cas:<\/strong><\/p>\n<ul data-start=\"915\" data-end=\"1402\">\n<li data-start=\"915\" data-end=\"1004\">\n<p data-start=\"917\" data-end=\"1004\"><strong data-start=\"917\" data-end=\"935\">0,3% retinols:<\/strong> pa\u0101trina \u0101das atjauno\u0161anos, uzlabo tekst\u016bru un izl\u012bdzina \u0101das toni<\/p>\n<\/li>\n<li data-start=\"1005\" data-end=\"1111\">\n<p data-start=\"1007\" data-end=\"1111\"><strong data-start=\"1007\" data-end=\"1025\">Nonapeptide-1:<\/strong> iedarbojas uz melan\u012bna veido\u0161an\u0101s procesiem, kontrol\u0113jot pigment\u0101cijas nevienm\u0113r\u012bbu<\/p>\n<\/li>\n<li data-start=\"1112\" data-end=\"1218\">\n<p data-start=\"1114\" data-end=\"1218\"><strong data-start=\"1114\" data-end=\"1182\">Tetrahydrodiferuloylmethane (bezkr\u0101sains kurkumas atvasin\u0101jums):<\/strong> samazina tum\u0161o plankumu redzam\u012bbu<\/p>\n<\/li>\n<li data-start=\"1219\" data-end=\"1293\">\n<p data-start=\"1221\" data-end=\"1293\"><strong data-start=\"1221\" data-end=\"1239\">Alfa-arbut\u012bns:<\/strong> izl\u012bdzina \u0101das toni un uzlabo t\u0101s vizu\u0101lo skaidr\u012bbu<\/p>\n<\/li>\n<li data-start=\"1294\" data-end=\"1402\">\n<p data-start=\"1296\" data-end=\"1402\"><strong data-start=\"1296\" data-end=\"1347\">Lakricas saknes ekstrakts (Glycyrrhiza Glabra):<\/strong> samazina kr\u0101sas nevienm\u0113r\u012bbu un uzlabo \u0101das elast\u012bbu<\/p>\n<\/li>\n<\/ul>\n<p data-start=\"1404\" data-end=\"1433\">Piem\u0113rots visiem \u0101das tipiem.<\/p>\n<p data-start=\"1435\" data-end=\"1457\"><strong data-start=\"1435\" data-end=\"1447\">Tilpums:<\/strong> <strong data-start=\"1448\" data-end=\"1457\">30 ml<\/strong><\/p>\n","protected":false},"excerpt":{"rendered":"<p data-start=\"1768\" data-end=\"1807\">Retinola kr\u0113ms pigment\u0101cijas korekcijai<\/p>\n<h2 data-start=\"1809\" data-end=\"1855\"><strong data-start=\"1809\" data-end=\"1855\">\u012apa\u0161\u012bbas Marini SkinSolutions &#8211; Luminate Face Lotion<\/strong><\/h2>\n<p data-start=\"1857\" data-end=\"2057\">\u2714\ufe0f Korrig\u0113 nevienm\u0113r\u012bgu pigment\u0101ciju<br data-start=\"1893\" data-end=\"1896\" \/>\u2714\ufe0f Izl\u012bdzina \u0101das toni<br data-start=\"1918\" data-end=\"1921\" \/>\u2714\ufe0f Samazina smalko l\u012bniju un \u0101das kroku redzam\u012bbu<br data-start=\"1970\" data-end=\"1973\" \/>\u2714\ufe0f Uzlabo \u0101das tekst\u016bru un gludumu<br data-start=\"2007\" data-end=\"2010\" \/>\u2714\ufe0f Pie\u0161\u0137ir \u0101dai t\u012br\u0101ku un starojo\u0161\u0101ku izskatu<\/p>\n","protected":false},"featured_media":89263,"template":"","meta":[],"pwb-brand":[1245],"product_brand":[],"product_cat":[727,749,751],"product_tag":[],"giftcard-category":[],"class_list":{"0":"post-72496","1":"product","2":"type-product","3":"status-publish","4":"has-post-thumbnail","6":"pwb-brand-jan-marini-lv","7":"product_cat-a-vitamins-retinols","8":"product_cat-novecojosa-ada","9":"product_cat-pigmentacija-lv","11":"first","12":"instock","13":"taxable","14":"shipping-taxable","15":"purchasable","16":"product-type-simple"},"acf":[],"brands":[{"id":1245,"name":"Marini SkinSolutions","slug":"jan-marini-lv"}],"_links":{"self":[{"href":"https:\/\/skinstudio.ee\/lv\/wp-json\/wp\/v2\/product\/72496","targetHints":{"allow":["GET"]}}],"collection":[{"href":"https:\/\/skinstudio.ee\/lv\/wp-json\/wp\/v2\/product"}],"about":[{"href":"https:\/\/skinstudio.ee\/lv\/wp-json\/wp\/v2\/types\/product"}],"version-history":[{"count":2,"href":"https:\/\/skinstudio.ee\/lv\/wp-json\/wp\/v2\/product\/72496\/revisions"}],"predecessor-version":[{"id":75841,"href":"https:\/\/skinstudio.ee\/lv\/wp-json\/wp\/v2\/product\/72496\/revisions\/75841"}],"wp:featuredmedia":[{"embeddable":true,"href":"https:\/\/skinstudio.ee\/lv\/wp-json\/wp\/v2\/media\/89263"}],"wp:attachment":[{"href":"https:\/\/skinstudio.ee\/lv\/wp-json\/wp\/v2\/media?parent=72496"}],"wp:term":[{"taxonomy":"pwb-brand","embeddable":true,"href":"https:\/\/skinstudio.ee\/lv\/wp-json\/wp\/v2\/pwb-brand?post=72496"},{"taxonomy":"product_brand","embeddable":true,"href":"https:\/\/skinstudio.ee\/lv\/wp-json\/wp\/v2\/product_brand?post=72496"},{"taxonomy":"product_cat","embeddable":true,"href":"https:\/\/skinstudio.ee\/lv\/wp-json\/wp\/v2\/product_cat?post=72496"},{"taxonomy":"product_tag","embeddable":true,"href":"https:\/\/skinstudio.ee\/lv\/wp-json\/wp\/v2\/product_tag?post=72496"},{"taxonomy":"giftcard-category","embeddable":true,"href":"https:\/\/skinstudio.ee\/lv\/wp-json\/wp\/v2\/giftcard-category?post=72496"}],"curies":[{"name":"wp","href":"https:\/\/api.w.org\/{rel}","templated":true}]}}