{"id":72520,"date":"2024-01-19T17:00:28","date_gmt":"2024-01-19T17:00:28","guid":{"rendered":"https:\/\/skinstudio.ee\/?post_type=product&#038;p=72520"},"modified":"2026-04-01T13:00:36","modified_gmt":"2026-04-01T13:00:36","slug":"hyla3d-face-cream","status":"publish","type":"product","link":"https:\/\/skinstudio.ee\/lv\/catalog\/jan-marini-lv\/hyla3d-face-cream\/","title":{"rendered":"Hyla3D Face Cream"},"content":{"rendered":"<p data-start=\"189\" data-end=\"454\">Hyla3D Face Cream no Jan Marini ir ultra mitrino\u0161s kr\u0113ms ar vieglu tekst\u016bru, kas \u0101tri ies\u016bcas, atsvaidzina \u0101du un pie\u0161\u0137ir tai vesel\u012bgu mirdzumu. Formula ir izstr\u0101d\u0101ta, lai akt\u012bvi atjaunotu mitruma l\u012bmeni, l\u012bdzsvarotu \u0101das \u016bdens bilanci un stiprin\u0101tu aizsargbarjeru.<\/p>\n<p data-start=\"456\" data-end=\"682\">Kr\u0113ms uzlabo \u0101das sp\u0113ju notur\u0113t mitrumu, palielina elast\u012bbu un samazina dehidrat\u0101cijas un agr\u012bnu noveco\u0161an\u0101s paz\u012bmju redzam\u012bbu. Piem\u0113rots ikdienas lieto\u0161anai, padara \u0101du gludu, komfortablu un vizu\u0101li koptu bez smaguma saj\u016btas.<\/p>\n<p data-start=\"684\" data-end=\"708\"><strong data-start=\"684\" data-end=\"708\">Akt\u012bv\u0101s sast\u0101vda\u013cas:<\/strong><\/p>\n<ul data-start=\"709\" data-end=\"1141\">\n<li data-start=\"709\" data-end=\"807\">\n<p data-start=\"711\" data-end=\"807\"><strong data-start=\"711\" data-end=\"744\">Patent\u0113tais Hyla3D komplekss:<\/strong> nodro\u0161ina daudzl\u012bme\u0146u mitrin\u0101\u0161anu un samazina mitruma zudumu<\/p>\n<\/li>\n<li data-start=\"808\" data-end=\"887\">\n<p data-start=\"810\" data-end=\"887\"><strong data-start=\"810\" data-end=\"823\">AQUACELL:<\/strong> atjauno optim\u0101lu \u0101das mitruma l\u012bmeni un mazina sausuma saj\u016btu<\/p>\n<\/li>\n<li data-start=\"888\" data-end=\"993\">\n<p data-start=\"890\" data-end=\"993\"><strong data-start=\"890\" data-end=\"923\">HA pept\u012bds (Oligopeptide-24):<\/strong> stimul\u0113 hialuronsk\u0101bes un kolag\u0113na sint\u0113zi, uzlabojot \u0101das elast\u012bbu<\/p>\n<\/li>\n<li data-start=\"994\" data-end=\"1059\">\n<p data-start=\"996\" data-end=\"1059\"><strong data-start=\"996\" data-end=\"1013\">Tokotrienols:<\/strong> nodro\u0161ina sp\u0113c\u012bgu antioksidantu aizsardz\u012bbu<\/p>\n<\/li>\n<li data-start=\"1060\" data-end=\"1141\">\n<p data-start=\"1062\" data-end=\"1141\"><strong data-start=\"1062\" data-end=\"1093\">Tetrahidrodiferuloilmet\u0101ns:<\/strong> nomierina \u0101du un samazina iekaisuma reakcijas<\/p>\n<\/li>\n<\/ul>\n<p data-start=\"1143\" data-end=\"1208\">Piem\u0113rots visiem \u0101das tipiem, tostarp dehidr\u0113tai un jut\u012bgai \u0101dai.<\/p>\n<p data-start=\"1210\" data-end=\"1232\"><strong data-start=\"1210\" data-end=\"1222\">Tilpums:<\/strong> <strong data-start=\"1463\" data-end=\"1472\">28g<\/strong><\/p>\n","protected":false},"excerpt":{"rendered":"<p data-start=\"1342\" data-end=\"1363\">Ultra mitrino\u0161s kr\u0113ms<\/p>\n<h2 data-start=\"1365\" data-end=\"1408\"><strong data-start=\"1365\" data-end=\"1408\">\u012apa\u0161\u012bbas Jan Marini &#8211; Hyla3D Face Cream<\/strong><\/h2>\n<p data-start=\"1410\" data-end=\"1580\">\u2714\ufe0f Intens\u012bvi mitrina \u0101du<br data-start=\"1434\" data-end=\"1437\" \/>\u2714\ufe0f Atjauno \u0101das mitruma l\u012bmeni<br data-start=\"1467\" data-end=\"1470\" \/>\u2714\ufe0f Stiprina \u0101das aizsargbarjeru<br data-start=\"1501\" data-end=\"1504\" \/>\u2714\ufe0f Samazina sausuma un savilkuma saj\u016btu<br data-start=\"1543\" data-end=\"1546\" \/>\u2714\ufe0f Padara \u0101du glud\u0101ku un kopt\u0101ku<\/p>\n","protected":false},"featured_media":89268,"template":"","meta":[],"pwb-brand":[1245],"product_brand":[],"product_cat":[737,749,739],"product_tag":[],"giftcard-category":[],"class_list":{"0":"post-72520","1":"product","2":"type-product","3":"status-publish","4":"has-post-thumbnail","6":"pwb-brand-jan-marini-lv","7":"product_cat-mitrinasana","8":"product_cat-novecojosa-ada","9":"product_cat-sausai-adai","11":"first","12":"instock","13":"taxable","14":"shipping-taxable","15":"purchasable","16":"product-type-simple"},"acf":[],"brands":[{"id":1245,"name":"Marini SkinSolutions","slug":"jan-marini-lv"}],"_links":{"self":[{"href":"https:\/\/skinstudio.ee\/lv\/wp-json\/wp\/v2\/product\/72520","targetHints":{"allow":["GET"]}}],"collection":[{"href":"https:\/\/skinstudio.ee\/lv\/wp-json\/wp\/v2\/product"}],"about":[{"href":"https:\/\/skinstudio.ee\/lv\/wp-json\/wp\/v2\/types\/product"}],"version-history":[{"count":2,"href":"https:\/\/skinstudio.ee\/lv\/wp-json\/wp\/v2\/product\/72520\/revisions"}],"predecessor-version":[{"id":89273,"href":"https:\/\/skinstudio.ee\/lv\/wp-json\/wp\/v2\/product\/72520\/revisions\/89273"}],"wp:featuredmedia":[{"embeddable":true,"href":"https:\/\/skinstudio.ee\/lv\/wp-json\/wp\/v2\/media\/89268"}],"wp:attachment":[{"href":"https:\/\/skinstudio.ee\/lv\/wp-json\/wp\/v2\/media?parent=72520"}],"wp:term":[{"taxonomy":"pwb-brand","embeddable":true,"href":"https:\/\/skinstudio.ee\/lv\/wp-json\/wp\/v2\/pwb-brand?post=72520"},{"taxonomy":"product_brand","embeddable":true,"href":"https:\/\/skinstudio.ee\/lv\/wp-json\/wp\/v2\/product_brand?post=72520"},{"taxonomy":"product_cat","embeddable":true,"href":"https:\/\/skinstudio.ee\/lv\/wp-json\/wp\/v2\/product_cat?post=72520"},{"taxonomy":"product_tag","embeddable":true,"href":"https:\/\/skinstudio.ee\/lv\/wp-json\/wp\/v2\/product_tag?post=72520"},{"taxonomy":"giftcard-category","embeddable":true,"href":"https:\/\/skinstudio.ee\/lv\/wp-json\/wp\/v2\/giftcard-category?post=72520"}],"curies":[{"name":"wp","href":"https:\/\/api.w.org\/{rel}","templated":true}]}}