{"id":72530,"date":"2024-01-19T16:59:35","date_gmt":"2024-01-19T16:59:35","guid":{"rendered":"https:\/\/skinstudio.ee\/?post_type=product&#038;p=72530"},"modified":"2026-01-22T09:02:34","modified_gmt":"2026-01-22T09:02:34","slug":"hyla3d-face-serum","status":"publish","type":"product","link":"https:\/\/skinstudio.ee\/lv\/catalog\/jan-marini-lv\/hyla3d-face-serum\/","title":{"rendered":"Hyla3D Face Serum"},"content":{"rendered":"<p data-start=\"190\" data-end=\"464\">Hyla3D Face Serum no Marini SkinSolutions ir serums-akselerators ar 3D hialuronsk\u0101bes kompleksu, kas paredz\u0113ts \u0101das revitaliz\u0101cijai un redzam\u0101 apjoma atjauno\u0161anai. Formula intens\u012bvi mitrina \u0101du, samazina krunci\u0146u un \u0101das ieloci\u0146u redzam\u012bbu, padarot \u0101du glud\u0101ku, pild\u012bt\u0101ku un svaig\u0101ku.<\/p>\n<p data-start=\"466\" data-end=\"639\">Serumam ir viegla tekst\u016bra, tas \u0101tri ies\u016bcas, efekt\u012bvi iedarbojas uz dehidrat\u0101ciju un \u0101das bl\u012bvuma samazin\u0101\u0161anos, atst\u0101jot \u0101du labi mitrin\u0101tu, elast\u012bgu un vizu\u0101li atjaunotu.<\/p>\n<p data-start=\"641\" data-end=\"665\"><strong data-start=\"641\" data-end=\"665\">Akt\u012bv\u0101s sast\u0101vda\u013cas:<\/strong><\/p>\n<ul data-start=\"666\" data-end=\"1073\">\n<li data-start=\"666\" data-end=\"759\">\n<p data-start=\"668\" data-end=\"759\"><strong data-start=\"668\" data-end=\"702\">Daudzmolekul\u0101r\u0101 hialuronsk\u0101be:<\/strong> nodro\u0161ina dzi\u013cu mitrin\u0101\u0161anu un samazina mitruma zudumu<\/p>\n<\/li>\n<li data-start=\"760\" data-end=\"832\">\n<p data-start=\"762\" data-end=\"832\"><strong data-start=\"762\" data-end=\"788\">Kalcija ketoglukon\u0101ts:<\/strong> uzlabo \u0101das bl\u012bvumu, elast\u012bbu un tekst\u016bru<\/p>\n<\/li>\n<li data-start=\"833\" data-end=\"916\">\n<p data-start=\"835\" data-end=\"916\"><strong data-start=\"835\" data-end=\"852\">Koenz\u012bms Q10:<\/strong> nodro\u0161ina antioksidantu aizsardz\u012bbu un uzlabo \u0101das vitalit\u0101ti<\/p>\n<\/li>\n<li data-start=\"917\" data-end=\"993\">\n<p data-start=\"919\" data-end=\"993\"><strong data-start=\"919\" data-end=\"952\">TRF (audu elpo\u0161anas faktors):<\/strong> uzlabo \u0101das svaigumu un kop\u0113jo izskatu<\/p>\n<\/li>\n<li data-start=\"994\" data-end=\"1073\">\n<p data-start=\"996\" data-end=\"1073\"><strong data-start=\"996\" data-end=\"1016\">Oligopept\u012bds-24:<\/strong> palielina \u0101das elast\u012bbu un vizu\u0101li izl\u012bdzina krunci\u0146as<\/p>\n<\/li>\n<\/ul>\n<p data-start=\"1075\" data-end=\"1154\">Piem\u0113rots visiem \u0101das tipiem, tostarp dehidr\u0113tai \u0101dai un \u0101dai ar apjoma zudumu.<\/p>\n<p data-start=\"1156\" data-end=\"1178\"><strong data-start=\"1156\" data-end=\"1168\">Tilpums:<\/strong> <strong data-start=\"1169\" data-end=\"1178\">30 ml<\/strong><\/p>\n","protected":false},"excerpt":{"rendered":"<p data-start=\"1276\" data-end=\"1323\">\u0100du revitaliz\u0113jo\u0161s un apjomu atjaunojo\u0161s serums<\/p>\n<h2 data-start=\"1325\" data-end=\"1368\"><strong data-start=\"1325\" data-end=\"1368\">\u012apa\u0161\u012bbas Marini SkinSolutions &#8211; Hyla3D Face Serum<\/strong><\/h2>\n<p data-start=\"1370\" data-end=\"1596\">\u2714\ufe0f Nodro\u0161ina redzamu \u0101das revitaliz\u0101ciju<br data-start=\"1410\" data-end=\"1413\" \/>\u2714\ufe0f Vizu\u0101li atjauno \u0101das apjomu un bl\u012bvumu<br data-start=\"1454\" data-end=\"1457\" \/>\u2714\ufe0f Samazina krunci\u0146u un \u0101das ieloci\u0146u redzam\u012bbu<br data-start=\"1504\" data-end=\"1507\" \/>\u2714\ufe0f Padara \u0101du mitrin\u0101tu, pild\u012btu un gludu<br data-start=\"1548\" data-end=\"1551\" \/>\u2714\ufe0f Pie\u0161\u0137ir \u0101dai svaig\u0101ku un kopt\u0101ku izskatu<\/p>\n","protected":false},"featured_media":75361,"template":"","meta":[],"pwb-brand":[1245],"product_brand":[],"product_cat":[737,749,739,723,747],"product_tag":[],"giftcard-category":[],"class_list":{"0":"post-72530","1":"product","2":"type-product","3":"status-publish","4":"has-post-thumbnail","6":"pwb-brand-jan-marini-lv","7":"product_cat-mitrinasana","8":"product_cat-novecojosa-ada","9":"product_cat-sausai-adai","10":"product_cat-serumi","11":"product_cat-taukainai-adai","13":"first","14":"instock","15":"taxable","16":"shipping-taxable","17":"purchasable","18":"product-type-simple"},"acf":[],"brands":[{"id":1245,"name":"Marini SkinSolutions","slug":"jan-marini-lv"}],"_links":{"self":[{"href":"https:\/\/skinstudio.ee\/lv\/wp-json\/wp\/v2\/product\/72530","targetHints":{"allow":["GET"]}}],"collection":[{"href":"https:\/\/skinstudio.ee\/lv\/wp-json\/wp\/v2\/product"}],"about":[{"href":"https:\/\/skinstudio.ee\/lv\/wp-json\/wp\/v2\/types\/product"}],"version-history":[{"count":2,"href":"https:\/\/skinstudio.ee\/lv\/wp-json\/wp\/v2\/product\/72530\/revisions"}],"predecessor-version":[{"id":75842,"href":"https:\/\/skinstudio.ee\/lv\/wp-json\/wp\/v2\/product\/72530\/revisions\/75842"}],"wp:featuredmedia":[{"embeddable":true,"href":"https:\/\/skinstudio.ee\/lv\/wp-json\/wp\/v2\/media\/75361"}],"wp:attachment":[{"href":"https:\/\/skinstudio.ee\/lv\/wp-json\/wp\/v2\/media?parent=72530"}],"wp:term":[{"taxonomy":"pwb-brand","embeddable":true,"href":"https:\/\/skinstudio.ee\/lv\/wp-json\/wp\/v2\/pwb-brand?post=72530"},{"taxonomy":"product_brand","embeddable":true,"href":"https:\/\/skinstudio.ee\/lv\/wp-json\/wp\/v2\/product_brand?post=72530"},{"taxonomy":"product_cat","embeddable":true,"href":"https:\/\/skinstudio.ee\/lv\/wp-json\/wp\/v2\/product_cat?post=72530"},{"taxonomy":"product_tag","embeddable":true,"href":"https:\/\/skinstudio.ee\/lv\/wp-json\/wp\/v2\/product_tag?post=72530"},{"taxonomy":"giftcard-category","embeddable":true,"href":"https:\/\/skinstudio.ee\/lv\/wp-json\/wp\/v2\/giftcard-category?post=72530"}],"curies":[{"name":"wp","href":"https:\/\/api.w.org\/{rel}","templated":true}]}}