{"id":72539,"date":"2024-01-19T16:59:29","date_gmt":"2024-01-19T16:59:29","guid":{"rendered":"https:\/\/skinstudio.ee\/?post_type=product&#038;p=72539"},"modified":"2026-01-22T09:02:44","modified_gmt":"2026-01-22T09:02:44","slug":"luminate-face-mask","status":"publish","type":"product","link":"https:\/\/skinstudio.ee\/lv\/catalog\/jan-marini-lv\/luminate-face-mask\/","title":{"rendered":"Luminate\u00ae Face Mask"},"content":{"rendered":"<p data-start=\"195\" data-end=\"457\">Luminate\u00ae Face Mask no Marini SkinSolutions ir izgaismojo\u0161a un atjaunojo\u0161a maska ar patent\u0113tu kompleksu, kas paredz\u0113ta pigment\u0101cijas korekcijai. Formula ir v\u0113rsta uz eso\u0161o pigment\u0101cijas paz\u012bmju redzamu mazin\u0101\u0161anu, \u0101das to\u0146a izl\u012bdzin\u0101\u0161anu un kop\u0113j\u0101 \u0101das mirdzuma uzlabo\u0161anu.<\/p>\n<p data-start=\"459\" data-end=\"774\">Maska veicina \u0101das atjauno\u0161anos, nodro\u0161ina maigu eksfoli\u0101ciju un nomierina \u0101du, mazinot aps\u0101rtumu un uzlabojot tekst\u016bru. Jau p\u0113c pirmaj\u0101m lieto\u0161anas reiz\u0113m \u0101da izskat\u0101s vienm\u0113r\u012bg\u0101ka, svaig\u0101ka un starojo\u0161\u0101ka. Piem\u0113rota gan k\u0101 patst\u0101v\u012bgs l\u012bdzeklis, gan k\u0101 da\u013ca no m\u0113r\u0137tiec\u012bgas kop\u0161anas rut\u012bnas pigment\u0101cijas gad\u012bjum\u0101.<\/p>\n<p data-start=\"776\" data-end=\"800\"><strong data-start=\"776\" data-end=\"800\">Akt\u012bv\u0101s sast\u0101vda\u013cas:<\/strong><\/p>\n<ul data-start=\"801\" data-end=\"1220\">\n<li data-start=\"801\" data-end=\"888\">\n<p data-start=\"803\" data-end=\"888\"><strong data-start=\"803\" data-end=\"820\">Chromabright:<\/strong> redzami samazina pigment\u0101cijas intensit\u0101ti un izl\u012bdzina \u0101das toni<\/p>\n<\/li>\n<li data-start=\"889\" data-end=\"964\">\n<p data-start=\"891\" data-end=\"964\"><strong data-start=\"891\" data-end=\"909\">Alfa-arbut\u012bns:<\/strong> uzlabo nevienm\u0113r\u012bgu \u0101das toni un \u0101das kop\u0113jo izskatu<\/p>\n<\/li>\n<li data-start=\"965\" data-end=\"1024\">\n<p data-start=\"967\" data-end=\"1024\"><strong data-start=\"967\" data-end=\"984\">Piensk\u0101be 5%:<\/strong> maigi noloba un izl\u012bdzina \u0101das virsmu<\/p>\n<\/li>\n<li data-start=\"1025\" data-end=\"1092\">\n<p data-start=\"1027\" data-end=\"1092\"><strong data-start=\"1027\" data-end=\"1046\">Mande\u013csk\u0101be 5%:<\/strong> uzlabo \u0101das tekst\u016bru un pastiprina mirdzumu<\/p>\n<\/li>\n<li data-start=\"1093\" data-end=\"1220\">\n<p data-start=\"1095\" data-end=\"1220\"><strong data-start=\"1095\" data-end=\"1153\">Antioksidantu komplekss (za\u013c\u0101, balt\u0101 un sarkan\u0101 t\u0113ja):<\/strong> uzlabo saules boj\u0101tas \u0101das izskatu un veicina gai\u0161\u0101ku sejas toni<\/p>\n<\/li>\n<\/ul>\n<p data-start=\"1222\" data-end=\"1289\">Piem\u0113rota \u0101dai ar pigment\u0101ciju, nevienm\u0113r\u012bgu toni un bl\u0101vu izskatu.<\/p>\n<p data-start=\"1291\" data-end=\"1313\"><strong data-start=\"1291\" data-end=\"1303\">Tilpums:<\/strong> 48 g<\/p>\n","protected":false},"excerpt":{"rendered":"<p data-start=\"1626\" data-end=\"1669\">Izgaismojo\u0161a maska pigment\u0101cijas korekcijai<\/p>\n<h2 data-start=\"1671\" data-end=\"1715\"><strong data-start=\"1671\" data-end=\"1715\">\u012apa\u0161\u012bbas Marini SkinSolutions &#8211; Luminate\u00ae Face Mask<\/strong><\/h2>\n<p data-start=\"1717\" data-end=\"1932\">\u2714\ufe0f Redzami mazina pigment\u0101cijas paz\u012bmes<br data-start=\"1756\" data-end=\"1759\" \/>\u2714\ufe0f Padara \u0101das toni t\u012br\u0101ku un vienm\u0113r\u012bg\u0101ku<br data-start=\"1801\" data-end=\"1804\" \/>\u2714\ufe0f Uzlabo \u0101das tekst\u016bru un gludumu<br data-start=\"1838\" data-end=\"1841\" \/>\u2714\ufe0f Pie\u0161\u0137ir \u0101dai svaig\u0101ku un starojo\u0161\u0101ku izskatu<br data-start=\"1888\" data-end=\"1891\" \/>\u2714\ufe0f Uzlabo kop\u0113jo \u0101das vizu\u0101lo kvalit\u0101ti<\/p>\n","protected":false},"featured_media":75366,"template":"","meta":[],"pwb-brand":[1245],"product_brand":[],"product_cat":[725,749,751],"product_tag":[],"giftcard-category":[],"class_list":{"0":"post-72539","1":"product","2":"type-product","3":"status-publish","4":"has-post-thumbnail","6":"pwb-brand-jan-marini-lv","7":"product_cat-maskas","8":"product_cat-novecojosa-ada","9":"product_cat-pigmentacija-lv","11":"first","12":"instock","13":"taxable","14":"shipping-taxable","15":"purchasable","16":"product-type-simple"},"acf":[],"brands":[{"id":1245,"name":"Marini SkinSolutions","slug":"jan-marini-lv"}],"_links":{"self":[{"href":"https:\/\/skinstudio.ee\/lv\/wp-json\/wp\/v2\/product\/72539","targetHints":{"allow":["GET"]}}],"collection":[{"href":"https:\/\/skinstudio.ee\/lv\/wp-json\/wp\/v2\/product"}],"about":[{"href":"https:\/\/skinstudio.ee\/lv\/wp-json\/wp\/v2\/types\/product"}],"version-history":[{"count":3,"href":"https:\/\/skinstudio.ee\/lv\/wp-json\/wp\/v2\/product\/72539\/revisions"}],"predecessor-version":[{"id":75843,"href":"https:\/\/skinstudio.ee\/lv\/wp-json\/wp\/v2\/product\/72539\/revisions\/75843"}],"wp:featuredmedia":[{"embeddable":true,"href":"https:\/\/skinstudio.ee\/lv\/wp-json\/wp\/v2\/media\/75366"}],"wp:attachment":[{"href":"https:\/\/skinstudio.ee\/lv\/wp-json\/wp\/v2\/media?parent=72539"}],"wp:term":[{"taxonomy":"pwb-brand","embeddable":true,"href":"https:\/\/skinstudio.ee\/lv\/wp-json\/wp\/v2\/pwb-brand?post=72539"},{"taxonomy":"product_brand","embeddable":true,"href":"https:\/\/skinstudio.ee\/lv\/wp-json\/wp\/v2\/product_brand?post=72539"},{"taxonomy":"product_cat","embeddable":true,"href":"https:\/\/skinstudio.ee\/lv\/wp-json\/wp\/v2\/product_cat?post=72539"},{"taxonomy":"product_tag","embeddable":true,"href":"https:\/\/skinstudio.ee\/lv\/wp-json\/wp\/v2\/product_tag?post=72539"},{"taxonomy":"giftcard-category","embeddable":true,"href":"https:\/\/skinstudio.ee\/lv\/wp-json\/wp\/v2\/giftcard-category?post=72539"}],"curies":[{"name":"wp","href":"https:\/\/api.w.org\/{rel}","templated":true}]}}