{"id":72549,"date":"2024-01-19T16:59:24","date_gmt":"2024-01-19T16:59:24","guid":{"rendered":"https:\/\/skinstudio.ee\/?post_type=product&#038;p=72549"},"modified":"2026-01-22T09:02:54","modified_gmt":"2026-01-22T09:02:54","slug":"rosalieve","status":"publish","type":"product","link":"https:\/\/skinstudio.ee\/lv\/catalog\/jan-marini-lv\/rosalieve\/","title":{"rendered":"RosaLieve\u00ae"},"content":{"rendered":"<p data-start=\"193\" data-end=\"465\">RosaLieve\u00ae no Marini SkinSolutions ir akseleratora kr\u0113ms, kas paredz\u0113ts visaptvero\u0161ai \u0101das kop\u0161anai, ja \u0101da ir pak\u013cauta aps\u0101rtumam un roz\u0101cijai. Formula ir v\u0113rsta uz notur\u012bga aps\u0101rtuma mazin\u0101\u0161anu, \u0101das un kapil\u0101ru elast\u012bbas uzlabo\u0161anu, k\u0101 ar\u012b \u0101das komforta un l\u012bdzsvara atjauno\u0161anu.<\/p>\n<p data-start=\"467\" data-end=\"658\">Kr\u0113ms mazina iekaisuma reakcijas, uztur vesel\u012bgu \u0101das mikrofloru, pal\u012bdz nov\u0113rst mitruma zudumu un veicina \u0101das atjauno\u0161anos. Regul\u0101ri lietojot, \u0101da k\u013c\u016bst mier\u012bg\u0101ka, glud\u0101ka un l\u012bdzsvarot\u0101ka.<\/p>\n<p data-start=\"660\" data-end=\"684\"><strong data-start=\"660\" data-end=\"684\">Akt\u012bv\u0101s sast\u0101vda\u013cas:<\/strong><\/p>\n<ul data-start=\"685\" data-end=\"1109\">\n<li data-start=\"685\" data-end=\"751\">\n<p data-start=\"687\" data-end=\"751\"><strong data-start=\"687\" data-end=\"707\">Azela\u012bnsk\u0101be 5%:<\/strong> samazina aps\u0101rtumu un izl\u012bdzina \u0101das toni<\/p>\n<\/li>\n<li data-start=\"752\" data-end=\"827\">\n<p data-start=\"754\" data-end=\"827\"><strong data-start=\"754\" data-end=\"774\">Tetrapept\u012bds-14:<\/strong> mazina \u0101das reaktivit\u0101ti un uzlabo komforta saj\u016btu<\/p>\n<\/li>\n<li data-start=\"828\" data-end=\"897\">\n<p data-start=\"830\" data-end=\"897\"><strong data-start=\"830\" data-end=\"862\">Boswellia serrata ekstrakts:<\/strong> uzlabo \u0101das elast\u012bbu un tekst\u016bru<\/p>\n<\/li>\n<li data-start=\"898\" data-end=\"1013\">\n<p data-start=\"900\" data-end=\"1013\"><strong data-start=\"900\" data-end=\"945\">Koncentr\u0113ts za\u013c\u0101s t\u0113jas ekstrakts (EGCG):<\/strong> nodro\u0161ina antioksidantu aizsardz\u012bbu un mazina iekaisuma reakcijas<\/p>\n<\/li>\n<li data-start=\"1014\" data-end=\"1109\">\n<p data-start=\"1016\" data-end=\"1109\"><strong data-start=\"1016\" data-end=\"1047\">Allanto\u012bna acetilmetion\u012bns:<\/strong> m\u012bkstina \u0101du, uztur mitruma l\u012bmeni un nomierina kairin\u0101jumu<\/p>\n<\/li>\n<\/ul>\n<p data-start=\"1111\" data-end=\"1171\">Piem\u0113rots jut\u012bgai \u0101dai ar noslieci uz aps\u0101rtumu un roz\u0101ciju.<\/p>\n<p data-start=\"1173\" data-end=\"1195\"><strong data-start=\"1173\" data-end=\"1185\">Tilpums:<\/strong> <strong data-start=\"1186\" data-end=\"1195\">30 ml<\/strong><\/p>\n","protected":false},"excerpt":{"rendered":"<p data-start=\"1326\" data-end=\"1361\">Kr\u0113ms \u0101dai ar aps\u0101rtumu un roz\u0101ciju<\/p>\n<h2 data-start=\"1363\" data-end=\"1399\"><strong data-start=\"1363\" data-end=\"1399\">\u012apa\u0161\u012bbas Marini SkinSolutions &#8211; RosaLieve\u00ae<\/strong><\/h2>\n<p data-start=\"1401\" data-end=\"1601\">\u2714\ufe0f Samazina aps\u0101rtuma izpausmes<br data-start=\"1432\" data-end=\"1435\" \/>\u2714\ufe0f Nomierina \u0101du un uzlabo t\u0101s l\u012bdzsvaru<br data-start=\"1475\" data-end=\"1478\" \/>\u2714\ufe0f Palielina \u0101das un kapil\u0101ru elast\u012bbu<br data-start=\"1516\" data-end=\"1519\" \/>\u2714\ufe0f Mazina jut\u012bgumu un diskomforta saj\u016btu<br data-start=\"1559\" data-end=\"1562\" \/>\u2714\ufe0f Uztur optim\u0101lu \u0101das mitruma l\u012bmeni<\/p>\n","protected":false},"featured_media":75371,"template":"","meta":[],"pwb-brand":[1245],"product_brand":[],"product_cat":[745,723],"product_tag":[],"giftcard-category":[],"class_list":{"0":"post-72549","1":"product","2":"type-product","3":"status-publish","4":"has-post-thumbnail","6":"pwb-brand-jan-marini-lv","7":"product_cat-jutigai-adai","8":"product_cat-serumi","10":"first","11":"instock","12":"taxable","13":"shipping-taxable","14":"purchasable","15":"product-type-simple"},"acf":[],"brands":[{"id":1245,"name":"Marini SkinSolutions","slug":"jan-marini-lv"}],"_links":{"self":[{"href":"https:\/\/skinstudio.ee\/lv\/wp-json\/wp\/v2\/product\/72549","targetHints":{"allow":["GET"]}}],"collection":[{"href":"https:\/\/skinstudio.ee\/lv\/wp-json\/wp\/v2\/product"}],"about":[{"href":"https:\/\/skinstudio.ee\/lv\/wp-json\/wp\/v2\/types\/product"}],"version-history":[{"count":2,"href":"https:\/\/skinstudio.ee\/lv\/wp-json\/wp\/v2\/product\/72549\/revisions"}],"predecessor-version":[{"id":75844,"href":"https:\/\/skinstudio.ee\/lv\/wp-json\/wp\/v2\/product\/72549\/revisions\/75844"}],"wp:featuredmedia":[{"embeddable":true,"href":"https:\/\/skinstudio.ee\/lv\/wp-json\/wp\/v2\/media\/75371"}],"wp:attachment":[{"href":"https:\/\/skinstudio.ee\/lv\/wp-json\/wp\/v2\/media?parent=72549"}],"wp:term":[{"taxonomy":"pwb-brand","embeddable":true,"href":"https:\/\/skinstudio.ee\/lv\/wp-json\/wp\/v2\/pwb-brand?post=72549"},{"taxonomy":"product_brand","embeddable":true,"href":"https:\/\/skinstudio.ee\/lv\/wp-json\/wp\/v2\/product_brand?post=72549"},{"taxonomy":"product_cat","embeddable":true,"href":"https:\/\/skinstudio.ee\/lv\/wp-json\/wp\/v2\/product_cat?post=72549"},{"taxonomy":"product_tag","embeddable":true,"href":"https:\/\/skinstudio.ee\/lv\/wp-json\/wp\/v2\/product_tag?post=72549"},{"taxonomy":"giftcard-category","embeddable":true,"href":"https:\/\/skinstudio.ee\/lv\/wp-json\/wp\/v2\/giftcard-category?post=72549"}],"curies":[{"name":"wp","href":"https:\/\/api.w.org\/{rel}","templated":true}]}}