{"id":72563,"date":"2024-01-19T16:58:55","date_gmt":"2024-01-19T16:58:55","guid":{"rendered":"https:\/\/skinstudio.ee\/?post_type=product&#038;p=72563"},"modified":"2026-01-22T09:03:02","modified_gmt":"2026-01-22T09:03:02","slug":"regeneration-booster","status":"publish","type":"product","link":"https:\/\/skinstudio.ee\/lv\/catalog\/jan-marini-lv\/regeneration-booster\/","title":{"rendered":"Regeneration Booster"},"content":{"rendered":"<p data-start=\"214\" data-end=\"469\">Regeneration Booster no Marini SkinSolutions ir augstas koncentr\u0101cijas losjons-b\u016bsteris, kas paredz\u0113ts darbam ar izteikt\u0101m \u0101das noveco\u0161an\u0101s paz\u012bm\u0113m. Formula apvieno aug\u0161anas faktorus, pept\u012bdus un antioksidantus, lai uzlabotu \u0101das bl\u012bvumu, tekst\u016bru un kop\u0113jo tonusu.<\/p>\n<p data-start=\"471\" data-end=\"749\">L\u012bdzeklis iedarbojas uz dzi\u013c\u0101m grumb\u0101m un \u0101das ieloc\u0113m, veicina intens\u012bvus \u0101das atjauno\u0161an\u0101s procesus un uzlabo \u0101das elast\u012bbu. Regul\u0101ri lietojot, \u0101da k\u013c\u016bst glud\u0101ka, tvirt\u0101ka un izskat\u0101s atjaunota. Piem\u0113rots \u0101dai ar izteikt\u0101m noveco\u0161an\u0101s paz\u012bm\u0113m un samazin\u0101tu atjauno\u0161an\u0101s sp\u0113ju.<\/p>\n<p data-start=\"751\" data-end=\"775\"><strong data-start=\"751\" data-end=\"775\">Akt\u012bv\u0101s sast\u0101vda\u013cas:<\/strong><\/p>\n<ul data-start=\"776\" data-end=\"1297\">\n<li data-start=\"776\" data-end=\"873\">\n<p data-start=\"778\" data-end=\"873\"><strong data-start=\"778\" data-end=\"799\">Cikloastragenols:<\/strong> aktiviz\u0113 \u0161\u016bnu atjauno\u0161anos un samazina ar vecumu saist\u012btas izmai\u0146as \u0101d\u0101<\/p>\n<\/li>\n<li data-start=\"874\" data-end=\"991\">\n<p data-start=\"876\" data-end=\"991\"><strong data-start=\"876\" data-end=\"930\">Epiderm\u0101lais aug\u0161anas faktors (sh-Oligopeptide-1):<\/strong> veicina \u0101das atjauno\u0161anos un uzlabo t\u0101s visp\u0101r\u0113jo st\u0101vokli<\/p>\n<\/li>\n<li data-start=\"992\" data-end=\"1076\">\n<p data-start=\"994\" data-end=\"1076\"><strong data-start=\"994\" data-end=\"1029\">TGF Beta-1 (rh-Polypeptide-22):<\/strong> uzlabo \u0101das bl\u012bvumu un mazina grumbu dzi\u013cumu<\/p>\n<\/li>\n<li data-start=\"1077\" data-end=\"1173\">\n<p data-start=\"1079\" data-end=\"1173\"><strong data-start=\"1079\" data-end=\"1118\">Pret-noveco\u0161an\u0101s pept\u012bdu komplekss:<\/strong> stiprina \u0101das strukt\u016bru un uzlabo elast\u012bbu un tonusu<\/p>\n<\/li>\n<li data-start=\"1174\" data-end=\"1297\">\n<p data-start=\"1176\" data-end=\"1297\"><strong data-start=\"1176\" data-end=\"1242\">Antioksidantu komplekss (za\u013c\u0101s t\u0113jas ekstrakts, koenz\u012bms Q10):<\/strong> aizsarg\u0101 \u0101du no oksidat\u012bv\u0101 stresa un fotonoveco\u0161an\u0101s<\/p>\n<\/li>\n<\/ul>\n<p data-start=\"1299\" data-end=\"1351\">Piem\u0113rots visiem \u0101das tipiem ar noveco\u0161an\u0101s paz\u012bm\u0113m.<\/p>\n<p data-start=\"1353\" data-end=\"1375\"><strong data-start=\"1353\" data-end=\"1365\">Tilpums:<\/strong> <strong data-start=\"1366\" data-end=\"1375\">30 ml<\/strong><\/p>\n","protected":false},"excerpt":{"rendered":"<p data-start=\"1466\" data-end=\"1511\">Losjons-b\u016bsteris intens\u012bvai \u0101das atjauno\u0161anai<\/p>\n<h2 data-start=\"1513\" data-end=\"1559\"><strong data-start=\"1513\" data-end=\"1559\">\u012apa\u0161\u012bbas Marini SkinSolutions &#8211; Regeneration Booster<\/strong><\/h2>\n<p data-start=\"1561\" data-end=\"1787\">\u2714\ufe0f Mazina dzi\u013cu grumbu un \u0101das ieloc\u012bjumu izpausmes<br data-start=\"1612\" data-end=\"1615\" \/>\u2714\ufe0f Uzlabo \u0101das bl\u012bvumu, tekst\u016bru un tonusu<br data-start=\"1657\" data-end=\"1660\" \/>\u2714\ufe0f Aktiviz\u0113 \u0101das atjauno\u0161an\u0101s procesus<br data-start=\"1698\" data-end=\"1701\" \/>\u2714\ufe0f Palielina \u0101das elast\u012bbu un tvirtumu<br data-start=\"1739\" data-end=\"1742\" \/>\u2714\ufe0f Pie\u0161\u0137ir \u0101dai svaig\u0101ku un kopt\u0101ku izskatu<\/p>\n","protected":false},"featured_media":75376,"template":"","meta":[],"pwb-brand":[1245],"product_brand":[],"product_cat":[749,739,723,747],"product_tag":[],"giftcard-category":[],"class_list":{"0":"post-72563","1":"product","2":"type-product","3":"status-publish","4":"has-post-thumbnail","6":"pwb-brand-jan-marini-lv","7":"product_cat-novecojosa-ada","8":"product_cat-sausai-adai","9":"product_cat-serumi","10":"product_cat-taukainai-adai","12":"first","13":"instock","14":"taxable","15":"shipping-taxable","16":"purchasable","17":"product-type-simple"},"acf":[],"brands":[{"id":1245,"name":"Marini SkinSolutions","slug":"jan-marini-lv"}],"_links":{"self":[{"href":"https:\/\/skinstudio.ee\/lv\/wp-json\/wp\/v2\/product\/72563","targetHints":{"allow":["GET"]}}],"collection":[{"href":"https:\/\/skinstudio.ee\/lv\/wp-json\/wp\/v2\/product"}],"about":[{"href":"https:\/\/skinstudio.ee\/lv\/wp-json\/wp\/v2\/types\/product"}],"version-history":[{"count":2,"href":"https:\/\/skinstudio.ee\/lv\/wp-json\/wp\/v2\/product\/72563\/revisions"}],"predecessor-version":[{"id":75845,"href":"https:\/\/skinstudio.ee\/lv\/wp-json\/wp\/v2\/product\/72563\/revisions\/75845"}],"wp:featuredmedia":[{"embeddable":true,"href":"https:\/\/skinstudio.ee\/lv\/wp-json\/wp\/v2\/media\/75376"}],"wp:attachment":[{"href":"https:\/\/skinstudio.ee\/lv\/wp-json\/wp\/v2\/media?parent=72563"}],"wp:term":[{"taxonomy":"pwb-brand","embeddable":true,"href":"https:\/\/skinstudio.ee\/lv\/wp-json\/wp\/v2\/pwb-brand?post=72563"},{"taxonomy":"product_brand","embeddable":true,"href":"https:\/\/skinstudio.ee\/lv\/wp-json\/wp\/v2\/product_brand?post=72563"},{"taxonomy":"product_cat","embeddable":true,"href":"https:\/\/skinstudio.ee\/lv\/wp-json\/wp\/v2\/product_cat?post=72563"},{"taxonomy":"product_tag","embeddable":true,"href":"https:\/\/skinstudio.ee\/lv\/wp-json\/wp\/v2\/product_tag?post=72563"},{"taxonomy":"giftcard-category","embeddable":true,"href":"https:\/\/skinstudio.ee\/lv\/wp-json\/wp\/v2\/giftcard-category?post=72563"}],"curies":[{"name":"wp","href":"https:\/\/api.w.org\/{rel}","templated":true}]}}