{"id":72588,"date":"2024-01-19T16:58:53","date_gmt":"2024-01-19T16:58:53","guid":{"rendered":"https:\/\/skinstudio.ee\/?post_type=product&#038;p=72588"},"modified":"2026-01-22T09:15:31","modified_gmt":"2026-01-22T09:15:31","slug":"skin-zyme-face-mask","status":"publish","type":"product","link":"https:\/\/skinstudio.ee\/lv\/catalog\/jan-marini-lv\/skin-zyme-face-mask\/","title":{"rendered":"Skin Zyme\u00ae Face Mask"},"content":{"rendered":"<p data-start=\"211\" data-end=\"447\">Skin Zyme\u00ae Face Mask no Marini SkinSolutions ir atjaunojo\u0161a un atjaunojo\u0161a enz\u012bmu maska ar papa\u012bnu, kas paredz\u0113ta maigi efekt\u012bvai \u0101das eksfoli\u0101cijai. Formula pal\u012bdz no\u0146emt atmiru\u0161\u0101s \u0101das \u0161\u016bnas, izl\u012bdzin\u0101t \u0101das tekst\u016bru un uzlabot sejas \u0101das toni.<\/p>\n<p data-start=\"449\" data-end=\"666\">Maska uzlabo mikrocirkul\u0101ciju, m\u012bkstina un mitrina \u0101du, pal\u012bdz mazin\u0101t p\u0113caknes p\u0113du redzam\u012bbu un padara poras maz\u0101k paman\u0101mas. Regul\u0101ri lietojot, \u0101da izskat\u0101s glud\u0101ka, kopt\u0101ka un ieg\u016bst vesel\u012bgu, vienm\u0113r\u012bgu mirdzumu.<\/p>\n<p data-start=\"668\" data-end=\"692\"><strong data-start=\"668\" data-end=\"692\">Akt\u012bv\u0101s sast\u0101vda\u013cas:<\/strong><\/p>\n<ul data-start=\"693\" data-end=\"888\">\n<li data-start=\"693\" data-end=\"783\">\n<p data-start=\"695\" data-end=\"783\"><strong data-start=\"695\" data-end=\"721\">Proteol\u012btiskie enz\u012bmi:<\/strong> selekt\u012bvi no\u0101rda atmiru\u0161\u0101s \u0101das \u0161\u016bnas, nekait\u0113jot veselaj\u0101m<\/p>\n<\/li>\n<li data-start=\"784\" data-end=\"888\">\n<p data-start=\"786\" data-end=\"888\"><strong data-start=\"786\" data-end=\"817\">Papa\u012bns (no za\u013c\u0101s papajas):<\/strong> veicina \u0101das atjauno\u0161anos, uzlabo \u0101das dzidrumu, m\u012bkstina un mitrina<\/p>\n<\/li>\n<\/ul>\n<p data-start=\"890\" data-end=\"981\">Piem\u0113rota visiem \u0101das tipiem, tostarp bl\u0101vai \u0101dai ar nevienm\u0113r\u012bgu toni un p\u0113caknes paz\u012bm\u0113m.<\/p>\n<p data-start=\"983\" data-end=\"1004\"><strong data-start=\"983\" data-end=\"995\">Tilpums:<\/strong> <strong>48\u00a0g<\/strong><\/p>\n","protected":false},"excerpt":{"rendered":"<p data-start=\"1351\" data-end=\"1390\">Atjaunojo\u0161a un atjaunojo\u0161a enz\u012bmu maska<\/p>\n<h2 data-start=\"1392\" data-end=\"1438\"><strong data-start=\"1392\" data-end=\"1438\">\u012apa\u0161\u012bbas Marini SkinSolutions &#8211; Skin Zyme\u00ae Face Mask<\/strong><\/h2>\n<p data-start=\"1440\" data-end=\"1635\">\u2714\ufe0f Efekt\u012bvi eksfoli\u0113 atmiru\u0161\u0101s \u0101das \u0161\u016bnas<br data-start=\"1481\" data-end=\"1484\" \/>\u2714\ufe0f Pal\u012bdz padar\u012bt pigment\u0101cijas plankumus gai\u0161\u0101kus<br data-start=\"1534\" data-end=\"1537\" \/>\u2714\ufe0f Uzlabo mikrocirkul\u0101ciju<br data-start=\"1563\" data-end=\"1566\" \/>\u2714\ufe0f Mitrina un m\u012bkstina \u0101du<br data-start=\"1592\" data-end=\"1595\" \/>\u2714\ufe0f Aktiviz\u0113 \u0101das atjauno\u0161an\u0101s procesus<\/p>\n","protected":false},"featured_media":75381,"template":"","meta":[],"pwb-brand":[1245],"product_brand":[],"product_cat":[741,725,737,743,751,747],"product_tag":[],"giftcard-category":[],"class_list":{"0":"post-72588","1":"product","2":"type-product","3":"status-publish","4":"has-post-thumbnail","6":"pwb-brand-jan-marini-lv","7":"product_cat-izsitumi","8":"product_cat-maskas","9":"product_cat-mitrinasana","10":"product_cat-paplasinatas-poras","11":"product_cat-pigmentacija-lv","12":"product_cat-taukainai-adai","14":"first","15":"outofstock","16":"taxable","17":"shipping-taxable","18":"purchasable","19":"product-type-simple"},"acf":[],"brands":[{"id":1245,"name":"Marini SkinSolutions","slug":"jan-marini-lv"}],"_links":{"self":[{"href":"https:\/\/skinstudio.ee\/lv\/wp-json\/wp\/v2\/product\/72588","targetHints":{"allow":["GET"]}}],"collection":[{"href":"https:\/\/skinstudio.ee\/lv\/wp-json\/wp\/v2\/product"}],"about":[{"href":"https:\/\/skinstudio.ee\/lv\/wp-json\/wp\/v2\/types\/product"}],"version-history":[{"count":3,"href":"https:\/\/skinstudio.ee\/lv\/wp-json\/wp\/v2\/product\/72588\/revisions"}],"predecessor-version":[{"id":75892,"href":"https:\/\/skinstudio.ee\/lv\/wp-json\/wp\/v2\/product\/72588\/revisions\/75892"}],"wp:featuredmedia":[{"embeddable":true,"href":"https:\/\/skinstudio.ee\/lv\/wp-json\/wp\/v2\/media\/75381"}],"wp:attachment":[{"href":"https:\/\/skinstudio.ee\/lv\/wp-json\/wp\/v2\/media?parent=72588"}],"wp:term":[{"taxonomy":"pwb-brand","embeddable":true,"href":"https:\/\/skinstudio.ee\/lv\/wp-json\/wp\/v2\/pwb-brand?post=72588"},{"taxonomy":"product_brand","embeddable":true,"href":"https:\/\/skinstudio.ee\/lv\/wp-json\/wp\/v2\/product_brand?post=72588"},{"taxonomy":"product_cat","embeddable":true,"href":"https:\/\/skinstudio.ee\/lv\/wp-json\/wp\/v2\/product_cat?post=72588"},{"taxonomy":"product_tag","embeddable":true,"href":"https:\/\/skinstudio.ee\/lv\/wp-json\/wp\/v2\/product_tag?post=72588"},{"taxonomy":"giftcard-category","embeddable":true,"href":"https:\/\/skinstudio.ee\/lv\/wp-json\/wp\/v2\/giftcard-category?post=72588"}],"curies":[{"name":"wp","href":"https:\/\/api.w.org\/{rel}","templated":true}]}}