{"id":72676,"date":"2024-01-19T16:58:47","date_gmt":"2024-01-19T16:58:47","guid":{"rendered":"https:\/\/skinstudio.ee\/?post_type=product&#038;p=72676"},"modified":"2026-01-22T09:15:47","modified_gmt":"2026-01-22T09:15:47","slug":"transformation-eye-cream","status":"publish","type":"product","link":"https:\/\/skinstudio.ee\/lv\/catalog\/jan-marini-lv\/transformation-eye-cream\/","title":{"rendered":"Transformation Eye Cream"},"content":{"rendered":"<p data-start=\"136\" data-end=\"431\">Transformation Eye Cream no Marini SkinSolutions ir transform\u0113jo\u0161s acu zonas kr\u0113ms ar pept\u012bdiem, aug\u0161anas faktoriem un antioksidantiem, kas paredz\u0113ts intens\u012bvai \u0101das atjauno\u0161anai un dzi\u013cai mitrin\u0101\u0161anai. Formula ir v\u0113rsta uz \u0101das stiprin\u0101\u0161anu, t\u0101s bl\u012bvuma uzlabo\u0161anu un acu zonas kop\u0113j\u0101 izskata uzlabo\u0161anu.<\/p>\n<p data-start=\"433\" data-end=\"618\">Kr\u0113ms pal\u012bdz saglab\u0101t \u0101das komfortu, mazina sausumu un savilkuma saj\u016btu, k\u0101 ar\u012b padara \u0101du glud\u0101ku un kopt\u0101ku. Regul\u0101ri lietojot, \u0101da ap ac\u012bm izskat\u0101s tvirt\u0101ka, svaig\u0101ka un atjaunot\u0101ka.<\/p>\n<p data-start=\"620\" data-end=\"644\"><strong data-start=\"620\" data-end=\"644\">Akt\u012bv\u0101s sast\u0101vda\u013cas:<\/strong><\/p>\n<ul data-start=\"645\" data-end=\"1111\">\n<li data-start=\"645\" data-end=\"769\">\n<p data-start=\"647\" data-end=\"769\"><strong data-start=\"647\" data-end=\"698\">Transform\u0113jo\u0161ais aug\u0161anas faktors (TGF Beta-1):<\/strong> atbalsta \u0101das atjauno\u0161an\u0101s procesus un uzlabo t\u0101s visp\u0101r\u0113jo st\u0101vokli<\/p>\n<\/li>\n<li data-start=\"770\" data-end=\"865\">\n<p data-start=\"772\" data-end=\"865\"><strong data-start=\"772\" data-end=\"812\">Epiderm\u0101lais aug\u0161anas faktors (EGF):<\/strong> veicina \u0101das atjauno\u0161anos un uzlabo \u0101das strukt\u016bru<\/p>\n<\/li>\n<li data-start=\"866\" data-end=\"940\">\n<p data-start=\"868\" data-end=\"940\"><strong data-start=\"868\" data-end=\"900\">Patent\u0113tais timos\u012bns beta-4:<\/strong> atbalsta \u0101das atjauno\u0161anos un bl\u012bvumu<\/p>\n<\/li>\n<li data-start=\"941\" data-end=\"1039\">\n<p data-start=\"943\" data-end=\"1039\"><strong data-start=\"943\" data-end=\"981\">Pretnoveco\u0161an\u0101s pept\u012bdu komplekss:<\/strong> uzlabo \u0101das tekst\u016bru un pal\u012bdz palielin\u0101t \u0101das tvirtumu<\/p>\n<\/li>\n<li data-start=\"1040\" data-end=\"1111\">\n<p data-start=\"1042\" data-end=\"1111\"><strong data-start=\"1042\" data-end=\"1060\">Hialuronsk\u0101be:<\/strong> intens\u012bvi mitrina un pal\u012bdz saglab\u0101t mitrumu \u0101d\u0101<\/p>\n<\/li>\n<\/ul>\n<p data-start=\"1113\" data-end=\"1189\">Piem\u0113rots acu zonas \u0101dai ar noveco\u0161an\u0101s paz\u012bm\u0113m, sausumu un tvirtuma zudumu.<\/p>\n<p data-start=\"1191\" data-end=\"1212\"><strong data-start=\"1191\" data-end=\"1203\">Tilpums:<\/strong> <strong data-start=\"1204\" data-end=\"1212\">14 g<\/strong><\/p>\n","protected":false},"excerpt":{"rendered":"<p data-start=\"1366\" data-end=\"1390\">Transform\u0113jo\u0161s acu kr\u0113ms<\/p>\n<h2 data-start=\"1392\" data-end=\"1442\"><strong data-start=\"1392\" data-end=\"1442\">\u012apa\u0161\u012bbas Marini SkinSolutions &#8211; Transformation Eye Cream<\/strong><\/h2>\n<p data-start=\"1444\" data-end=\"1643\">\u2714\ufe0f Stiprina \u0101du ap ac\u012bm un uzlabo t\u0101s bl\u012bvumu<br data-start=\"1489\" data-end=\"1492\" \/>\u2714\ufe0f Padara \u0101du glud\u0101ku un kopt\u0101ku<br data-start=\"1524\" data-end=\"1527\" \/>\u2714\ufe0f Atbalsta \u0101das atjauno\u0161anos<br data-start=\"1556\" data-end=\"1559\" \/>\u2714\ufe0f Intens\u012bvi mitrina un mazina sausuma saj\u016btu<br data-start=\"1604\" data-end=\"1607\" \/>\u2714\ufe0f Uzlabo acu zonas kop\u0113jo izskatu<\/p>\n","protected":false},"featured_media":75401,"template":"","meta":[],"pwb-brand":[1245],"product_brand":[],"product_cat":[733],"product_tag":[],"giftcard-category":[],"class_list":{"0":"post-72676","1":"product","2":"type-product","3":"status-publish","4":"has-post-thumbnail","6":"pwb-brand-jan-marini-lv","7":"product_cat-ada-ap-acim","9":"first","10":"instock","11":"taxable","12":"shipping-taxable","13":"purchasable","14":"product-type-simple"},"acf":[],"brands":[{"id":1245,"name":"Marini SkinSolutions","slug":"jan-marini-lv"}],"_links":{"self":[{"href":"https:\/\/skinstudio.ee\/lv\/wp-json\/wp\/v2\/product\/72676","targetHints":{"allow":["GET"]}}],"collection":[{"href":"https:\/\/skinstudio.ee\/lv\/wp-json\/wp\/v2\/product"}],"about":[{"href":"https:\/\/skinstudio.ee\/lv\/wp-json\/wp\/v2\/types\/product"}],"version-history":[{"count":2,"href":"https:\/\/skinstudio.ee\/lv\/wp-json\/wp\/v2\/product\/72676\/revisions"}],"predecessor-version":[{"id":75894,"href":"https:\/\/skinstudio.ee\/lv\/wp-json\/wp\/v2\/product\/72676\/revisions\/75894"}],"wp:featuredmedia":[{"embeddable":true,"href":"https:\/\/skinstudio.ee\/lv\/wp-json\/wp\/v2\/media\/75401"}],"wp:attachment":[{"href":"https:\/\/skinstudio.ee\/lv\/wp-json\/wp\/v2\/media?parent=72676"}],"wp:term":[{"taxonomy":"pwb-brand","embeddable":true,"href":"https:\/\/skinstudio.ee\/lv\/wp-json\/wp\/v2\/pwb-brand?post=72676"},{"taxonomy":"product_brand","embeddable":true,"href":"https:\/\/skinstudio.ee\/lv\/wp-json\/wp\/v2\/product_brand?post=72676"},{"taxonomy":"product_cat","embeddable":true,"href":"https:\/\/skinstudio.ee\/lv\/wp-json\/wp\/v2\/product_cat?post=72676"},{"taxonomy":"product_tag","embeddable":true,"href":"https:\/\/skinstudio.ee\/lv\/wp-json\/wp\/v2\/product_tag?post=72676"},{"taxonomy":"giftcard-category","embeddable":true,"href":"https:\/\/skinstudio.ee\/lv\/wp-json\/wp\/v2\/giftcard-category?post=72676"}],"curies":[{"name":"wp","href":"https:\/\/api.w.org\/{rel}","templated":true}]}}