{"id":72696,"date":"2024-01-19T16:57:15","date_gmt":"2024-01-19T16:57:15","guid":{"rendered":"https:\/\/skinstudio.ee\/?post_type=product&#038;p=72696"},"modified":"2026-01-19T15:12:50","modified_gmt":"2026-01-19T15:12:50","slug":"bioglycolic-resurfacing-body-scrub","status":"publish","type":"product","link":"https:\/\/skinstudio.ee\/lv\/catalog\/marini-skinsolutions\/bioglycolic-resurfacing-body-scrub\/","title":{"rendered":"Bioglycolic Resurfacing Body Scrub"},"content":{"rendered":"<p data-start=\"145\" data-end=\"424\">Bioglycolic Resurfacing Body Scrub no Jan Marini ir \u0137erme\u0146a skrubis ar dubultu atjaunojo\u0161u iedarb\u012bbu, kas paredz\u0113ts \u0101das tekst\u016bras uzlabo\u0161anai un visp\u0101r\u0113j\u0101 \u0101das st\u0101vok\u013ca pilnveido\u0161anai. Formula apvieno \u0137\u012bmisko un meh\u0101nisko p\u012blingu, lai padar\u012btu \u0101du glud\u0101ku, m\u012bkst\u0101ku un kopt\u0101ku.<\/p>\n<p data-start=\"426\" data-end=\"638\">Skrubis ir \u012bpa\u0161i piem\u0113rots sausai \u0101dai un \u0101dai ar saules rad\u012btiem boj\u0101jumiem, pal\u012bdz uzlabot \u0101das reljefu, mazin\u0101t raupjumu un sagatavot \u0101du iedegumam. P\u0113c lieto\u0161anas \u0101da ir j\u016btami glud\u0101ka, m\u012bkst\u0101ka un z\u012bdain\u0101ka.<\/p>\n<p data-start=\"640\" data-end=\"664\"><strong data-start=\"640\" data-end=\"664\">Akt\u012bv\u0101s sast\u0101vda\u013cas:<\/strong><\/p>\n<ul data-start=\"665\" data-end=\"970\">\n<li data-start=\"665\" data-end=\"740\">\n<p data-start=\"667\" data-end=\"740\"><strong data-start=\"667\" data-end=\"689\">Glikolsk\u0101be 10,5%:<\/strong> veicina \u0101das atjauno\u0161anos un uzlabo t\u0101s tekst\u016bru<\/p>\n<\/li>\n<li data-start=\"741\" data-end=\"802\">\n<p data-start=\"743\" data-end=\"802\"><strong data-start=\"743\" data-end=\"761\">Polipiensk\u0101be:<\/strong> pal\u012bdz uzlabot \u0101das gludumu un bl\u012bvumu<\/p>\n<\/li>\n<li data-start=\"803\" data-end=\"891\">\n<p data-start=\"805\" data-end=\"891\"><strong data-start=\"805\" data-end=\"827\">Pul\u0113jo\u0161\u0101s da\u013ci\u0146as:<\/strong> meh\u0101niski no\u0146em atmiru\u0161\u0101s \u0101das \u0161\u016bnas un izl\u012bdzina \u0101das virsmu<\/p>\n<\/li>\n<li data-start=\"892\" data-end=\"970\">\n<p data-start=\"894\" data-end=\"970\"><strong data-start=\"894\" data-end=\"923\">Augu ekstraktu komplekss:<\/strong> atsvaidzina \u0101du un pal\u012bdz uztur\u0113t t\u0101s tonusu<\/p>\n<\/li>\n<\/ul>\n<p data-start=\"972\" data-end=\"1078\">Piem\u0113rots \u0137erme\u0146a \u0101dai ar nevienm\u0113r\u012bgu tekst\u016bru, sausumu un raupjumu, k\u0101 ar\u012b \u0101das sagatavo\u0161anai iedegumam.<\/p>\n<p data-start=\"1080\" data-end=\"1103\"><strong data-start=\"1080\" data-end=\"1092\">Tilpums:<\/strong> <strong data-start=\"1093\" data-end=\"1103\">237 ml<\/strong><\/p>\n","protected":false},"excerpt":{"rendered":"<p data-start=\"1271\" data-end=\"1307\">\u0136erme\u0146a skrubis ar dubultu iedarb\u012bbu<\/p>\n<h2 data-start=\"1309\" data-end=\"1369\"><strong data-start=\"1309\" data-end=\"1369\">\u012apa\u0161\u012bbas Jan Marini &#8211; Bioglycolic Resurfacing Body Scrub<\/strong><\/h2>\n<p data-start=\"1371\" data-end=\"1590\">\u2714\ufe0f Uzlabo \u0101das tekst\u016bru un padara \u0101du glud\u0101ku<br data-start=\"1416\" data-end=\"1419\" \/>\u2714\ufe0f M\u012bkstina un uzlabo \u0101das visp\u0101r\u0113jo st\u0101vokli<br data-start=\"1464\" data-end=\"1467\" \/>\u2714\ufe0f Pal\u012bdz mazin\u0101t raupjumu un nevienm\u0113r\u012bgumu<br data-start=\"1511\" data-end=\"1514\" \/>\u2714\ufe0f Atst\u0101j \u0101du z\u012bdainu un koptu<br data-start=\"1544\" data-end=\"1547\" \/>\u2714\ufe0f Piem\u0113rots \u0101das sagatavo\u0161anai iedegumam<\/p>\n","protected":false},"featured_media":63734,"template":"","meta":[],"pwb-brand":[1245],"product_brand":[],"product_cat":[757],"product_tag":[],"giftcard-category":[],"class_list":{"0":"post-72696","1":"product","2":"type-product","3":"status-publish","4":"has-post-thumbnail","6":"pwb-brand-marini-skinsolutions","7":"product_cat-kermena-kopsana","9":"first","10":"instock","11":"sale","12":"taxable","13":"shipping-taxable","14":"purchasable","15":"product-type-simple"},"acf":[],"brands":[{"id":1245,"name":"Marini SkinSolutions","slug":"marini-skinsolutions"}],"_links":{"self":[{"href":"https:\/\/skinstudio.ee\/lv\/wp-json\/wp\/v2\/product\/72696","targetHints":{"allow":["GET"]}}],"collection":[{"href":"https:\/\/skinstudio.ee\/lv\/wp-json\/wp\/v2\/product"}],"about":[{"href":"https:\/\/skinstudio.ee\/lv\/wp-json\/wp\/v2\/types\/product"}],"version-history":[{"count":1,"href":"https:\/\/skinstudio.ee\/lv\/wp-json\/wp\/v2\/product\/72696\/revisions"}],"predecessor-version":[{"id":72698,"href":"https:\/\/skinstudio.ee\/lv\/wp-json\/wp\/v2\/product\/72696\/revisions\/72698"}],"wp:featuredmedia":[{"embeddable":true,"href":"https:\/\/skinstudio.ee\/lv\/wp-json\/wp\/v2\/media\/63734"}],"wp:attachment":[{"href":"https:\/\/skinstudio.ee\/lv\/wp-json\/wp\/v2\/media?parent=72696"}],"wp:term":[{"taxonomy":"pwb-brand","embeddable":true,"href":"https:\/\/skinstudio.ee\/lv\/wp-json\/wp\/v2\/pwb-brand?post=72696"},{"taxonomy":"product_brand","embeddable":true,"href":"https:\/\/skinstudio.ee\/lv\/wp-json\/wp\/v2\/product_brand?post=72696"},{"taxonomy":"product_cat","embeddable":true,"href":"https:\/\/skinstudio.ee\/lv\/wp-json\/wp\/v2\/product_cat?post=72696"},{"taxonomy":"product_tag","embeddable":true,"href":"https:\/\/skinstudio.ee\/lv\/wp-json\/wp\/v2\/product_tag?post=72696"},{"taxonomy":"giftcard-category","embeddable":true,"href":"https:\/\/skinstudio.ee\/lv\/wp-json\/wp\/v2\/giftcard-category?post=72696"}],"curies":[{"name":"wp","href":"https:\/\/api.w.org\/{rel}","templated":true}]}}