{"id":72706,"date":"2024-01-19T16:57:02","date_gmt":"2024-01-19T16:57:02","guid":{"rendered":"https:\/\/skinstudio.ee\/?post_type=product&#038;p=72706"},"modified":"2026-01-22T09:16:00","modified_gmt":"2026-01-22T09:16:00","slug":"cellulitx-cellulite-cream","status":"publish","type":"product","link":"https:\/\/skinstudio.ee\/lv\/catalog\/jan-marini-lv\/cellulitx-cellulite-cream\/","title":{"rendered":"Cellulitx Cellulite Cream"},"content":{"rendered":"<p data-start=\"177\" data-end=\"418\">Cellulitx Cellulite Cream ir profesion\u0101ls \u0137erme\u0146a kop\u0161anas l\u012bdzeklis, kas paredz\u0113ts \u0101das tvirtuma uzlabo\u0161anai un celul\u012bta redzam\u012bbas samazin\u0101\u0161anai. Formula ir v\u0113rsta uz nevienm\u0113r\u012bgu \u0101das tekst\u016bru, tonusa zudumu un \u0101das bl\u012bvuma samazin\u0101\u0161anos.<\/p>\n<p data-start=\"420\" data-end=\"567\">Regul\u0101ri lietojot, \u0101da k\u013c\u016bst glud\u0101ka, tvirt\u0101ka un stingr\u0101ka. Kr\u0113ms pal\u012bdz uzlabot problem\u0101tisko zonu izskatu un padara \u0101du vienm\u0113r\u012bg\u0101ku un kopt\u0101ku.<\/p>\n<p data-start=\"569\" data-end=\"602\"><strong data-start=\"569\" data-end=\"602\">Galven\u0101s akt\u012bv\u0101s sast\u0101vda\u013cas:<\/strong><\/p>\n<ul>\n<li data-start=\"604\" data-end=\"692\"><strong data-start=\"604\" data-end=\"619\">L-karnit\u012bns<\/strong> &#8211; pal\u012bdz aktiviz\u0113t tauku no\u0101rd\u012b\u0161anos un uzlabo \u0101das tvirtumu un bl\u012bvumu.<\/li>\n<li data-start=\"694\" data-end=\"798\"><strong data-start=\"694\" data-end=\"705\">Kofe\u012bns<\/strong> &#8211; stimul\u0113 mikrocirkul\u0101ciju un pal\u012bdz samazin\u0101t piet\u016bkuma un nevienm\u0113r\u012bgas tekst\u016bras izskatu.<\/li>\n<li data-start=\"800\" data-end=\"884\"><strong data-start=\"800\" data-end=\"815\">Aminofil\u012bns<\/strong> &#8211; uzlabo asinsriti un pal\u012bdz izl\u012bdzin\u0101t nevienm\u0113r\u012bgus \u0101das laukumus.<\/li>\n<li data-start=\"886\" data-end=\"975\"><strong data-start=\"886\" data-end=\"913\">Tripept\u012bds-41 (Lipoxyn)<\/strong> &#8211; pal\u012bdz ierobe\u017eot tauku uzkr\u0101\u0161anos un uzlabo \u0101das stingr\u012bbu.<\/li>\n<li data-start=\"977\" data-end=\"1049\"><strong data-start=\"977\" data-end=\"989\">Retinols<\/strong> &#8211; uzlabo \u0101das tekst\u016bru un veicina \u0101das gludumu un tvirtumu.<\/li>\n<\/ul>\n<p data-start=\"1051\" data-end=\"1126\">Piem\u0113rots \u0101dai ar redzamu celul\u012btu, nevienm\u0113r\u012bgu tekst\u016bru un tonusa zudumu.<\/p>\n<p data-start=\"1128\" data-end=\"1151\"><strong data-start=\"1128\" data-end=\"1140\">Tilpums:<\/strong> <strong data-start=\"1141\" data-end=\"1151\">119 ml<\/strong><\/p>\n","protected":false},"excerpt":{"rendered":"<p data-start=\"1303\" data-end=\"1338\">Pretcelul\u012bta liftinga \u0137erme\u0146a kr\u0113ms<\/p>\n<h2 data-start=\"1340\" data-end=\"1391\"><strong data-start=\"1340\" data-end=\"1391\">\u012apa\u0161\u012bbas Marini SkinSolutions &#8211; Cellulitx Cellulite Cream<\/strong><\/h2>\n<p data-start=\"1393\" data-end=\"1597\">\u2714\ufe0f Pal\u012bdz samazin\u0101t celul\u012bta redzam\u012bbu<br data-start=\"1431\" data-end=\"1434\" \/>\u2714\ufe0f Uzlabo \u0101das tvirtumu un bl\u012bvumu<br data-start=\"1468\" data-end=\"1471\" \/>\u2714\ufe0f Izl\u012bdzina un uzlabo \u0101das tekst\u016bru<br data-start=\"1507\" data-end=\"1510\" \/>\u2714\ufe0f Pal\u012bdz padar\u012bt \u0101du stingr\u0101ku un toniz\u0113t\u0101ku<br data-start=\"1555\" data-end=\"1558\" \/>\u2714\ufe0f Padara \u0101du vienm\u0113r\u012bg\u0101ku un kopt\u0101ku<\/p>\n","protected":false},"featured_media":75411,"template":"","meta":[],"pwb-brand":[1245],"product_brand":[],"product_cat":[757],"product_tag":[],"giftcard-category":[],"class_list":{"0":"post-72706","1":"product","2":"type-product","3":"status-publish","4":"has-post-thumbnail","6":"pwb-brand-jan-marini-lv","7":"product_cat-kermena-kopsana","9":"first","10":"instock","11":"taxable","12":"shipping-taxable","13":"purchasable","14":"product-type-simple"},"acf":[],"brands":[{"id":1245,"name":"Marini SkinSolutions","slug":"jan-marini-lv"}],"_links":{"self":[{"href":"https:\/\/skinstudio.ee\/lv\/wp-json\/wp\/v2\/product\/72706","targetHints":{"allow":["GET"]}}],"collection":[{"href":"https:\/\/skinstudio.ee\/lv\/wp-json\/wp\/v2\/product"}],"about":[{"href":"https:\/\/skinstudio.ee\/lv\/wp-json\/wp\/v2\/types\/product"}],"version-history":[{"count":3,"href":"https:\/\/skinstudio.ee\/lv\/wp-json\/wp\/v2\/product\/72706\/revisions"}],"predecessor-version":[{"id":75896,"href":"https:\/\/skinstudio.ee\/lv\/wp-json\/wp\/v2\/product\/72706\/revisions\/75896"}],"wp:featuredmedia":[{"embeddable":true,"href":"https:\/\/skinstudio.ee\/lv\/wp-json\/wp\/v2\/media\/75411"}],"wp:attachment":[{"href":"https:\/\/skinstudio.ee\/lv\/wp-json\/wp\/v2\/media?parent=72706"}],"wp:term":[{"taxonomy":"pwb-brand","embeddable":true,"href":"https:\/\/skinstudio.ee\/lv\/wp-json\/wp\/v2\/pwb-brand?post=72706"},{"taxonomy":"product_brand","embeddable":true,"href":"https:\/\/skinstudio.ee\/lv\/wp-json\/wp\/v2\/product_brand?post=72706"},{"taxonomy":"product_cat","embeddable":true,"href":"https:\/\/skinstudio.ee\/lv\/wp-json\/wp\/v2\/product_cat?post=72706"},{"taxonomy":"product_tag","embeddable":true,"href":"https:\/\/skinstudio.ee\/lv\/wp-json\/wp\/v2\/product_tag?post=72706"},{"taxonomy":"giftcard-category","embeddable":true,"href":"https:\/\/skinstudio.ee\/lv\/wp-json\/wp\/v2\/giftcard-category?post=72706"}],"curies":[{"name":"wp","href":"https:\/\/api.w.org\/{rel}","templated":true}]}}