{"id":72738,"date":"2024-01-19T16:49:55","date_gmt":"2024-01-19T16:49:55","guid":{"rendered":"https:\/\/skinstudio.ee\/?post_type=product&#038;p=72738"},"modified":"2026-01-22T09:16:46","modified_gmt":"2026-01-22T09:16:46","slug":"juveneck-neck-cream","status":"publish","type":"product","link":"https:\/\/skinstudio.ee\/lv\/catalog\/jan-marini-lv\/juveneck-neck-cream\/","title":{"rendered":"Juveneck Neck Cream"},"content":{"rendered":"<div class=\"woocommerce-product-details__short-description\">\n<p data-start=\"260\" data-end=\"574\"><strong data-start=\"260\" data-end=\"297\">Juveneck Neck Cream no Marini SkinSolutions<\/strong>\u00a0ir specializ\u0113ts liftinga kr\u0113ms kakla un dekolt\u0113 zonai, kas izstr\u0101d\u0101ts, lai uzlabotu \u0101das bl\u012bvumu, tvirtumu un vizu\u0101li izl\u012bdzin\u0101tu \u0101du \u0161aj\u0101 delik\u0101taj\u0101 zon\u0101. Kr\u0113ms pal\u012bdz padar\u012bt \u0101du glud\u0101ku, tvirt\u0101ku un kopt\u0101ku, samazina \u201cVen\u0113ras gredzenu\u201d redzam\u012bbu un uzlabo \u0101das kop\u0113jo toni.<\/p>\n<p data-start=\"576\" data-end=\"770\">Formula ir v\u0113rsta uz \u0101das matricas nostiprin\u0101\u0161anu, elast\u012bbas uzlabo\u0161anu un optim\u0101la mitruma l\u012bme\u0146a uztur\u0113\u0161anu. Regul\u0101ri lietojot, kakla un dekolt\u0113 \u0101da izskat\u0101s vienm\u0113r\u012bg\u0101ka, bl\u012bv\u0101ka un tvirt\u0101ka.<\/p>\n<p data-start=\"772\" data-end=\"795\"><strong data-start=\"772\" data-end=\"795\">Akt\u012bv\u0101s sast\u0101vda\u013cas<\/strong><\/p>\n<p data-start=\"797\" data-end=\"1243\"><strong data-start=\"797\" data-end=\"839\">Secale Cereale (rudzu) s\u0113klu ekstrakts<\/strong> &#8211; ierobe\u017eo \u0101das deform\u0101ciju un atbalsta liftinga efektu<br data-start=\"895\" data-end=\"898\" \/><strong data-start=\"898\" data-end=\"938\">Avena Sativa (auzu) graudu ekstrakts<\/strong> &#8211; veido uz \u0101das biolo\u0123isku pl\u0113vi un rada tvirtuma saj\u016btu<br data-start=\"995\" data-end=\"998\" \/><strong data-start=\"998\" data-end=\"1028\">DMAE (dimetilaminoetanols)<\/strong> &#8211; uztur \u0101das tonusu un padara \u0101du vizu\u0101li bl\u012bv\u0101ku<br data-start=\"1078\" data-end=\"1081\" \/><strong data-start=\"1081\" data-end=\"1105\">Acetil dekapept\u012bds-3<\/strong> &#8211; uzlabo \u0101das elast\u012bbu un pal\u012bdz samazin\u0101t grumbu redzam\u012bbu<br data-start=\"1165\" data-end=\"1168\" \/><strong data-start=\"1168\" data-end=\"1185\">Hialuronsk\u0101be<\/strong> &#8211; intens\u012bvi mitrina un pal\u012bdz \u0101dai izskat\u012bties glud\u0101kai<\/p>\n<p data-start=\"1245\" data-end=\"1386\">Kr\u0113ms ir piem\u0113rots kakla un dekolt\u0113 \u0101dai ar tvirtuma zuduma paz\u012bm\u0113m, \u0101das \u013cenganumu, \u201cVen\u0113ras gredzeniem\u201d, grumb\u0101m un nevienm\u0113r\u012bgu \u0101das toni.<\/p>\n<p data-start=\"1388\" data-end=\"1405\"><strong data-start=\"1388\" data-end=\"1400\">Tilpums:<\/strong> 48 g<\/p>\n<\/div>\n","protected":false},"excerpt":{"rendered":"<div class=\"wpb_text_column wpb_content_element \">\n<div class=\"wpb_wrapper\">\n<div class=\"product attribute overview\">\n<div class=\"value\">\n<p data-start=\"1527\" data-end=\"1558\">Kakla un dekolt\u0113 liftinga kr\u0113ms<\/p>\n<h2 data-start=\"1560\" data-end=\"1605\"><strong data-start=\"1560\" data-end=\"1605\">\u012apa\u0161\u012bbas Marini SkinSolutions &#8211; Juveneck Neck Cream<\/strong><\/h2>\n<p data-start=\"1607\" data-end=\"1809\">\u2714\ufe0f Uzlabo \u0101das tvirtumu un bl\u012bvumu<br data-start=\"1641\" data-end=\"1644\" \/>\u2714\ufe0f Padara \u0101du glud\u0101ku un stingr\u0101ku<br data-start=\"1678\" data-end=\"1681\" \/>\u2714\ufe0f Samazina \u201cVen\u0113ras gredzenu\u201d redzam\u012bbu<br data-start=\"1721\" data-end=\"1724\" \/>\u2714\ufe0f Izl\u012bdzina \u0101das toni un tekst\u016bru<br data-start=\"1758\" data-end=\"1761\" \/>\u2714\ufe0f Uzlabo kakla un dekolt\u0113 \u0101das kop\u0113jo izskatu<\/p>\n<\/div>\n<\/div>\n<\/div>\n<\/div>\n","protected":false},"featured_media":75442,"template":"","meta":[],"pwb-brand":[1245],"product_brand":[],"product_cat":[735,749],"product_tag":[],"giftcard-category":[],"class_list":{"0":"post-72738","1":"product","2":"type-product","3":"status-publish","4":"has-post-thumbnail","6":"pwb-brand-jan-marini-lv","7":"product_cat-dekolte-zona","8":"product_cat-novecojosa-ada","10":"first","11":"instock","12":"taxable","13":"shipping-taxable","14":"purchasable","15":"product-type-simple"},"acf":[],"brands":[{"id":1245,"name":"Marini SkinSolutions","slug":"jan-marini-lv"}],"_links":{"self":[{"href":"https:\/\/skinstudio.ee\/lv\/wp-json\/wp\/v2\/product\/72738","targetHints":{"allow":["GET"]}}],"collection":[{"href":"https:\/\/skinstudio.ee\/lv\/wp-json\/wp\/v2\/product"}],"about":[{"href":"https:\/\/skinstudio.ee\/lv\/wp-json\/wp\/v2\/types\/product"}],"version-history":[{"count":3,"href":"https:\/\/skinstudio.ee\/lv\/wp-json\/wp\/v2\/product\/72738\/revisions"}],"predecessor-version":[{"id":75899,"href":"https:\/\/skinstudio.ee\/lv\/wp-json\/wp\/v2\/product\/72738\/revisions\/75899"}],"wp:featuredmedia":[{"embeddable":true,"href":"https:\/\/skinstudio.ee\/lv\/wp-json\/wp\/v2\/media\/75442"}],"wp:attachment":[{"href":"https:\/\/skinstudio.ee\/lv\/wp-json\/wp\/v2\/media?parent=72738"}],"wp:term":[{"taxonomy":"pwb-brand","embeddable":true,"href":"https:\/\/skinstudio.ee\/lv\/wp-json\/wp\/v2\/pwb-brand?post=72738"},{"taxonomy":"product_brand","embeddable":true,"href":"https:\/\/skinstudio.ee\/lv\/wp-json\/wp\/v2\/product_brand?post=72738"},{"taxonomy":"product_cat","embeddable":true,"href":"https:\/\/skinstudio.ee\/lv\/wp-json\/wp\/v2\/product_cat?post=72738"},{"taxonomy":"product_tag","embeddable":true,"href":"https:\/\/skinstudio.ee\/lv\/wp-json\/wp\/v2\/product_tag?post=72738"},{"taxonomy":"giftcard-category","embeddable":true,"href":"https:\/\/skinstudio.ee\/lv\/wp-json\/wp\/v2\/giftcard-category?post=72738"}],"curies":[{"name":"wp","href":"https:\/\/api.w.org\/{rel}","templated":true}]}}