{"id":72760,"date":"2024-06-01T15:54:13","date_gmt":"2024-06-01T15:54:13","guid":{"rendered":"https:\/\/skinstudio.ee\/?post_type=product&#038;p=72760"},"modified":"2026-04-03T09:35:19","modified_gmt":"2026-04-03T09:35:19","slug":"stress-defence","status":"publish","type":"product","link":"https:\/\/skinstudio.ee\/lv\/catalog\/cellderma-lv\/stress-defence\/","title":{"rendered":"Stress Defence"},"content":{"rendered":"<p data-start=\"2718\" data-end=\"3020\">Stress Defence ir profesion\u0101ls aizsarg\u0101jo\u0161s sejas kr\u0113ms ar \u012bpa\u0161i vieglu tekst\u016bru, kas izstr\u0101d\u0101ts taukainai, problem\u0101tiskai un uz iekaisumiem tend\u0113tai \u0101dai. L\u012bdzeklis \u0101tri ies\u016bcas, neatst\u0101j smaguma saj\u016btu uz \u0101das un nodro\u0161ina vienm\u0113r\u012bgu mat\u0113tu fini\u0161u, padarot to par lielisku dienas kr\u0113mu un grima b\u0101zi.<\/p>\n<p data-start=\"3022\" data-end=\"3366\">Formula apvieno augu izcelsmes skval\u0101nu, jojobas un apriko\u017eu kauli\u0146u e\u013c\u013cu, k\u0101 ar\u012b br\u016bno a\u013c\u0123u ekstraktus, kas pal\u012bdz nomierin\u0101t \u0101du, samazin\u0101t aps\u0101rtumu un uztur\u0113t \u0101das aizsargfunkcijas. Kr\u0113ms pal\u012bdz saglab\u0101t \u0101das l\u012bdzsvaru un aizsarg\u0101 to no ikdienas stresa un apk\u0101rt\u0113j\u0101s vides nelabv\u0113l\u012bgajiem faktoriem, nodro\u0161inot komfortu visas dienas garum\u0101.<\/p>\n<p data-start=\"3368\" data-end=\"3392\"><strong data-start=\"3368\" data-end=\"3392\">Akt\u012bv\u0101s sast\u0101vda\u013cas:<\/strong><\/p>\n<ul>\n<li data-start=\"3394\" data-end=\"3734\"><strong data-start=\"3394\" data-end=\"3457\">Br\u016bno a\u013c\u0123u ekstrakti (Ascophyllum Nodosum, Fucus Serratus):<\/strong> pal\u012bdz nomierin\u0101t \u0101du, samazin\u0101t aps\u0101rtumu un uztur\u0113t t\u0101s aizsargfunkcijas.<\/li>\n<li data-start=\"3394\" data-end=\"3734\"><strong data-start=\"3536\" data-end=\"3564\">Augu izcelsmes skval\u0101ns:<\/strong> atbalsta \u0101das aizsargbarjeru un pal\u012bdz nov\u0113rst mitruma zudumu, nep\u0101rslogojot \u0101du.<\/li>\n<li data-start=\"3394\" data-end=\"3734\"><strong data-start=\"3649\" data-end=\"3672\">Sodium Hyaluronate:<\/strong> pal\u012bdz uztur\u0113t optim\u0101lu \u0101das mitrin\u0101\u0161anas l\u012bmeni un komfortu.<\/li>\n<\/ul>\n<p data-start=\"3736\" data-end=\"3920\">Kr\u0113ms ir piem\u0113rots ikdienas lieto\u0161anai, nep\u0101rslogo \u0101du un neveicina izsitumu veido\u0161anos. Ieteicams taukainai, kombin\u0113tai un problem\u0101tiskai \u0101dai, k\u0101 ar\u012b \u0101dai ar noslieci uz iekaisumiem.<\/p>\n<p data-start=\"3922\" data-end=\"3940\"><strong data-start=\"3922\" data-end=\"3934\">Tilpums:<\/strong> 30 ml<\/p>\n","protected":false},"excerpt":{"rendered":"<p data-start=\"1084\" data-end=\"1135\">Aizsarg\u0101jo\u0161s kr\u0113ms taukainai un problem\u0101tiskai \u0101dai<\/p>\n<h2 data-start=\"1137\" data-end=\"1176\"><strong data-start=\"1137\" data-end=\"1176\">\u012apa\u0161\u012bbas CELLDERMA &#8211; Stress Defence<\/strong><\/h2>\n<p data-start=\"1178\" data-end=\"1442\">\u2714\ufe0f Nomierina \u0101du un samazina aps\u0101rtuma izteikt\u012bbu<br data-start=\"1227\" data-end=\"1230\" \/>\u2714\ufe0f Nodro\u0161ina mat\u0113jo\u0161u efektu bez sausuma saj\u016btas<br data-start=\"1278\" data-end=\"1281\" \/>\u2714\ufe0f Aizsarg\u0101 \u0101du no agres\u012bviem apk\u0101rt\u0113j\u0101s vides faktoriem<br data-start=\"1337\" data-end=\"1340\" \/>\u2714\ufe0f Uztur \u0101das l\u012bdzsvaru un samazina iekaisumu risku<br data-start=\"1391\" data-end=\"1394\" \/>\u2714\ufe0f Viegl\u0101 tekst\u016bra, ide\u0101li piem\u0113rota zem grima<\/p>\n","protected":false},"featured_media":72761,"template":"","meta":[],"pwb-brand":[1209],"product_brand":[],"product_cat":[745,737,747],"product_tag":[],"giftcard-category":[],"class_list":{"0":"post-72760","1":"product","2":"type-product","3":"status-publish","4":"has-post-thumbnail","6":"pwb-brand-cellderma-lv","7":"product_cat-jutigai-adai","8":"product_cat-mitrinasana","9":"product_cat-taukainai-adai","11":"first","12":"instock","13":"taxable","14":"shipping-taxable","15":"purchasable","16":"product-type-simple"},"acf":[],"brands":[{"id":1209,"name":"CellDerma","slug":"cellderma-lv"}],"_links":{"self":[{"href":"https:\/\/skinstudio.ee\/lv\/wp-json\/wp\/v2\/product\/72760","targetHints":{"allow":["GET"]}}],"collection":[{"href":"https:\/\/skinstudio.ee\/lv\/wp-json\/wp\/v2\/product"}],"about":[{"href":"https:\/\/skinstudio.ee\/lv\/wp-json\/wp\/v2\/types\/product"}],"version-history":[{"count":2,"href":"https:\/\/skinstudio.ee\/lv\/wp-json\/wp\/v2\/product\/72760\/revisions"}],"predecessor-version":[{"id":72812,"href":"https:\/\/skinstudio.ee\/lv\/wp-json\/wp\/v2\/product\/72760\/revisions\/72812"}],"wp:featuredmedia":[{"embeddable":true,"href":"https:\/\/skinstudio.ee\/lv\/wp-json\/wp\/v2\/media\/72761"}],"wp:attachment":[{"href":"https:\/\/skinstudio.ee\/lv\/wp-json\/wp\/v2\/media?parent=72760"}],"wp:term":[{"taxonomy":"pwb-brand","embeddable":true,"href":"https:\/\/skinstudio.ee\/lv\/wp-json\/wp\/v2\/pwb-brand?post=72760"},{"taxonomy":"product_brand","embeddable":true,"href":"https:\/\/skinstudio.ee\/lv\/wp-json\/wp\/v2\/product_brand?post=72760"},{"taxonomy":"product_cat","embeddable":true,"href":"https:\/\/skinstudio.ee\/lv\/wp-json\/wp\/v2\/product_cat?post=72760"},{"taxonomy":"product_tag","embeddable":true,"href":"https:\/\/skinstudio.ee\/lv\/wp-json\/wp\/v2\/product_tag?post=72760"},{"taxonomy":"giftcard-category","embeddable":true,"href":"https:\/\/skinstudio.ee\/lv\/wp-json\/wp\/v2\/giftcard-category?post=72760"}],"curies":[{"name":"wp","href":"https:\/\/api.w.org\/{rel}","templated":true}]}}