{"id":72766,"date":"2024-05-29T13:20:36","date_gmt":"2024-05-29T13:20:36","guid":{"rendered":"https:\/\/skinstudio.ee\/?post_type=product&#038;p=72766"},"modified":"2026-04-03T09:35:19","modified_gmt":"2026-04-03T09:35:19","slug":"retin-ace","status":"publish","type":"product","link":"https:\/\/skinstudio.ee\/lv\/catalog\/cellderma-lv\/retin-ace\/","title":{"rendered":"Retin-ACE"},"content":{"rendered":"<p data-start=\"2606\" data-end=\"2937\">RETIN-ACE ir serums ar jaun\u0101s paaudzes retino\u012bdu Hydroxypinacolone Retinoate, kas izstr\u0101d\u0101ts noveco\u0161an\u0101s paz\u012bmju, aknes un nevienm\u0113r\u012bgas \u0101das tekst\u016bras korekcijai bez izteikta kairin\u0101juma un paaugstin\u0101tas fotosensitivit\u0101tes. Formula apvieno augstu efektivit\u0101ti ar labu panesam\u012bbu, t\u0101p\u0113c l\u012bdzeklis ir piem\u0113rots regul\u0101rai lieto\u0161anai.<\/p>\n<p data-start=\"2939\" data-end=\"3248\">Hydroxypinacolone Retinoate iedarbojas tie\u0161i uz retino\u012bnsk\u0101bes receptoriem un nodro\u0161ina rezult\u0101tus, kas sal\u012bdzin\u0101mi ar 0,1% tretino\u012bnu, bet bez klasiskajam retinolam rakstur\u012bgaj\u0101m blakn\u0113m. Serums atbalsta \u0101das atjauno\u0161anos, pal\u012bdz izl\u012bdzin\u0101t \u0101das tekst\u016bru un samazina grumbu, iekaisumu un postaknes izpausmes.<\/p>\n<p data-start=\"3250\" data-end=\"3274\"><strong data-start=\"3250\" data-end=\"3274\">Akt\u012bv\u0101s sast\u0101vda\u013cas:<\/strong><\/p>\n<ul>\n<li data-start=\"3276\" data-end=\"3590\"><strong data-start=\"3276\" data-end=\"3308\">Hydroxypinacolone Retinoate:<\/strong> veicina \u0101das atjauno\u0161anos, uzlabo t\u0101s tekst\u016bru un pal\u012bdz mazin\u0101t noveco\u0161an\u0101s paz\u012bmes un akni.<\/li>\n<li data-start=\"3276\" data-end=\"3590\"><strong data-start=\"3405\" data-end=\"3418\">Skval\u0101ns:<\/strong> atbalsta \u0101das aizsargbarjeru un pal\u012bdz nov\u0113rst mitruma zudumu, nepadarot tekst\u016bru smagu.<\/li>\n<li data-start=\"3276\" data-end=\"3590\"><strong data-start=\"3510\" data-end=\"3525\">Bisabolols:<\/strong> pal\u012bdz nomierin\u0101t \u0101du un samazin\u0101t kairin\u0101juma un sausuma risku.<\/li>\n<\/ul>\n<p data-start=\"3592\" data-end=\"3783\">Serums ir piem\u0113rots regul\u0101rai lieto\u0161anai un var tikt izmantots ar\u012b \u0101dai ar noslieci uz akni. Viegl\u0101, nedaudz e\u013c\u013cain\u0101 tekst\u016bra ir komfortabla lieto\u0161an\u0101, un nekomedog\u0113n\u0101 formula nep\u0101rslogo \u0101du.<\/p>\n<p data-start=\"3785\" data-end=\"3803\"><strong data-start=\"3785\" data-end=\"3797\">Tilpums:<\/strong> 30 ml<\/p>\n","protected":false},"excerpt":{"rendered":"<p data-start=\"1291\" data-end=\"1326\">Serums ar jaun\u0101s paaudzes retino\u012bdu<\/p>\n<h2 data-start=\"1328\" data-end=\"1362\"><strong data-start=\"1328\" data-end=\"1362\">\u012apa\u0161\u012bbas CELLDERMA &#8211; RETIN-ACE<\/strong><\/h2>\n<p data-start=\"1364\" data-end=\"1626\">\u2714\ufe0f Stimul\u0113 \u0161\u016bnu atjauno\u0161anos un izl\u012bdzina \u0101das tekst\u016bru<br data-start=\"1419\" data-end=\"1422\" \/>\u2714\ufe0f Samazina grumbu izteikt\u012bbu un fotonoveco\u0161an\u0101s paz\u012bmes<br data-start=\"1478\" data-end=\"1481\" \/>\u2714\ufe0f Efekt\u012bvs aknes un postaknes gad\u012bjum\u0101<br data-start=\"1520\" data-end=\"1523\" \/>\u2714\ufe0f Nerada kairin\u0101jumu un nepalielina fotosensitivit\u0101ti<br data-start=\"1577\" data-end=\"1580\" \/>\u2714\ufe0f Piem\u0113rots visiem \u0101das tipiem, ar\u012b jut\u012bgai<\/p>\n","protected":false},"featured_media":72767,"template":"","meta":[],"pwb-brand":[1209],"product_brand":[],"product_cat":[727,723],"product_tag":[],"giftcard-category":[],"class_list":{"0":"post-72766","1":"product","2":"type-product","3":"status-publish","4":"has-post-thumbnail","6":"pwb-brand-cellderma-lv","7":"product_cat-a-vitamins-retinols","8":"product_cat-serumi","10":"first","11":"instock","12":"taxable","13":"shipping-taxable","14":"purchasable","15":"product-type-simple"},"acf":[],"brands":[{"id":1209,"name":"CellDerma","slug":"cellderma-lv"}],"_links":{"self":[{"href":"https:\/\/skinstudio.ee\/lv\/wp-json\/wp\/v2\/product\/72766","targetHints":{"allow":["GET"]}}],"collection":[{"href":"https:\/\/skinstudio.ee\/lv\/wp-json\/wp\/v2\/product"}],"about":[{"href":"https:\/\/skinstudio.ee\/lv\/wp-json\/wp\/v2\/types\/product"}],"version-history":[{"count":2,"href":"https:\/\/skinstudio.ee\/lv\/wp-json\/wp\/v2\/product\/72766\/revisions"}],"predecessor-version":[{"id":72817,"href":"https:\/\/skinstudio.ee\/lv\/wp-json\/wp\/v2\/product\/72766\/revisions\/72817"}],"wp:featuredmedia":[{"embeddable":true,"href":"https:\/\/skinstudio.ee\/lv\/wp-json\/wp\/v2\/media\/72767"}],"wp:attachment":[{"href":"https:\/\/skinstudio.ee\/lv\/wp-json\/wp\/v2\/media?parent=72766"}],"wp:term":[{"taxonomy":"pwb-brand","embeddable":true,"href":"https:\/\/skinstudio.ee\/lv\/wp-json\/wp\/v2\/pwb-brand?post=72766"},{"taxonomy":"product_brand","embeddable":true,"href":"https:\/\/skinstudio.ee\/lv\/wp-json\/wp\/v2\/product_brand?post=72766"},{"taxonomy":"product_cat","embeddable":true,"href":"https:\/\/skinstudio.ee\/lv\/wp-json\/wp\/v2\/product_cat?post=72766"},{"taxonomy":"product_tag","embeddable":true,"href":"https:\/\/skinstudio.ee\/lv\/wp-json\/wp\/v2\/product_tag?post=72766"},{"taxonomy":"giftcard-category","embeddable":true,"href":"https:\/\/skinstudio.ee\/lv\/wp-json\/wp\/v2\/giftcard-category?post=72766"}],"curies":[{"name":"wp","href":"https:\/\/api.w.org\/{rel}","templated":true}]}}