{"id":72772,"date":"2024-05-29T13:15:55","date_gmt":"2024-05-29T13:15:55","guid":{"rendered":"https:\/\/skinstudio.ee\/?post_type=product&#038;p=72772"},"modified":"2026-04-03T09:35:19","modified_gmt":"2026-04-03T09:35:19","slug":"pigment-correct","status":"publish","type":"product","link":"https:\/\/skinstudio.ee\/lv\/catalog\/cellderma-lv\/pigment-correct\/","title":{"rendered":"Pigment Correct"},"content":{"rendered":"<p data-start=\"2642\" data-end=\"2972\">Pigment Correct ir augstas efektivit\u0101tes serums, kas izstr\u0101d\u0101ts jebk\u0101das izcelsmes hiperpigment\u0101cijas korekcijai, tostarp p\u0113ciekaisuma pigment\u0101cijas un hormon\u0101li izrais\u012btas melazmas gad\u012bjum\u0101. Formula ir v\u0113rsta uz pigmenta plankumu izgaismo\u0161anu un \u0101das to\u0146a izl\u012bdzin\u0101\u0161anu, vienlaikus saglab\u0101jot saudz\u012bgu un labi panesamu iedarb\u012bbu.<\/p>\n<p data-start=\"2974\" data-end=\"3229\">Serums pal\u012bdz samazin\u0101t eso\u0161\u0101s pigment\u0101cijas intensit\u0101ti, uzlabot \u0101das kop\u0113jo toni un nov\u0113rst jaunu pigmenta plankumu veido\u0161anos. Viegl\u0101 g\u0113la tekst\u016bra \u0101tri ies\u016bcas, neatst\u0101j lip\u012bgumu un neveido pl\u0113vi, padarot lieto\u0161anu komfortablu gan no r\u012bta, gan vakar\u0101.<\/p>\n<p data-start=\"3231\" data-end=\"3255\"><strong data-start=\"3231\" data-end=\"3255\">Akt\u012bv\u0101s sast\u0101vda\u013cas:<\/strong><\/p>\n<ul>\n<li data-start=\"3257\" data-end=\"3582\"><strong data-start=\"3257\" data-end=\"3270\">Kojsk\u0101be:<\/strong> pal\u012bdz izgaismot pigmenta plankumus un samazin\u0101t hiperpigment\u0101cijas izpausmes.<\/li>\n<li data-start=\"3257\" data-end=\"3582\"><strong data-start=\"3352\" data-end=\"3400\">L\u0101cenes ekstrakts (Arctostaphylos Uva Ursi):<\/strong> pal\u012bdz izl\u012bdzin\u0101t \u0101das toni un samazin\u0101t pigment\u0101cijas redzam\u012bbu.<\/li>\n<li data-start=\"3257\" data-end=\"3582\"><strong data-start=\"3469\" data-end=\"3487\">Nonapept\u012bds-1:<\/strong> iedarbojas uz melan\u012bna veido\u0161an\u0101s procesiem un pal\u012bdz nov\u0113rst jaunu pigmenta plankumu ra\u0161anos.<\/li>\n<\/ul>\n<p data-start=\"3584\" data-end=\"3777\">Serums ir piem\u0113rots regul\u0101rai lieto\u0161anai, tostarp \u0101dai ar noslieci uz iekaisumiem un postakni. To var lietot gan no r\u012bta, gan vakar\u0101, un tas ir piem\u0113rots norm\u0101lai, kombin\u0113tai un taukainai \u0101dai.<\/p>\n<p data-start=\"3779\" data-end=\"3797\"><strong data-start=\"3779\" data-end=\"3791\">Tilpums:<\/strong> 30 ml<\/p>\n","protected":false},"excerpt":{"rendered":"<p data-start=\"1371\" data-end=\"1426\">Serums pret hiperpigment\u0101ciju un nevienm\u0113r\u012bgu \u0101das toni<\/p>\n<h2 data-start=\"1428\" data-end=\"1468\"><strong data-start=\"1428\" data-end=\"1468\">\u012apa\u0161\u012bbas CELLDERMA &#8211; Pigment Correct<\/strong><\/h2>\n<p data-start=\"1470\" data-end=\"1756\">\u2714\ufe0f Efekt\u012bvi samazina hiperpigment\u0101cijas un melazmas izteikt\u012bbu<br data-start=\"1532\" data-end=\"1535\" \/>\u2714\ufe0f Izl\u012bdzina \u0101das toni un izgaismo pigmenta plankumus<br data-start=\"1588\" data-end=\"1591\" \/>\u2714\ufe0f Nov\u0113r\u0161 jaunas pigment\u0101cijas par\u0101d\u012b\u0161anos<br data-start=\"1633\" data-end=\"1636\" \/>\u2714\ufe0f Piem\u0113rots \u0101dai ar noslieci uz iekaisumiem un postakni<br data-start=\"1692\" data-end=\"1695\" \/>\u2714\ufe0f Nekairina \u0101du un piem\u0113rots gan r\u012bta, gan vakara kop\u0161anai<\/p>\n","protected":false},"featured_media":72773,"template":"","meta":[],"pwb-brand":[1209],"product_brand":[],"product_cat":[751,723],"product_tag":[],"giftcard-category":[],"class_list":{"0":"post-72772","1":"product","2":"type-product","3":"status-publish","4":"has-post-thumbnail","6":"pwb-brand-cellderma-lv","7":"product_cat-pigmentacija-lv","8":"product_cat-serumi","10":"first","11":"instock","12":"taxable","13":"shipping-taxable","14":"purchasable","15":"product-type-simple"},"acf":[],"brands":[{"id":1209,"name":"CellDerma","slug":"cellderma-lv"}],"_links":{"self":[{"href":"https:\/\/skinstudio.ee\/lv\/wp-json\/wp\/v2\/product\/72772","targetHints":{"allow":["GET"]}}],"collection":[{"href":"https:\/\/skinstudio.ee\/lv\/wp-json\/wp\/v2\/product"}],"about":[{"href":"https:\/\/skinstudio.ee\/lv\/wp-json\/wp\/v2\/types\/product"}],"version-history":[{"count":2,"href":"https:\/\/skinstudio.ee\/lv\/wp-json\/wp\/v2\/product\/72772\/revisions"}],"predecessor-version":[{"id":72822,"href":"https:\/\/skinstudio.ee\/lv\/wp-json\/wp\/v2\/product\/72772\/revisions\/72822"}],"wp:featuredmedia":[{"embeddable":true,"href":"https:\/\/skinstudio.ee\/lv\/wp-json\/wp\/v2\/media\/72773"}],"wp:attachment":[{"href":"https:\/\/skinstudio.ee\/lv\/wp-json\/wp\/v2\/media?parent=72772"}],"wp:term":[{"taxonomy":"pwb-brand","embeddable":true,"href":"https:\/\/skinstudio.ee\/lv\/wp-json\/wp\/v2\/pwb-brand?post=72772"},{"taxonomy":"product_brand","embeddable":true,"href":"https:\/\/skinstudio.ee\/lv\/wp-json\/wp\/v2\/product_brand?post=72772"},{"taxonomy":"product_cat","embeddable":true,"href":"https:\/\/skinstudio.ee\/lv\/wp-json\/wp\/v2\/product_cat?post=72772"},{"taxonomy":"product_tag","embeddable":true,"href":"https:\/\/skinstudio.ee\/lv\/wp-json\/wp\/v2\/product_tag?post=72772"},{"taxonomy":"giftcard-category","embeddable":true,"href":"https:\/\/skinstudio.ee\/lv\/wp-json\/wp\/v2\/giftcard-category?post=72772"}],"curies":[{"name":"wp","href":"https:\/\/api.w.org\/{rel}","templated":true}]}}