{"id":72778,"date":"2024-05-29T11:50:39","date_gmt":"2024-05-29T11:50:39","guid":{"rendered":"https:\/\/skinstudio.ee\/?post_type=product&#038;p=72778"},"modified":"2026-04-03T09:35:19","modified_gmt":"2026-04-03T09:35:19","slug":"pha-renewal-scrub","status":"publish","type":"product","link":"https:\/\/skinstudio.ee\/lv\/catalog\/cellderma-lv\/pha-renewal-scrub\/","title":{"rendered":"PHA Renewal Scrub"},"content":{"rendered":"<p data-start=\"2471\" data-end=\"2768\">PHA Renewal Scrub ir profesion\u0101ls atjaunojo\u0161s skrubis ar polihidroksisk\u0101b\u0113m (PHA), kas izstr\u0101d\u0101ts maigai, bet efekt\u012bvai eksfoli\u0101cijai bez kairin\u0101juma un \u0101das aizsargbarjeras boj\u0101\u0161anas. Formula apvieno saudz\u012bgu meh\u0101nisko un sk\u0101bju p\u012blingu, padarot \u0101du glud\u0101ku, svaig\u0101ku un ar vienm\u0113r\u012bg\u0101ku tekst\u016bru.<\/p>\n<p data-start=\"2770\" data-end=\"3009\">Skrubis efekt\u012bvi no\u0146em atmiru\u0161\u0101s \u0101das \u0161\u016bnas, uzlabo \u0101das toni un reljefu, k\u0101 ar\u012b sagatavo \u0101du turpm\u0101kajiem kop\u0161anas posmiem. Pateicoties PHA sk\u0101b\u0113m, tas darbojas maigi un ir piem\u0113rots ar\u012b jut\u012bgai \u0101dai, neradot sausuma vai savilkuma saj\u016btu.<\/p>\n<p data-start=\"3011\" data-end=\"3035\"><strong data-start=\"3011\" data-end=\"3035\">Akt\u012bv\u0101s sast\u0101vda\u013cas:<\/strong><\/p>\n<ul>\n<li data-start=\"3037\" data-end=\"3350\"><strong data-start=\"3037\" data-end=\"3068\">Gluconolactone (PHA sk\u0101be):<\/strong> nodro\u0161ina maigu \u0137\u012bmisko eksfoli\u0101ciju, veicina \u0101das atjauno\u0161anos un pal\u012bdz saglab\u0101t mitrumu.<\/li>\n<li data-start=\"3037\" data-end=\"3350\"><strong data-start=\"3163\" data-end=\"3181\">Jojoba esteri:<\/strong> nodro\u0161ina saudz\u012bgu meh\u0101nisko eksfoli\u0101ciju un padara \u0101du glud\u0101ku un maig\u0101ku.<\/li>\n<li data-start=\"3037\" data-end=\"3350\"><strong data-start=\"3260\" data-end=\"3295\">Upenes pulveris (Ribes Nigrum):<\/strong> pal\u012bdz nopul\u0113t \u0101du un uzlabot t\u0101s tekst\u016bru un izskatu.<\/li>\n<\/ul>\n<p data-start=\"3352\" data-end=\"3511\">Skrubis ir piem\u0113rots regul\u0101rai lieto\u0161anai un norm\u0101lai, kombin\u0113tai un jut\u012bgai \u0101dai. Maig\u0101 formula att\u012bra komfortabli, neradot p\u0101rm\u0113r\u012bgu sausumu vai kairin\u0101jumu.<\/p>\n<p data-start=\"3513\" data-end=\"3530\"><strong data-start=\"3513\" data-end=\"3525\">Tilpums:<\/strong> 50 g<\/p>\n","protected":false},"excerpt":{"rendered":"<p data-start=\"1102\" data-end=\"1135\">Atjaunojo\u0161s skrubis ar PHA sk\u0101b\u0113m<\/p>\n<h2 data-start=\"1137\" data-end=\"1179\"><strong data-start=\"1137\" data-end=\"1179\">\u012apa\u0161\u012bbas CELLDERMA &#8211; PHA Renewal Scrub<\/strong><\/h2>\n<p data-start=\"1181\" data-end=\"1413\">\u2714\ufe0f Maigi eksfoli\u0113 un atjauno \u0101du bez kairin\u0101juma<br data-start=\"1229\" data-end=\"1232\" \/>\u2714\ufe0f Izl\u012bdzina tekst\u016bru un uzlabo \u0101das reljefu<br data-start=\"1276\" data-end=\"1279\" \/>\u2714\ufe0f Uzlabo \u0101das toni un pie\u0161\u0137ir mirdzumu<br data-start=\"1318\" data-end=\"1321\" \/>\u2714\ufe0f Pal\u012bdz uztur\u0113t \u0101das mitrin\u0101\u0161anas l\u012bmeni<br data-start=\"1363\" data-end=\"1366\" \/>\u2714\ufe0f Sagatavo \u0101du turpm\u0101kajiem kop\u0161anas posmiem<\/p>\n","protected":false},"featured_media":72779,"template":"","meta":[],"pwb-brand":[1209],"product_brand":[],"product_cat":[739,719],"product_tag":[],"giftcard-category":[],"class_list":{"0":"post-72778","1":"product","2":"type-product","3":"status-publish","4":"has-post-thumbnail","6":"pwb-brand-cellderma-lv","7":"product_cat-sausai-adai","8":"product_cat-skrubji-un-pilingi","10":"first","11":"instock","12":"taxable","13":"shipping-taxable","14":"purchasable","15":"product-type-simple"},"acf":[],"brands":[{"id":1209,"name":"CellDerma","slug":"cellderma-lv"}],"_links":{"self":[{"href":"https:\/\/skinstudio.ee\/lv\/wp-json\/wp\/v2\/product\/72778","targetHints":{"allow":["GET"]}}],"collection":[{"href":"https:\/\/skinstudio.ee\/lv\/wp-json\/wp\/v2\/product"}],"about":[{"href":"https:\/\/skinstudio.ee\/lv\/wp-json\/wp\/v2\/types\/product"}],"version-history":[{"count":2,"href":"https:\/\/skinstudio.ee\/lv\/wp-json\/wp\/v2\/product\/72778\/revisions"}],"predecessor-version":[{"id":72827,"href":"https:\/\/skinstudio.ee\/lv\/wp-json\/wp\/v2\/product\/72778\/revisions\/72827"}],"wp:featuredmedia":[{"embeddable":true,"href":"https:\/\/skinstudio.ee\/lv\/wp-json\/wp\/v2\/media\/72779"}],"wp:attachment":[{"href":"https:\/\/skinstudio.ee\/lv\/wp-json\/wp\/v2\/media?parent=72778"}],"wp:term":[{"taxonomy":"pwb-brand","embeddable":true,"href":"https:\/\/skinstudio.ee\/lv\/wp-json\/wp\/v2\/pwb-brand?post=72778"},{"taxonomy":"product_brand","embeddable":true,"href":"https:\/\/skinstudio.ee\/lv\/wp-json\/wp\/v2\/product_brand?post=72778"},{"taxonomy":"product_cat","embeddable":true,"href":"https:\/\/skinstudio.ee\/lv\/wp-json\/wp\/v2\/product_cat?post=72778"},{"taxonomy":"product_tag","embeddable":true,"href":"https:\/\/skinstudio.ee\/lv\/wp-json\/wp\/v2\/product_tag?post=72778"},{"taxonomy":"giftcard-category","embeddable":true,"href":"https:\/\/skinstudio.ee\/lv\/wp-json\/wp\/v2\/giftcard-category?post=72778"}],"curies":[{"name":"wp","href":"https:\/\/api.w.org\/{rel}","templated":true}]}}